{"id":3327,"date":"2025-06-15T17:52:34","date_gmt":"2025-06-15T15:52:34","guid":{"rendered":"https:\/\/stomamedical.es\/?page_id=3327"},"modified":"2025-06-15T17:55:04","modified_gmt":"2025-06-15T15:55:04","slug":"cita-con-lipidologia","status":"publish","type":"page","link":"https:\/\/stomamedical.es\/es\/cita-con-lipidologia","title":{"rendered":"Cita con Lipidologia"},"content":{"rendered":"\n\n\t<h3><b>Bienvenido a la Consulta de L\u00edpidos<\/b><\/h3>\n<p>Si desea ser atendido en nuestra Cl\u00ednica de L\u00edpidos, esto es lo que necesita saber:<\/p>\n<p><b><img loading=\"lazy\" decoding=\"async\" src=\"https:\/\/stomamedical.es\/wp-content\/uploads\/international-preventive-medicine-center-300x110.jpg\" alt=\"Centro Internacional de Medicina Preventiva\" width=\"351\" height=\"129\" \/>C\u00f3mo programar una cita: <\/b>Puede programar una cita contact\u00e1ndonos en l\u00ednea, por WhatsApp o por tel\u00e9fono.<\/p>\n<p><b>Su primera visita: <\/b>Por favor, traiga toda la informaci\u00f3n sobre su salud card\u00edaca, como resultados de pruebas, notas m\u00e9dicas y detalles sobre el historial m\u00e9dico de su familia. Si ha habido alg\u00fan cambio en la salud de su familia, inf\u00f3rmenos.<\/p>\n<p><b>C\u00f3mo enviar su informaci\u00f3n m\u00e9dica: <\/b>Si lo desea, puede enviar su informaci\u00f3n m\u00e9dica por correo electr\u00f3nico a stoma@drstoma.com antes de su primera visita. De lo contrario, simplemente tr\u00e1igala consigo.<\/p>\n<p><b>An\u00e1lisis de laboratorio:\u00a0<\/b>Si necesita un an\u00e1lisis de sangre, por favor venga en ayunas (a menos que le indiquemos lo contrario). <\/p>\n<p>Puede beber agua antes.<\/p>\n<p>Los resultados de laboratorio suelen tardar 2 d\u00edas o m\u00e1s, dependiendo del an\u00e1lisis.<\/p>\n<p>Por favor, regrese para hablar sobre sus resultados con nosotros.<\/p>\n<p><b>Seguimiento:\u00a0<\/b>Despu\u00e9s de comenzar o ajustar su tratamiento de l\u00edpidos, generalmente revisamos su eficacia en 4 a 6 semanas.\u00a0<\/p>\n<p><b>Preguntas:\u00a0<\/b>Si tiene alguna pregunta sobre lipidolog\u00eda, escriba a stoma@drstoma.com.<\/p>\n<p>Para preguntas generales o para contactar con nuestra oficina, escriba a <a href=\"mailto:info@drstoma.com\">info@drstoma.com<\/a>.<\/p>\n<p><b>Traiga sus preguntas:\u00a0<\/b>Anote cualquier pregunta o inquietud que tenga sobre su colesterol o salud card\u00edaca para que pueda comentarla con su m\u00e9dico.<\/p>\n<p><a href=\"https:\/\/stomamedical.es\/es\/consulta-de-lipidologia\">Consulta de LIPIDOLOG\u00cdA<\/a><\/p>\n<p><a href=\"https:\/\/stomamedical.es\/es\/lipidologia\">Lipidolog\u00eda<\/a><\/p>\n<p><a href=\"https:\/\/stomamedical.es\/es\/la-lpa\">La Lp(a)<\/a><\/p>\n\n","protected":false},"excerpt":{"rendered":"<div class=\"entry-summary\">\n<div class=\"entry-summary\">\nBienvenido a la Consulta de L\u00edpidos Si desea ser atendido en nuestra Cl\u00ednica de L\u00edpidos, esto es lo&hellip;\n<\/div>\n<div class=\"link-more\"><a href=\"https:\/\/stomamedical.es\/es\/cita-con-lipidologia\" class=\"more-link\">Continue reading<span class=\"screen-reader-text\"> &ldquo;Cita con Lipidologia&rdquo;<\/span>&hellip;<\/a><\/div>\n<\/div>\n<div class=\"link-more\"><a href=\"https:\/\/stomamedical.es\/es\/cita-con-lipidologia\" class=\"more-link\">Continue reading<span class=\"screen-reader-text\"> &ldquo;Cita con Lipidologia&rdquo;<\/span>&hellip;<\/a><\/div>\n","protected":false},"author":4,"featured_media":0,"parent":0,"menu_order":0,"comment_status":"closed","ping_status":"closed","template":"","meta":{"footnotes":""},"class_list":["post-3327","page","type-page","status-publish","hentry","entry"],"yoast_head":"<!-- This site is optimized with the Yoast SEO plugin v24.7 - https:\/\/yoast.com\/wordpress\/plugins\/seo\/ -->\n<title>Cita con Lipidologia - DR. STOMA MEDICAL CENTER<\/title>\n<meta name=\"robots\" content=\"index, follow, max-snippet:-1, max-image-preview:large, max-video-preview:-1\" \/>\n<link rel=\"canonical\" href=\"https:\/\/stomamedical.es\/es\/cita-con-lipidologia\" \/>\n<meta property=\"og:locale\" content=\"es_ES\" \/>\n<meta property=\"og:type\" content=\"article\" \/>\n<meta property=\"og:title\" content=\"Cita con Lipidologia - DR. STOMA MEDICAL CENTER\" \/>\n<meta property=\"og:description\" content=\"Bienvenido a la Consulta de L\u00edpidos Si desea ser atendido en nuestra Cl\u00ednica de L\u00edpidos, esto es lo&hellip; Continue reading &ldquo;Cita con Lipidologia&rdquo;&hellip;\" \/>\n<meta property=\"og:url\" content=\"https:\/\/stomamedical.es\/es\/cita-con-lipidologia\" \/>\n<meta property=\"og:site_name\" content=\"DR. STOMA MEDICAL CENTER\" \/>\n<meta property=\"article:modified_time\" content=\"2025-06-15T15:55:04+00:00\" \/>\n<meta property=\"og:image\" content=\"https:\/\/stomamedical.es\/wp-content\/uploads\/international-preventive-medicine-center-300x110.jpg\" \/>\n<meta name=\"twitter:card\" content=\"summary_large_image\" \/>\n<meta name=\"twitter:label1\" content=\"Tiempo de lectura\" \/>\n\t<meta name=\"twitter:data1\" content=\"1 minuto\" \/>\n<script type=\"application\/ld+json\" class=\"yoast-schema-graph\">{\"@context\":\"https:\/\/schema.org\",\"@graph\":[{\"@type\":\"WebPage\",\"@id\":\"https:\/\/stomamedical.es\/es\/cita-con-lipidologia\",\"url\":\"https:\/\/stomamedical.es\/es\/cita-con-lipidologia\",\"name\":\"Cita con Lipidologia - DR. STOMA MEDICAL CENTER\",\"isPartOf\":{\"@id\":\"https:\/\/stomamedical.es\/es#website\"},\"primaryImageOfPage\":{\"@id\":\"https:\/\/stomamedical.es\/es\/cita-con-lipidologia#primaryimage\"},\"image\":{\"@id\":\"https:\/\/stomamedical.es\/es\/cita-con-lipidologia#primaryimage\"},\"thumbnailUrl\":\"https:\/\/stomamedical.es\/wp-content\/uploads\/international-preventive-medicine-center-300x110.jpg\",\"datePublished\":\"2025-06-15T15:52:34+00:00\",\"dateModified\":\"2025-06-15T15:55:04+00:00\",\"breadcrumb\":{\"@id\":\"https:\/\/stomamedical.es\/es\/cita-con-lipidologia#breadcrumb\"},\"inLanguage\":\"es\",\"potentialAction\":[{\"@type\":\"ReadAction\",\"target\":[\"https:\/\/stomamedical.es\/es\/cita-con-lipidologia\"]}]},{\"@type\":\"ImageObject\",\"inLanguage\":\"es\",\"@id\":\"https:\/\/stomamedical.es\/es\/cita-con-lipidologia#primaryimage\",\"url\":\"https:\/\/stomamedical.es\/wp-content\/uploads\/international-preventive-medicine-center-300x110.jpg\",\"contentUrl\":\"https:\/\/stomamedical.es\/wp-content\/uploads\/international-preventive-medicine-center-300x110.jpg\"},{\"@type\":\"BreadcrumbList\",\"@id\":\"https:\/\/stomamedical.es\/es\/cita-con-lipidologia#breadcrumb\",\"itemListElement\":[{\"@type\":\"ListItem\",\"position\":1,\"name\":\"Home\",\"item\":\"https:\/\/stomamedical.es\/es\"},{\"@type\":\"ListItem\",\"position\":2,\"name\":\"Cita con Lipidologia\"}]},{\"@type\":\"WebSite\",\"@id\":\"https:\/\/stomamedical.es\/es#website\",\"url\":\"https:\/\/stomamedical.es\/es\",\"name\":\"DR. STOMA MEDICAL CENTER\",\"description\":\"INTERNATIONAL MEDICAL CENTER SPECIALIZED IN PREVENTIVE MEDICINE\",\"publisher\":{\"@id\":\"https:\/\/stomamedical.es\/es#organization\"},\"potentialAction\":[{\"@type\":\"SearchAction\",\"target\":{\"@type\":\"EntryPoint\",\"urlTemplate\":\"https:\/\/stomamedical.es\/es?s={search_term_string}\"},\"query-input\":{\"@type\":\"PropertyValueSpecification\",\"valueRequired\":true,\"valueName\":\"search_term_string\"}}],\"inLanguage\":\"es\"},{\"@type\":\"Organization\",\"@id\":\"https:\/\/stomamedical.es\/es#organization\",\"name\":\"DR. STOMA MEDICAL CENTER\",\"url\":\"https:\/\/stomamedical.es\/es\",\"logo\":{\"@type\":\"ImageObject\",\"inLanguage\":\"es\",\"@id\":\"https:\/\/stomamedical.es\/es#\/schema\/logo\/image\/\",\"url\":\"https:\/\/stomamedical.es\/wp-content\/uploads\/2023\/07\/logo-stoma-medical.png\",\"contentUrl\":\"https:\/\/stomamedical.es\/wp-content\/uploads\/2023\/07\/logo-stoma-medical.png\",\"width\":300,\"height\":91,\"caption\":\"DR. STOMA MEDICAL CENTER\"},\"image\":{\"@id\":\"https:\/\/stomamedical.es\/es#\/schema\/logo\/image\/\"}}]}<\/script>\n<!-- \/ Yoast SEO plugin. -->","yoast_head_json":{"title":"Cita con Lipidologia - DR. STOMA MEDICAL CENTER","robots":{"index":"index","follow":"follow","max-snippet":"max-snippet:-1","max-image-preview":"max-image-preview:large","max-video-preview":"max-video-preview:-1"},"canonical":"https:\/\/stomamedical.es\/es\/cita-con-lipidologia","og_locale":"es_ES","og_type":"article","og_title":"Cita con Lipidologia - DR. STOMA MEDICAL CENTER","og_description":"Bienvenido a la Consulta de L\u00edpidos Si desea ser atendido en nuestra Cl\u00ednica de L\u00edpidos, esto es lo&hellip; Continue reading &ldquo;Cita con Lipidologia&rdquo;&hellip;","og_url":"https:\/\/stomamedical.es\/es\/cita-con-lipidologia","og_site_name":"DR. STOMA MEDICAL CENTER","article_modified_time":"2025-06-15T15:55:04+00:00","og_image":[{"url":"https:\/\/stomamedical.es\/wp-content\/uploads\/international-preventive-medicine-center-300x110.jpg","type":"","width":"","height":""}],"twitter_card":"summary_large_image","twitter_misc":{"Tiempo de lectura":"1 minuto"},"schema":{"@context":"https:\/\/schema.org","@graph":[{"@type":"WebPage","@id":"https:\/\/stomamedical.es\/es\/cita-con-lipidologia","url":"https:\/\/stomamedical.es\/es\/cita-con-lipidologia","name":"Cita con Lipidologia - DR. STOMA MEDICAL CENTER","isPartOf":{"@id":"https:\/\/stomamedical.es\/es#website"},"primaryImageOfPage":{"@id":"https:\/\/stomamedical.es\/es\/cita-con-lipidologia#primaryimage"},"image":{"@id":"https:\/\/stomamedical.es\/es\/cita-con-lipidologia#primaryimage"},"thumbnailUrl":"https:\/\/stomamedical.es\/wp-content\/uploads\/international-preventive-medicine-center-300x110.jpg","datePublished":"2025-06-15T15:52:34+00:00","dateModified":"2025-06-15T15:55:04+00:00","breadcrumb":{"@id":"https:\/\/stomamedical.es\/es\/cita-con-lipidologia#breadcrumb"},"inLanguage":"es","potentialAction":[{"@type":"ReadAction","target":["https:\/\/stomamedical.es\/es\/cita-con-lipidologia"]}]},{"@type":"ImageObject","inLanguage":"es","@id":"https:\/\/stomamedical.es\/es\/cita-con-lipidologia#primaryimage","url":"https:\/\/stomamedical.es\/wp-content\/uploads\/international-preventive-medicine-center-300x110.jpg","contentUrl":"https:\/\/stomamedical.es\/wp-content\/uploads\/international-preventive-medicine-center-300x110.jpg"},{"@type":"BreadcrumbList","@id":"https:\/\/stomamedical.es\/es\/cita-con-lipidologia#breadcrumb","itemListElement":[{"@type":"ListItem","position":1,"name":"Home","item":"https:\/\/stomamedical.es\/es"},{"@type":"ListItem","position":2,"name":"Cita con Lipidologia"}]},{"@type":"WebSite","@id":"https:\/\/stomamedical.es\/es#website","url":"https:\/\/stomamedical.es\/es","name":"DR. STOMA MEDICAL CENTER","description":"INTERNATIONAL MEDICAL CENTER SPECIALIZED IN PREVENTIVE MEDICINE","publisher":{"@id":"https:\/\/stomamedical.es\/es#organization"},"potentialAction":[{"@type":"SearchAction","target":{"@type":"EntryPoint","urlTemplate":"https:\/\/stomamedical.es\/es?s={search_term_string}"},"query-input":{"@type":"PropertyValueSpecification","valueRequired":true,"valueName":"search_term_string"}}],"inLanguage":"es"},{"@type":"Organization","@id":"https:\/\/stomamedical.es\/es#organization","name":"DR. STOMA MEDICAL CENTER","url":"https:\/\/stomamedical.es\/es","logo":{"@type":"ImageObject","inLanguage":"es","@id":"https:\/\/stomamedical.es\/es#\/schema\/logo\/image\/","url":"https:\/\/stomamedical.es\/wp-content\/uploads\/2023\/07\/logo-stoma-medical.png","contentUrl":"https:\/\/stomamedical.es\/wp-content\/uploads\/2023\/07\/logo-stoma-medical.png","width":300,"height":91,"caption":"DR. STOMA MEDICAL CENTER"},"image":{"@id":"https:\/\/stomamedical.es\/es#\/schema\/logo\/image\/"}}]}},"_links":{"self":[{"href":"https:\/\/stomamedical.es\/es\/wp-json\/wp\/v2\/pages\/3327","targetHints":{"allow":["GET"]}}],"collection":[{"href":"https:\/\/stomamedical.es\/es\/wp-json\/wp\/v2\/pages"}],"about":[{"href":"https:\/\/stomamedical.es\/es\/wp-json\/wp\/v2\/types\/page"}],"author":[{"embeddable":true,"href":"https:\/\/stomamedical.es\/es\/wp-json\/wp\/v2\/users\/4"}],"replies":[{"embeddable":true,"href":"https:\/\/stomamedical.es\/es\/wp-json\/wp\/v2\/comments?post=3327"}],"version-history":[{"count":2,"href":"https:\/\/stomamedical.es\/es\/wp-json\/wp\/v2\/pages\/3327\/revisions"}],"predecessor-version":[{"id":3330,"href":"https:\/\/stomamedical.es\/es\/wp-json\/wp\/v2\/pages\/3327\/revisions\/3330"}],"wp:attachment":[{"href":"https:\/\/stomamedical.es\/es\/wp-json\/wp\/v2\/media?parent=3327"}],"curies":[{"name":"wp","href":"https:\/\/api.w.org\/{rel}","templated":true}]}}