{"id":3204,"date":"2025-05-25T17:01:17","date_gmt":"2025-05-25T15:01:17","guid":{"rendered":"https:\/\/stomamedical.es\/?page_id=3204"},"modified":"2025-06-14T16:56:36","modified_gmt":"2025-06-14T14:56:36","slug":"la-lpa","status":"publish","type":"page","link":"https:\/\/stomamedical.es\/es\/la-lpa","title":{"rendered":"La Lp(a)"},"content":{"rendered":"<p><strong>La Lp(a), o lipoprote\u00edna(a), es un tipo de colesterol presente en la sangre. Es diferente del colesterol LDL o \u00abcolesterol malo\u00bb que la mayor\u00eda de las personas conoce. La Lp(a) est\u00e1 determinada principalmente por los genes, lo que significa que es hereditaria.<\/strong><\/p>\n<p><span style=\"color: #0000ff;\"><strong>\u00bfPor qu\u00e9 es un problema un nivel alto de Lp(a)?<\/strong><\/span><\/p>\n<p>Si su nivel de Lp(a) es superior a 29 mg\/dL, aumenta el riesgo de sufrir varios problemas de salud graves, como:<\/p>\n<p><img loading=\"lazy\" decoding=\"async\" class=\"size-medium wp-image-3241 alignleft\" src=\"https:\/\/stomamedical.es\/wp-content\/uploads\/20250528_212333-225x300.jpg\" alt=\"\" width=\"225\" height=\"300\" srcset=\"https:\/\/stomamedical.es\/wp-content\/uploads\/20250528_212333-225x300.jpg 225w, https:\/\/stomamedical.es\/wp-content\/uploads\/20250528_212333-768x1024.jpg 768w, https:\/\/stomamedical.es\/wp-content\/uploads\/20250528_212333-1152x1536.jpg 1152w, https:\/\/stomamedical.es\/wp-content\/uploads\/20250528_212333-1536x2048.jpg 1536w, https:\/\/stomamedical.es\/wp-content\/uploads\/20250528_212333-scaled.jpg 1920w\" sizes=\"auto, (max-width: 225px) 100vw, 225px\" \/>\u2022 Ataque card\u00edaco<br \/>\n\u2022 Accidente cerebrovascular<br \/>\n\u2022 Enfermedad arterial perif\u00e9rica (estrechamiento de los vasos sangu\u00edneos en<span class=\"gmail_default\">\u200b\u00a0<\/span>piernas o brazos)<br \/>\n\u2022 Estenosis a\u00f3rtica (estrechamiento de la v\u00e1lvula principal del coraz\u00f3n)<br \/>\n\u2022 Otras enfermedades card\u00edacas y vasculares<\/p>\n<p>Esto significa que, incluso con una alimentaci\u00f3n saludable, ejercicio y un colesterol normal, un nivel alto de Lp(a) puede ponerlo en riesgo.<\/p>\n<p><strong>Sin s\u00edntomas:<\/strong> La mayor\u00eda de las personas con Lp(a) alta se sienten perfectamente bien y no presentan s\u00edntomas. No se puede saber si se tiene Lp(a) alta sin un an\u00e1lisis de sangre.<\/p>\n<p>&nbsp;<\/p>\n<p>&nbsp;<\/p>\n<p><span style=\"color: #0000ff;\"><strong>\u00bfComo de com\u00fan es la Lp(a) alta?<\/strong><\/span>: Aproximadamente el 20 % de las personas (1 de cada 5) tienen niveles altos de Lp(a). Esto es bastante com\u00fan.<\/p>\n<p><span style=\"color: #0000ff;\"><strong>\u00bfQu\u00e9 debe hacer si tiene Lp(a) alta?<\/strong><\/span><\/p>\n<p style=\"padding-left: 80px;\">\u2022 Informe a su familia: Dado que la Lp(a) es hereditaria, sus parientes cercanos<span class=\"gmail_default\">\u200b\u00a0<\/span>(padres, hermanos, hijos) tambi\u00e9n podr\u00edan tener Lp(a) alta.<br \/>\n\u2022 Pruebas: Anime a sus familiares a que pregunten a sus m\u00e9dicos sobre la<span class=\"gmail_default\">\u200b\u00a0<\/span>posibilidad de hacerse la prueba de Lp(a).<br \/>\n\u2022 Colabore con su m\u00e9dico: Su m\u00e9dico puede ayudarle a controlar su riesgo<span class=\"gmail_default\">\u200b\u00a0<\/span>card\u00edaco general, incluso si la Lp(a) est\u00e1 alta.<\/p>\n<p><strong>Puntos clave para recordar<\/strong><\/p>\n<p style=\"padding-left: 80px;\">La Lp(a) alta aumenta el riesgo de enfermedades card\u00edacas y vasculares.<br \/>\nPuede tener Lp(a) alta incluso si est\u00e1 sano.<br \/>\nLa mayor\u00eda de las personas no presentan s\u00edntomas.<br \/>\nEs com\u00fan: 1 de cada 5 personas pueden tenerlo.<\/p>\n<p>Comun\u00edquelo a su familia para que tambi\u00e9n se hagan la prueba.<\/p>\n<p>Si tiene alguna pregunta o inquietud, consulte con su m\u00e9dico para obtener m\u00e1s informaci\u00f3n y orientaci\u00f3n.<\/p>\n<p><a href=\"https:\/\/stomamedical.es\/es\/lipidologia\">Lipidologia\u00a0<\/a><\/p>\n<p><a href=\"https:\/\/stomamedical.es\/es\/consulta-de-lipidologia\">Consulta de lipidologia<\/a><\/p>\n<p><a href=\"https:\/\/stomamedical.es\/es\/ecografias-arteriales\">Ecografias arteriales<\/a><\/p>\n<p>&nbsp;<\/p>\n","protected":false},"excerpt":{"rendered":"<div class=\"entry-summary\">\n<div class=\"entry-summary\">\nLa Lp(a), o lipoprote\u00edna(a), es un tipo de colesterol presente en la sangre. Es diferente del colesterol LDL&hellip;\n<\/div>\n<div class=\"link-more\"><a href=\"https:\/\/stomamedical.es\/es\/la-lpa\" class=\"more-link\">Continue reading<span class=\"screen-reader-text\"> &ldquo;La Lp(a)&rdquo;<\/span>&hellip;<\/a><\/div>\n<\/div>\n<div class=\"link-more\"><a href=\"https:\/\/stomamedical.es\/es\/la-lpa\" class=\"more-link\">Continue reading<span class=\"screen-reader-text\"> &ldquo;La Lp(a)&rdquo;<\/span>&hellip;<\/a><\/div>\n","protected":false},"author":4,"featured_media":0,"parent":0,"menu_order":0,"comment_status":"closed","ping_status":"closed","template":"","meta":{"footnotes":""},"class_list":["post-3204","page","type-page","status-publish","hentry","entry"],"yoast_head":"<!-- This site is optimized with the Yoast SEO plugin v24.7 - https:\/\/yoast.com\/wordpress\/plugins\/seo\/ -->\n<title>La Lp(a) - DR. STOMA MEDICAL CENTER<\/title>\n<meta name=\"robots\" content=\"index, follow, max-snippet:-1, max-image-preview:large, max-video-preview:-1\" \/>\n<link rel=\"canonical\" href=\"https:\/\/stomamedical.es\/es\/la-lpa\" \/>\n<meta property=\"og:locale\" content=\"es_ES\" \/>\n<meta property=\"og:type\" content=\"article\" \/>\n<meta property=\"og:title\" content=\"La Lp(a) - DR. STOMA MEDICAL CENTER\" \/>\n<meta property=\"og:description\" content=\"La Lp(a), o lipoprote\u00edna(a), es un tipo de colesterol presente en la sangre. Es diferente del colesterol LDL&hellip; Continue reading &ldquo;La Lp(a)&rdquo;&hellip;\" \/>\n<meta property=\"og:url\" content=\"https:\/\/stomamedical.es\/es\/la-lpa\" \/>\n<meta property=\"og:site_name\" content=\"DR. STOMA MEDICAL CENTER\" \/>\n<meta property=\"article:modified_time\" content=\"2025-06-14T14:56:36+00:00\" \/>\n<meta property=\"og:image\" content=\"https:\/\/stomamedical.es\/wp-content\/uploads\/20250528_212333-scaled.jpg\" \/>\n\t<meta property=\"og:image:width\" content=\"1920\" \/>\n\t<meta property=\"og:image:height\" content=\"2560\" \/>\n\t<meta property=\"og:image:type\" content=\"image\/jpeg\" \/>\n<meta name=\"twitter:card\" content=\"summary_large_image\" \/>\n<meta name=\"twitter:label1\" content=\"Tiempo de lectura\" \/>\n\t<meta name=\"twitter:data1\" content=\"2 minutos\" \/>\n<script type=\"application\/ld+json\" class=\"yoast-schema-graph\">{\"@context\":\"https:\/\/schema.org\",\"@graph\":[{\"@type\":\"WebPage\",\"@id\":\"https:\/\/stomamedical.es\/es\/la-lpa\",\"url\":\"https:\/\/stomamedical.es\/es\/la-lpa\",\"name\":\"La Lp(a) - DR. STOMA MEDICAL CENTER\",\"isPartOf\":{\"@id\":\"https:\/\/stomamedical.es\/es#website\"},\"primaryImageOfPage\":{\"@id\":\"https:\/\/stomamedical.es\/es\/la-lpa#primaryimage\"},\"image\":{\"@id\":\"https:\/\/stomamedical.es\/es\/la-lpa#primaryimage\"},\"thumbnailUrl\":\"https:\/\/stomamedical.es\/wp-content\/uploads\/20250528_212333-225x300.jpg\",\"datePublished\":\"2025-05-25T15:01:17+00:00\",\"dateModified\":\"2025-06-14T14:56:36+00:00\",\"breadcrumb\":{\"@id\":\"https:\/\/stomamedical.es\/es\/la-lpa#breadcrumb\"},\"inLanguage\":\"es\",\"potentialAction\":[{\"@type\":\"ReadAction\",\"target\":[\"https:\/\/stomamedical.es\/es\/la-lpa\"]}]},{\"@type\":\"ImageObject\",\"inLanguage\":\"es\",\"@id\":\"https:\/\/stomamedical.es\/es\/la-lpa#primaryimage\",\"url\":\"https:\/\/stomamedical.es\/wp-content\/uploads\/20250528_212333-225x300.jpg\",\"contentUrl\":\"https:\/\/stomamedical.es\/wp-content\/uploads\/20250528_212333-225x300.jpg\"},{\"@type\":\"BreadcrumbList\",\"@id\":\"https:\/\/stomamedical.es\/es\/la-lpa#breadcrumb\",\"itemListElement\":[{\"@type\":\"ListItem\",\"position\":1,\"name\":\"Home\",\"item\":\"https:\/\/stomamedical.es\/es\"},{\"@type\":\"ListItem\",\"position\":2,\"name\":\"La Lp(a)\"}]},{\"@type\":\"WebSite\",\"@id\":\"https:\/\/stomamedical.es\/es#website\",\"url\":\"https:\/\/stomamedical.es\/es\",\"name\":\"DR. STOMA MEDICAL CENTER\",\"description\":\"INTERNATIONAL MEDICAL CENTER SPECIALIZED IN PREVENTIVE MEDICINE\",\"publisher\":{\"@id\":\"https:\/\/stomamedical.es\/es#organization\"},\"potentialAction\":[{\"@type\":\"SearchAction\",\"target\":{\"@type\":\"EntryPoint\",\"urlTemplate\":\"https:\/\/stomamedical.es\/es?s={search_term_string}\"},\"query-input\":{\"@type\":\"PropertyValueSpecification\",\"valueRequired\":true,\"valueName\":\"search_term_string\"}}],\"inLanguage\":\"es\"},{\"@type\":\"Organization\",\"@id\":\"https:\/\/stomamedical.es\/es#organization\",\"name\":\"DR. STOMA MEDICAL CENTER\",\"url\":\"https:\/\/stomamedical.es\/es\",\"logo\":{\"@type\":\"ImageObject\",\"inLanguage\":\"es\",\"@id\":\"https:\/\/stomamedical.es\/es#\/schema\/logo\/image\/\",\"url\":\"https:\/\/stomamedical.es\/wp-content\/uploads\/2023\/07\/logo-stoma-medical.png\",\"contentUrl\":\"https:\/\/stomamedical.es\/wp-content\/uploads\/2023\/07\/logo-stoma-medical.png\",\"width\":300,\"height\":91,\"caption\":\"DR. STOMA MEDICAL CENTER\"},\"image\":{\"@id\":\"https:\/\/stomamedical.es\/es#\/schema\/logo\/image\/\"}}]}<\/script>\n<!-- \/ Yoast SEO plugin. -->","yoast_head_json":{"title":"La Lp(a) - DR. STOMA MEDICAL CENTER","robots":{"index":"index","follow":"follow","max-snippet":"max-snippet:-1","max-image-preview":"max-image-preview:large","max-video-preview":"max-video-preview:-1"},"canonical":"https:\/\/stomamedical.es\/es\/la-lpa","og_locale":"es_ES","og_type":"article","og_title":"La Lp(a) - DR. STOMA MEDICAL CENTER","og_description":"La Lp(a), o lipoprote\u00edna(a), es un tipo de colesterol presente en la sangre. Es diferente del colesterol LDL&hellip; Continue reading &ldquo;La Lp(a)&rdquo;&hellip;","og_url":"https:\/\/stomamedical.es\/es\/la-lpa","og_site_name":"DR. STOMA MEDICAL CENTER","article_modified_time":"2025-06-14T14:56:36+00:00","og_image":[{"width":1920,"height":2560,"url":"https:\/\/stomamedical.es\/wp-content\/uploads\/20250528_212333-scaled.jpg","type":"image\/jpeg"}],"twitter_card":"summary_large_image","twitter_misc":{"Tiempo de lectura":"2 minutos"},"schema":{"@context":"https:\/\/schema.org","@graph":[{"@type":"WebPage","@id":"https:\/\/stomamedical.es\/es\/la-lpa","url":"https:\/\/stomamedical.es\/es\/la-lpa","name":"La Lp(a) - DR. STOMA MEDICAL CENTER","isPartOf":{"@id":"https:\/\/stomamedical.es\/es#website"},"primaryImageOfPage":{"@id":"https:\/\/stomamedical.es\/es\/la-lpa#primaryimage"},"image":{"@id":"https:\/\/stomamedical.es\/es\/la-lpa#primaryimage"},"thumbnailUrl":"https:\/\/stomamedical.es\/wp-content\/uploads\/20250528_212333-225x300.jpg","datePublished":"2025-05-25T15:01:17+00:00","dateModified":"2025-06-14T14:56:36+00:00","breadcrumb":{"@id":"https:\/\/stomamedical.es\/es\/la-lpa#breadcrumb"},"inLanguage":"es","potentialAction":[{"@type":"ReadAction","target":["https:\/\/stomamedical.es\/es\/la-lpa"]}]},{"@type":"ImageObject","inLanguage":"es","@id":"https:\/\/stomamedical.es\/es\/la-lpa#primaryimage","url":"https:\/\/stomamedical.es\/wp-content\/uploads\/20250528_212333-225x300.jpg","contentUrl":"https:\/\/stomamedical.es\/wp-content\/uploads\/20250528_212333-225x300.jpg"},{"@type":"BreadcrumbList","@id":"https:\/\/stomamedical.es\/es\/la-lpa#breadcrumb","itemListElement":[{"@type":"ListItem","position":1,"name":"Home","item":"https:\/\/stomamedical.es\/es"},{"@type":"ListItem","position":2,"name":"La Lp(a)"}]},{"@type":"WebSite","@id":"https:\/\/stomamedical.es\/es#website","url":"https:\/\/stomamedical.es\/es","name":"DR. STOMA MEDICAL CENTER","description":"INTERNATIONAL MEDICAL CENTER SPECIALIZED IN PREVENTIVE MEDICINE","publisher":{"@id":"https:\/\/stomamedical.es\/es#organization"},"potentialAction":[{"@type":"SearchAction","target":{"@type":"EntryPoint","urlTemplate":"https:\/\/stomamedical.es\/es?s={search_term_string}"},"query-input":{"@type":"PropertyValueSpecification","valueRequired":true,"valueName":"search_term_string"}}],"inLanguage":"es"},{"@type":"Organization","@id":"https:\/\/stomamedical.es\/es#organization","name":"DR. STOMA MEDICAL CENTER","url":"https:\/\/stomamedical.es\/es","logo":{"@type":"ImageObject","inLanguage":"es","@id":"https:\/\/stomamedical.es\/es#\/schema\/logo\/image\/","url":"https:\/\/stomamedical.es\/wp-content\/uploads\/2023\/07\/logo-stoma-medical.png","contentUrl":"https:\/\/stomamedical.es\/wp-content\/uploads\/2023\/07\/logo-stoma-medical.png","width":300,"height":91,"caption":"DR. STOMA MEDICAL CENTER"},"image":{"@id":"https:\/\/stomamedical.es\/es#\/schema\/logo\/image\/"}}]}},"_links":{"self":[{"href":"https:\/\/stomamedical.es\/es\/wp-json\/wp\/v2\/pages\/3204","targetHints":{"allow":["GET"]}}],"collection":[{"href":"https:\/\/stomamedical.es\/es\/wp-json\/wp\/v2\/pages"}],"about":[{"href":"https:\/\/stomamedical.es\/es\/wp-json\/wp\/v2\/types\/page"}],"author":[{"embeddable":true,"href":"https:\/\/stomamedical.es\/es\/wp-json\/wp\/v2\/users\/4"}],"replies":[{"embeddable":true,"href":"https:\/\/stomamedical.es\/es\/wp-json\/wp\/v2\/comments?post=3204"}],"version-history":[{"count":3,"href":"https:\/\/stomamedical.es\/es\/wp-json\/wp\/v2\/pages\/3204\/revisions"}],"predecessor-version":[{"id":3245,"href":"https:\/\/stomamedical.es\/es\/wp-json\/wp\/v2\/pages\/3204\/revisions\/3245"}],"wp:attachment":[{"href":"https:\/\/stomamedical.es\/es\/wp-json\/wp\/v2\/media?parent=3204"}],"curies":[{"name":"wp","href":"https:\/\/api.w.org\/{rel}","templated":true}]}}