{"id":3166,"date":"2025-03-30T20:01:05","date_gmt":"2025-03-30T18:01:05","guid":{"rendered":"https:\/\/stomamedical.es\/?page_id=3166"},"modified":"2025-03-30T20:08:00","modified_gmt":"2025-03-30T18:08:00","slug":"ecografias-arteriales","status":"publish","type":"page","link":"https:\/\/stomamedical.es\/es\/ecografias-arteriales","title":{"rendered":"Ecografias arteriales."},"content":{"rendered":"\n\n\t<h1>Evaluaci\u00f3n arterial por ecografia.<\/h1>\n<h4>Explorando la \u200bsalud de sus \u200barterias \u200bcar\u00f3tida\u200bs, Aorta y Femoral\u200bes<img loading=\"lazy\" decoding=\"async\" src=\"https:\/\/stomamedical.es\/wp-content\/uploads\/ECO1-300x221.jpg\" alt=\"\" width=\"446\" height=\"329\" \/><\/h4>\n<p>En nuestro centro nos dedicamos a cuidar su salud vascular con la m\u00e1xima precisi\u00f3n. Por eso, hemos incorporado un servicio especializado de evaluaci\u00f3n por ultrasonido enfocado en arterias clave: la car\u00f3tida, la aorta y la femoral.<\/p>\n<p>\u00bfQu\u00e9 es la evaluaci\u00f3n por ultrasonido arterial?<\/p>\n<p>El ultrasonido vascular es una t\u00e9cnica no invasiva que utiliza ondas sonoras para crear im\u00e1genes detalladas de las arterias. Nos permite examinar el flujo sangu\u00edneo y la estructura de las arterias, esenciales para detectar y prevenir enfermedades vasculares.<\/p>\nArterias car\u00f3tidas: Estas arterias, ubicadas en el cuello, son cruciales para el suministro de sangre al cerebro. El ultrasonido nos ayuda a identificar estrechamientos o placas que podr\u00edan aumentar el riesgo de accidente cerebrovascular.<br \/>\nAorta abdominal: La aorta es la arteria principal del cuerpo. Evaluar su integridad es vital para detectar aneurismas o dilataciones que podr\u00edan comprometer su salud.<br \/>\nArterias femorales: Ubicadas en las piernas, estas arterias son esenciales para la circulaci\u00f3n en las extremidades inferiores. La ecograf\u00eda puede identificar obstrucciones que podr\u00edan causar problemas como la claudicaci\u00f3n intermitente.\n\u00bfQu\u00e9 puede esperar del procedimiento?\nComodidad y eficacia: El examen es r\u00e1pido, indoloro y no requiere preparaci\u00f3n previa. Despu\u00e9s, podr\u00e1 continuar con sus actividades diarias.<br \/>\nPrecisi\u00f3n diagn\u00f3stica: Las im\u00e1genes obtenidas nos brindan informaci\u00f3n detallada para evaluar su salud vascular y tomar decisiones informadas.\n<p>Este servicio est\u00e1 especialmente indicado si tiene factores de riesgo cardiovascular como hipertensi\u00f3n, colesterol alto, diabetes, tabaquismo o antecedentes familiares de enfermedades vasculares.<\/p>\n<p>&nbsp;<\/p>\n<a href=\"https:\/\/stomamedical.es\/es\/lipidologia\">Introduccion a lipidologia.<\/a>\n<a href=\"https:\/\/stomamedical.es\/es\/consulta-de-lipidologia\">Consulta de lipidos, procedimiento.<\/a>\n\n","protected":false},"excerpt":{"rendered":"<div class=\"entry-summary\">\n<div class=\"entry-summary\">\nEvaluaci\u00f3n arterial por ecografia. Explorando la \u200bsalud de sus \u200barterias \u200bcar\u00f3tida\u200bs, Aorta y Femoral\u200bes En nuestro centro nos&hellip;\n<\/div>\n<div class=\"link-more\"><a href=\"https:\/\/stomamedical.es\/es\/ecografias-arteriales\" class=\"more-link\">Continue reading<span class=\"screen-reader-text\"> &ldquo;Ecografias arteriales.&rdquo;<\/span>&hellip;<\/a><\/div>\n<\/div>\n<div class=\"link-more\"><a href=\"https:\/\/stomamedical.es\/es\/ecografias-arteriales\" class=\"more-link\">Continue reading<span class=\"screen-reader-text\"> &ldquo;Ecografias arteriales.&rdquo;<\/span>&hellip;<\/a><\/div>\n","protected":false},"author":4,"featured_media":0,"parent":0,"menu_order":0,"comment_status":"closed","ping_status":"closed","template":"","meta":{"footnotes":""},"class_list":["post-3166","page","type-page","status-publish","hentry","entry"],"yoast_head":"<!-- This site is optimized with the Yoast SEO plugin v24.7 - https:\/\/yoast.com\/wordpress\/plugins\/seo\/ -->\n<title>Ecografias arteriales. - DR. STOMA MEDICAL CENTER<\/title>\n<meta name=\"robots\" content=\"index, follow, max-snippet:-1, max-image-preview:large, max-video-preview:-1\" \/>\n<link rel=\"canonical\" href=\"https:\/\/stomamedical.es\/es\/ecografias-arteriales\" \/>\n<meta property=\"og:locale\" content=\"es_ES\" \/>\n<meta property=\"og:type\" content=\"article\" \/>\n<meta property=\"og:title\" content=\"Ecografias arteriales. - DR. STOMA MEDICAL CENTER\" \/>\n<meta property=\"og:description\" content=\"Evaluaci\u00f3n arterial por ecografia. Explorando la \u200bsalud de sus \u200barterias \u200bcar\u00f3tida\u200bs, Aorta y Femoral\u200bes En nuestro centro nos&hellip; Continue reading &ldquo;Ecografias arteriales.&rdquo;&hellip;\" \/>\n<meta property=\"og:url\" content=\"https:\/\/stomamedical.es\/es\/ecografias-arteriales\" \/>\n<meta property=\"og:site_name\" content=\"DR. STOMA MEDICAL CENTER\" \/>\n<meta property=\"article:modified_time\" content=\"2025-03-30T18:08:00+00:00\" \/>\n<meta property=\"og:image\" content=\"https:\/\/stomamedical.es\/wp-content\/uploads\/ECO1-300x221.jpg\" \/>\n<meta name=\"twitter:card\" content=\"summary_large_image\" \/>\n<meta name=\"twitter:label1\" content=\"Tiempo de lectura\" \/>\n\t<meta name=\"twitter:data1\" content=\"2 minutos\" \/>\n<script type=\"application\/ld+json\" class=\"yoast-schema-graph\">{\"@context\":\"https:\/\/schema.org\",\"@graph\":[{\"@type\":\"WebPage\",\"@id\":\"https:\/\/stomamedical.es\/es\/ecografias-arteriales\",\"url\":\"https:\/\/stomamedical.es\/es\/ecografias-arteriales\",\"name\":\"Ecografias arteriales. - DR. STOMA MEDICAL CENTER\",\"isPartOf\":{\"@id\":\"https:\/\/stomamedical.es\/es#website\"},\"primaryImageOfPage\":{\"@id\":\"https:\/\/stomamedical.es\/es\/ecografias-arteriales#primaryimage\"},\"image\":{\"@id\":\"https:\/\/stomamedical.es\/es\/ecografias-arteriales#primaryimage\"},\"thumbnailUrl\":\"https:\/\/stomamedical.es\/wp-content\/uploads\/ECO1-300x221.jpg\",\"datePublished\":\"2025-03-30T18:01:05+00:00\",\"dateModified\":\"2025-03-30T18:08:00+00:00\",\"breadcrumb\":{\"@id\":\"https:\/\/stomamedical.es\/es\/ecografias-arteriales#breadcrumb\"},\"inLanguage\":\"es\",\"potentialAction\":[{\"@type\":\"ReadAction\",\"target\":[\"https:\/\/stomamedical.es\/es\/ecografias-arteriales\"]}]},{\"@type\":\"ImageObject\",\"inLanguage\":\"es\",\"@id\":\"https:\/\/stomamedical.es\/es\/ecografias-arteriales#primaryimage\",\"url\":\"https:\/\/stomamedical.es\/wp-content\/uploads\/ECO1-300x221.jpg\",\"contentUrl\":\"https:\/\/stomamedical.es\/wp-content\/uploads\/ECO1-300x221.jpg\"},{\"@type\":\"BreadcrumbList\",\"@id\":\"https:\/\/stomamedical.es\/es\/ecografias-arteriales#breadcrumb\",\"itemListElement\":[{\"@type\":\"ListItem\",\"position\":1,\"name\":\"Home\",\"item\":\"https:\/\/stomamedical.es\/es\"},{\"@type\":\"ListItem\",\"position\":2,\"name\":\"Ecografias arteriales.\"}]},{\"@type\":\"WebSite\",\"@id\":\"https:\/\/stomamedical.es\/es#website\",\"url\":\"https:\/\/stomamedical.es\/es\",\"name\":\"DR. STOMA MEDICAL CENTER\",\"description\":\"INTERNATIONAL MEDICAL CENTER SPECIALIZED IN PREVENTIVE MEDICINE\",\"publisher\":{\"@id\":\"https:\/\/stomamedical.es\/es#organization\"},\"potentialAction\":[{\"@type\":\"SearchAction\",\"target\":{\"@type\":\"EntryPoint\",\"urlTemplate\":\"https:\/\/stomamedical.es\/es?s={search_term_string}\"},\"query-input\":{\"@type\":\"PropertyValueSpecification\",\"valueRequired\":true,\"valueName\":\"search_term_string\"}}],\"inLanguage\":\"es\"},{\"@type\":\"Organization\",\"@id\":\"https:\/\/stomamedical.es\/es#organization\",\"name\":\"DR. STOMA MEDICAL CENTER\",\"url\":\"https:\/\/stomamedical.es\/es\",\"logo\":{\"@type\":\"ImageObject\",\"inLanguage\":\"es\",\"@id\":\"https:\/\/stomamedical.es\/es#\/schema\/logo\/image\/\",\"url\":\"https:\/\/stomamedical.es\/wp-content\/uploads\/2023\/07\/logo-stoma-medical.png\",\"contentUrl\":\"https:\/\/stomamedical.es\/wp-content\/uploads\/2023\/07\/logo-stoma-medical.png\",\"width\":300,\"height\":91,\"caption\":\"DR. STOMA MEDICAL CENTER\"},\"image\":{\"@id\":\"https:\/\/stomamedical.es\/es#\/schema\/logo\/image\/\"}}]}<\/script>\n<!-- \/ Yoast SEO plugin. -->","yoast_head_json":{"title":"Ecografias arteriales. - DR. STOMA MEDICAL CENTER","robots":{"index":"index","follow":"follow","max-snippet":"max-snippet:-1","max-image-preview":"max-image-preview:large","max-video-preview":"max-video-preview:-1"},"canonical":"https:\/\/stomamedical.es\/es\/ecografias-arteriales","og_locale":"es_ES","og_type":"article","og_title":"Ecografias arteriales. - DR. STOMA MEDICAL CENTER","og_description":"Evaluaci\u00f3n arterial por ecografia. Explorando la \u200bsalud de sus \u200barterias \u200bcar\u00f3tida\u200bs, Aorta y Femoral\u200bes En nuestro centro nos&hellip; Continue reading &ldquo;Ecografias arteriales.&rdquo;&hellip;","og_url":"https:\/\/stomamedical.es\/es\/ecografias-arteriales","og_site_name":"DR. STOMA MEDICAL CENTER","article_modified_time":"2025-03-30T18:08:00+00:00","og_image":[{"url":"https:\/\/stomamedical.es\/wp-content\/uploads\/ECO1-300x221.jpg","type":"","width":"","height":""}],"twitter_card":"summary_large_image","twitter_misc":{"Tiempo de lectura":"2 minutos"},"schema":{"@context":"https:\/\/schema.org","@graph":[{"@type":"WebPage","@id":"https:\/\/stomamedical.es\/es\/ecografias-arteriales","url":"https:\/\/stomamedical.es\/es\/ecografias-arteriales","name":"Ecografias arteriales. - DR. STOMA MEDICAL CENTER","isPartOf":{"@id":"https:\/\/stomamedical.es\/es#website"},"primaryImageOfPage":{"@id":"https:\/\/stomamedical.es\/es\/ecografias-arteriales#primaryimage"},"image":{"@id":"https:\/\/stomamedical.es\/es\/ecografias-arteriales#primaryimage"},"thumbnailUrl":"https:\/\/stomamedical.es\/wp-content\/uploads\/ECO1-300x221.jpg","datePublished":"2025-03-30T18:01:05+00:00","dateModified":"2025-03-30T18:08:00+00:00","breadcrumb":{"@id":"https:\/\/stomamedical.es\/es\/ecografias-arteriales#breadcrumb"},"inLanguage":"es","potentialAction":[{"@type":"ReadAction","target":["https:\/\/stomamedical.es\/es\/ecografias-arteriales"]}]},{"@type":"ImageObject","inLanguage":"es","@id":"https:\/\/stomamedical.es\/es\/ecografias-arteriales#primaryimage","url":"https:\/\/stomamedical.es\/wp-content\/uploads\/ECO1-300x221.jpg","contentUrl":"https:\/\/stomamedical.es\/wp-content\/uploads\/ECO1-300x221.jpg"},{"@type":"BreadcrumbList","@id":"https:\/\/stomamedical.es\/es\/ecografias-arteriales#breadcrumb","itemListElement":[{"@type":"ListItem","position":1,"name":"Home","item":"https:\/\/stomamedical.es\/es"},{"@type":"ListItem","position":2,"name":"Ecografias arteriales."}]},{"@type":"WebSite","@id":"https:\/\/stomamedical.es\/es#website","url":"https:\/\/stomamedical.es\/es","name":"DR. STOMA MEDICAL CENTER","description":"INTERNATIONAL MEDICAL CENTER SPECIALIZED IN PREVENTIVE MEDICINE","publisher":{"@id":"https:\/\/stomamedical.es\/es#organization"},"potentialAction":[{"@type":"SearchAction","target":{"@type":"EntryPoint","urlTemplate":"https:\/\/stomamedical.es\/es?s={search_term_string}"},"query-input":{"@type":"PropertyValueSpecification","valueRequired":true,"valueName":"search_term_string"}}],"inLanguage":"es"},{"@type":"Organization","@id":"https:\/\/stomamedical.es\/es#organization","name":"DR. STOMA MEDICAL CENTER","url":"https:\/\/stomamedical.es\/es","logo":{"@type":"ImageObject","inLanguage":"es","@id":"https:\/\/stomamedical.es\/es#\/schema\/logo\/image\/","url":"https:\/\/stomamedical.es\/wp-content\/uploads\/2023\/07\/logo-stoma-medical.png","contentUrl":"https:\/\/stomamedical.es\/wp-content\/uploads\/2023\/07\/logo-stoma-medical.png","width":300,"height":91,"caption":"DR. STOMA MEDICAL CENTER"},"image":{"@id":"https:\/\/stomamedical.es\/es#\/schema\/logo\/image\/"}}]}},"_links":{"self":[{"href":"https:\/\/stomamedical.es\/es\/wp-json\/wp\/v2\/pages\/3166","targetHints":{"allow":["GET"]}}],"collection":[{"href":"https:\/\/stomamedical.es\/es\/wp-json\/wp\/v2\/pages"}],"about":[{"href":"https:\/\/stomamedical.es\/es\/wp-json\/wp\/v2\/types\/page"}],"author":[{"embeddable":true,"href":"https:\/\/stomamedical.es\/es\/wp-json\/wp\/v2\/users\/4"}],"replies":[{"embeddable":true,"href":"https:\/\/stomamedical.es\/es\/wp-json\/wp\/v2\/comments?post=3166"}],"version-history":[{"count":4,"href":"https:\/\/stomamedical.es\/es\/wp-json\/wp\/v2\/pages\/3166\/revisions"}],"predecessor-version":[{"id":3173,"href":"https:\/\/stomamedical.es\/es\/wp-json\/wp\/v2\/pages\/3166\/revisions\/3173"}],"wp:attachment":[{"href":"https:\/\/stomamedical.es\/es\/wp-json\/wp\/v2\/media?parent=3166"}],"curies":[{"name":"wp","href":"https:\/\/api.w.org\/{rel}","templated":true}]}}