{"id":3112,"date":"2025-03-29T19:04:00","date_gmt":"2025-03-29T18:04:00","guid":{"rendered":"https:\/\/stomamedical.es\/?page_id=3112"},"modified":"2025-07-27T18:03:18","modified_gmt":"2025-07-27T16:03:18","slug":"consulta-de-lipidologia","status":"publish","type":"page","link":"https:\/\/stomamedical.es\/es\/consulta-de-lipidologia","title":{"rendered":"Consulta de LIPIDOLOG\u00cdA"},"content":{"rendered":"\r\n<h2><strong>Consulta de lipidolog\u00eda, procedimiento : <img loading=\"lazy\" decoding=\"async\" src=\"https:\/\/stomamedical.es\/wp-content\/uploads\/medicina-general-300x235.png\" alt=\"\" width=\"340\" height=\"266\" \/><img loading=\"lazy\" decoding=\"async\" src=\"https:\/\/stomamedical.es\/wp-content\/uploads\/he.png\" alt=\"\" width=\"1\" height=\"1\" \/><\/strong><\/h2>\r\n<h3><b>Primera visita:<\/b><\/h3>\r\n<p>Durante su primera consulta evaluaremos el estado de su salud.<\/p>\r\n<p>El Dr. Stoma y su equipo revisar\u00e1n su historial m\u00e9dico, familiar y personal adem\u00e1s de sus h\u00e1bitos y estilo de vida.<br \/>Tambi\u00e9n revisaremos y valoraremos los medicamentos y suplementos que este tomando. <br \/>Esucharemos\u00a0 cuidadosamente cada uno de los detalles y si dispone de anal\u00edticas previas nos servira para poder estudiar su evoluci\u00f3n con nosotros.<\/p>\r\n<h4><b>An\u00e1lisis de laboratorio<\/b><\/h4>\r\n<p>Se le realizar\u00e1 an\u00e1lisis de sangre para verificar sus niveles de colesterol (un perfil lip\u00eddico completo). Esto ayuda a medir factores como el colesterol LDL (malo) y el colesterol HDL (bueno).\u00a0Se podr\u00edan realizar otras pruebas para evaluar su funci\u00f3n hep\u00e1tica, renal, metabolismo y salud tiroidea.<\/p>\r\n<p>&nbsp;<\/p>\r\n<h3><b>Segunda consulta:<\/b><\/h3>\r\n<h4><b>Evaluaci\u00f3n de su riesgo. <\/b><\/h4>\r\n<p>La cl\u00ednica evaluar\u00e1 su riesgo de padecer enfermedades cardiovasculares\u00a0 y, con base en esto, establecer\u00e1 objetivos espec\u00edficos de colesterol adaptados a sus necesidades de salud.<\/p>\r\n<h4><b>Creaci\u00f3n de un plan de tratamiento. <\/b><\/h4>\r\n<p>Se desarrollar\u00e1 un plan personalizado para usted. Este puede incluir:<\/p>\r\n<p>Consejos para mejorar su dieta.<\/p>\r\n<p>Estrategias para controlar su peso.<\/p>\r\n<p>Recomendaciones de actividad f\u00edsica.<\/p>\r\n<p>Medicamentos si es necesario para ayudar a controlar su colesterol.<\/p>\r\n<p>Organizar\u00e1 pruebas adicionales, ya sean radiol\u00f3gicas (CAC, angiograf\u00edas coronarias), ecograf\u00edas arteriales, geneticas o pruebas cardiol\u00f3gicas, que se solicitaran si es necesario.<\/p>\r\n<h3><b>Qu\u00e9 sucede durante las visitas de seguimiento?<\/b><\/h3>\r\n<h4><b>Supervisi\u00f3n de su progreso:<\/b><\/h4>\r\n<p>Volver\u00e1 aproximadamente de 6 a 8 semanas despu\u00e9s de la primera visita (y posteriormente seg\u00fan sea necesario) para que la cl\u00ednica pueda verificar la eficacia del tratamiento.<\/p>\r\n<p>Repetir\u00e1n algunos an\u00e1lisis de laboratorio para ver si hay una mejora en sus niveles de colesterol y otros indicadores de salud.<\/p>\r\n<p>El m\u00e9dico revisar\u00e1 la eficacia del tratamiento y si ha podido seguir el plan. Si es necesario, har\u00e1n cambios en sus medicamentos o recomendaciones sobre su estilo de vida.<\/p>\r\n<h3><b>Educaci\u00f3n continua:<\/b><\/h3>\r\n<p>En cada visita, le explicar\u00e1n m\u00e1s sobre el control del colesterol y responder\u00e1n a cualquier pregunta o inquietud que tenga.<\/p>\r\n<p>Si es necesario, otros especialistas (como un farmac\u00e9utico o un asesor gen\u00e9tico) podr\u00edan participar en su atenci\u00f3n.<\/p>\r\n<p>Este proceso paso a paso est\u00e1 dise\u00f1ado para ayudarle a reducir su colesterol, reducir el riesgo de enfermedades card\u00edacas, mejorar sus conocimientos sobre el cuidado de la salud y mejorar su salud general.<\/p>\r\n<p>&nbsp;<\/p>\r\n<p><a href=\"https:\/\/stomamedical.es\/es\/lipidologia\">Lipidologia, introduccion.<\/a><\/p>\r\n<p><a href=\"https:\/\/stomamedical.es\/es\/la-lpa\">La Lp(a)<\/a><\/p>\r\n<p><a href=\"https:\/\/stomamedical.es\/es\/ecografias-arteriales\">Ecografia arterial<\/a><\/p>\r\n<p>&nbsp;<\/p>\r\n","protected":false},"excerpt":{"rendered":"<div class=\"entry-summary\">\n<div class=\"entry-summary\">\nConsulta de lipidolog\u00eda, procedimiento : Primera visita: Durante su primera consulta evaluaremos el estado de su salud. El&hellip;\n<\/div>\n<div class=\"link-more\"><a href=\"https:\/\/stomamedical.es\/es\/consulta-de-lipidologia\" class=\"more-link\">Continue reading<span class=\"screen-reader-text\"> &ldquo;Consulta de LIPIDOLOG\u00cdA&rdquo;<\/span>&hellip;<\/a><\/div>\n<\/div>\n<div class=\"link-more\"><a href=\"https:\/\/stomamedical.es\/es\/consulta-de-lipidologia\" class=\"more-link\">Continue reading<span class=\"screen-reader-text\"> &ldquo;Consulta de LIPIDOLOG\u00cdA&rdquo;<\/span>&hellip;<\/a><\/div>\n","protected":false},"author":4,"featured_media":0,"parent":0,"menu_order":0,"comment_status":"closed","ping_status":"closed","template":"","meta":{"footnotes":""},"class_list":["post-3112","page","type-page","status-publish","hentry","entry"],"yoast_head":"<!-- This site is optimized with the Yoast SEO plugin v24.7 - https:\/\/yoast.com\/wordpress\/plugins\/seo\/ -->\n<title>Consulta de LIPIDOLOG\u00cdA - DR. STOMA MEDICAL CENTER<\/title>\n<meta name=\"robots\" content=\"index, follow, max-snippet:-1, max-image-preview:large, max-video-preview:-1\" \/>\n<link rel=\"canonical\" href=\"https:\/\/stomamedical.es\/es\/consulta-de-lipidologia\" \/>\n<meta property=\"og:locale\" content=\"es_ES\" \/>\n<meta property=\"og:type\" content=\"article\" \/>\n<meta property=\"og:title\" content=\"Consulta de LIPIDOLOG\u00cdA - DR. STOMA MEDICAL CENTER\" \/>\n<meta property=\"og:description\" content=\"Consulta de lipidolog\u00eda, procedimiento : Primera visita: Durante su primera consulta evaluaremos el estado de su salud. El&hellip; Continue reading &ldquo;Consulta de LIPIDOLOG\u00cdA&rdquo;&hellip;\" \/>\n<meta property=\"og:url\" content=\"https:\/\/stomamedical.es\/es\/consulta-de-lipidologia\" \/>\n<meta property=\"og:site_name\" content=\"DR. STOMA MEDICAL CENTER\" \/>\n<meta property=\"article:modified_time\" content=\"2025-07-27T16:03:18+00:00\" \/>\n<meta property=\"og:image\" content=\"https:\/\/stomamedical.es\/wp-content\/uploads\/medicina-general-300x235.png\" \/>\n<meta name=\"twitter:card\" content=\"summary_large_image\" \/>\n<meta name=\"twitter:label1\" content=\"Tiempo de lectura\" \/>\n\t<meta name=\"twitter:data1\" content=\"3 minutos\" \/>\n<script type=\"application\/ld+json\" class=\"yoast-schema-graph\">{\"@context\":\"https:\/\/schema.org\",\"@graph\":[{\"@type\":\"WebPage\",\"@id\":\"https:\/\/stomamedical.es\/es\/consulta-de-lipidologia\",\"url\":\"https:\/\/stomamedical.es\/es\/consulta-de-lipidologia\",\"name\":\"Consulta de LIPIDOLOG\u00cdA - DR. STOMA MEDICAL CENTER\",\"isPartOf\":{\"@id\":\"https:\/\/stomamedical.es\/es#website\"},\"primaryImageOfPage\":{\"@id\":\"https:\/\/stomamedical.es\/es\/consulta-de-lipidologia#primaryimage\"},\"image\":{\"@id\":\"https:\/\/stomamedical.es\/es\/consulta-de-lipidologia#primaryimage\"},\"thumbnailUrl\":\"https:\/\/stomamedical.es\/wp-content\/uploads\/medicina-general-300x235.png\",\"datePublished\":\"2025-03-29T18:04:00+00:00\",\"dateModified\":\"2025-07-27T16:03:18+00:00\",\"breadcrumb\":{\"@id\":\"https:\/\/stomamedical.es\/es\/consulta-de-lipidologia#breadcrumb\"},\"inLanguage\":\"es\",\"potentialAction\":[{\"@type\":\"ReadAction\",\"target\":[\"https:\/\/stomamedical.es\/es\/consulta-de-lipidologia\"]}]},{\"@type\":\"ImageObject\",\"inLanguage\":\"es\",\"@id\":\"https:\/\/stomamedical.es\/es\/consulta-de-lipidologia#primaryimage\",\"url\":\"https:\/\/stomamedical.es\/wp-content\/uploads\/medicina-general-300x235.png\",\"contentUrl\":\"https:\/\/stomamedical.es\/wp-content\/uploads\/medicina-general-300x235.png\"},{\"@type\":\"BreadcrumbList\",\"@id\":\"https:\/\/stomamedical.es\/es\/consulta-de-lipidologia#breadcrumb\",\"itemListElement\":[{\"@type\":\"ListItem\",\"position\":1,\"name\":\"Home\",\"item\":\"https:\/\/stomamedical.es\/es\"},{\"@type\":\"ListItem\",\"position\":2,\"name\":\"Consulta de LIPIDOLOG\u00cdA\"}]},{\"@type\":\"WebSite\",\"@id\":\"https:\/\/stomamedical.es\/es#website\",\"url\":\"https:\/\/stomamedical.es\/es\",\"name\":\"DR. STOMA MEDICAL CENTER\",\"description\":\"INTERNATIONAL MEDICAL CENTER SPECIALIZED IN PREVENTIVE MEDICINE\",\"publisher\":{\"@id\":\"https:\/\/stomamedical.es\/es#organization\"},\"potentialAction\":[{\"@type\":\"SearchAction\",\"target\":{\"@type\":\"EntryPoint\",\"urlTemplate\":\"https:\/\/stomamedical.es\/es?s={search_term_string}\"},\"query-input\":{\"@type\":\"PropertyValueSpecification\",\"valueRequired\":true,\"valueName\":\"search_term_string\"}}],\"inLanguage\":\"es\"},{\"@type\":\"Organization\",\"@id\":\"https:\/\/stomamedical.es\/es#organization\",\"name\":\"DR. STOMA MEDICAL CENTER\",\"url\":\"https:\/\/stomamedical.es\/es\",\"logo\":{\"@type\":\"ImageObject\",\"inLanguage\":\"es\",\"@id\":\"https:\/\/stomamedical.es\/es#\/schema\/logo\/image\/\",\"url\":\"https:\/\/stomamedical.es\/wp-content\/uploads\/2023\/07\/logo-stoma-medical.png\",\"contentUrl\":\"https:\/\/stomamedical.es\/wp-content\/uploads\/2023\/07\/logo-stoma-medical.png\",\"width\":300,\"height\":91,\"caption\":\"DR. STOMA MEDICAL CENTER\"},\"image\":{\"@id\":\"https:\/\/stomamedical.es\/es#\/schema\/logo\/image\/\"}}]}<\/script>\n<!-- \/ Yoast SEO plugin. -->","yoast_head_json":{"title":"Consulta de LIPIDOLOG\u00cdA - DR. STOMA MEDICAL CENTER","robots":{"index":"index","follow":"follow","max-snippet":"max-snippet:-1","max-image-preview":"max-image-preview:large","max-video-preview":"max-video-preview:-1"},"canonical":"https:\/\/stomamedical.es\/es\/consulta-de-lipidologia","og_locale":"es_ES","og_type":"article","og_title":"Consulta de LIPIDOLOG\u00cdA - DR. STOMA MEDICAL CENTER","og_description":"Consulta de lipidolog\u00eda, procedimiento : Primera visita: Durante su primera consulta evaluaremos el estado de su salud. El&hellip; Continue reading &ldquo;Consulta de LIPIDOLOG\u00cdA&rdquo;&hellip;","og_url":"https:\/\/stomamedical.es\/es\/consulta-de-lipidologia","og_site_name":"DR. STOMA MEDICAL CENTER","article_modified_time":"2025-07-27T16:03:18+00:00","og_image":[{"url":"https:\/\/stomamedical.es\/wp-content\/uploads\/medicina-general-300x235.png","type":"","width":"","height":""}],"twitter_card":"summary_large_image","twitter_misc":{"Tiempo de lectura":"3 minutos"},"schema":{"@context":"https:\/\/schema.org","@graph":[{"@type":"WebPage","@id":"https:\/\/stomamedical.es\/es\/consulta-de-lipidologia","url":"https:\/\/stomamedical.es\/es\/consulta-de-lipidologia","name":"Consulta de LIPIDOLOG\u00cdA - DR. STOMA MEDICAL CENTER","isPartOf":{"@id":"https:\/\/stomamedical.es\/es#website"},"primaryImageOfPage":{"@id":"https:\/\/stomamedical.es\/es\/consulta-de-lipidologia#primaryimage"},"image":{"@id":"https:\/\/stomamedical.es\/es\/consulta-de-lipidologia#primaryimage"},"thumbnailUrl":"https:\/\/stomamedical.es\/wp-content\/uploads\/medicina-general-300x235.png","datePublished":"2025-03-29T18:04:00+00:00","dateModified":"2025-07-27T16:03:18+00:00","breadcrumb":{"@id":"https:\/\/stomamedical.es\/es\/consulta-de-lipidologia#breadcrumb"},"inLanguage":"es","potentialAction":[{"@type":"ReadAction","target":["https:\/\/stomamedical.es\/es\/consulta-de-lipidologia"]}]},{"@type":"ImageObject","inLanguage":"es","@id":"https:\/\/stomamedical.es\/es\/consulta-de-lipidologia#primaryimage","url":"https:\/\/stomamedical.es\/wp-content\/uploads\/medicina-general-300x235.png","contentUrl":"https:\/\/stomamedical.es\/wp-content\/uploads\/medicina-general-300x235.png"},{"@type":"BreadcrumbList","@id":"https:\/\/stomamedical.es\/es\/consulta-de-lipidologia#breadcrumb","itemListElement":[{"@type":"ListItem","position":1,"name":"Home","item":"https:\/\/stomamedical.es\/es"},{"@type":"ListItem","position":2,"name":"Consulta de LIPIDOLOG\u00cdA"}]},{"@type":"WebSite","@id":"https:\/\/stomamedical.es\/es#website","url":"https:\/\/stomamedical.es\/es","name":"DR. STOMA MEDICAL CENTER","description":"INTERNATIONAL MEDICAL CENTER SPECIALIZED IN PREVENTIVE MEDICINE","publisher":{"@id":"https:\/\/stomamedical.es\/es#organization"},"potentialAction":[{"@type":"SearchAction","target":{"@type":"EntryPoint","urlTemplate":"https:\/\/stomamedical.es\/es?s={search_term_string}"},"query-input":{"@type":"PropertyValueSpecification","valueRequired":true,"valueName":"search_term_string"}}],"inLanguage":"es"},{"@type":"Organization","@id":"https:\/\/stomamedical.es\/es#organization","name":"DR. STOMA MEDICAL CENTER","url":"https:\/\/stomamedical.es\/es","logo":{"@type":"ImageObject","inLanguage":"es","@id":"https:\/\/stomamedical.es\/es#\/schema\/logo\/image\/","url":"https:\/\/stomamedical.es\/wp-content\/uploads\/2023\/07\/logo-stoma-medical.png","contentUrl":"https:\/\/stomamedical.es\/wp-content\/uploads\/2023\/07\/logo-stoma-medical.png","width":300,"height":91,"caption":"DR. STOMA MEDICAL CENTER"},"image":{"@id":"https:\/\/stomamedical.es\/es#\/schema\/logo\/image\/"}}]}},"_links":{"self":[{"href":"https:\/\/stomamedical.es\/es\/wp-json\/wp\/v2\/pages\/3112","targetHints":{"allow":["GET"]}}],"collection":[{"href":"https:\/\/stomamedical.es\/es\/wp-json\/wp\/v2\/pages"}],"about":[{"href":"https:\/\/stomamedical.es\/es\/wp-json\/wp\/v2\/types\/page"}],"author":[{"embeddable":true,"href":"https:\/\/stomamedical.es\/es\/wp-json\/wp\/v2\/users\/4"}],"replies":[{"embeddable":true,"href":"https:\/\/stomamedical.es\/es\/wp-json\/wp\/v2\/comments?post=3112"}],"version-history":[{"count":11,"href":"https:\/\/stomamedical.es\/es\/wp-json\/wp\/v2\/pages\/3112\/revisions"}],"predecessor-version":[{"id":3387,"href":"https:\/\/stomamedical.es\/es\/wp-json\/wp\/v2\/pages\/3112\/revisions\/3387"}],"wp:attachment":[{"href":"https:\/\/stomamedical.es\/es\/wp-json\/wp\/v2\/media?parent=3112"}],"curies":[{"name":"wp","href":"https:\/\/api.w.org\/{rel}","templated":true}]}}