{"id":2704,"date":"2015-09-23T14:28:50","date_gmt":"2015-09-23T12:28:50","guid":{"rendered":"https:\/\/stomamedical.es\/gynecology-and-obstetrics"},"modified":"2023-09-21T18:49:43","modified_gmt":"2023-09-21T16:49:43","slug":"gynecology-and-obstetrics","status":"publish","type":"page","link":"https:\/\/stomamedical.es\/es\/gynecology-and-obstetrics","title":{"rendered":"Ginecolog\u00eda y Obstetricia"},"content":{"rendered":"\n\n\t<h2>Descubra nuestros servicios de Obstetricia y Ginecolog\u00eda<\/h2>\n<ul>\n<li>Ex\u00e1menes de bienestar<\/li>\n<li>Papanicolau<\/li>\n<li>Ginecolog\u00eda preventiva<\/li>\n<li>Asesoramiento sobre infertilidad y servicios de introducci\u00f3n a la reproducci\u00f3n.<\/li>\n<li>Detecci\u00f3n de c\u00e1ncer de cuello uterino<\/li>\n<li>Dolor p\u00e9lvico cr\u00f3nico y terapia del suelo p\u00e9lvico.<\/li>\n<li>S\u00edndrome premenstrual\/tpmd<\/li>\n<li>Asesoramiento previo a la concepci\u00f3n<\/li>\n<li>Pre y posmenopausia<\/li>\n<li>Ablaci\u00f3n endometrial<\/li>\n<li>THERMACHOICE para reducir el sangrado menstrual<\/li>\n<li>Procedimiento de escisi\u00f3n electroquir\u00fargica con asa (LEEP) para eliminar tejido precanceroso del cuello uterino<\/li>\n<li>Cirug\u00eda laparosc\u00f3pica e histerosc\u00f3pica.<\/li>\n<li>Manejo de m\u00e9todos anticonceptivos, incluidos Essure, Skyla, Mirena, DIU Paragard y Nexplanon<\/li>\n<li>Detecci\u00f3n y tratamiento de infecciones de transmisi\u00f3n sexual (ITS)<\/li>\n<li>Opciones de anticonceptivos quir\u00fargicos, incluida la esterilizaci\u00f3n histerosc\u00f3pica y la ligadura de trompas laparosc\u00f3pica<\/li>\n<li>Tratamiento del VPH<\/li>\n<\/ul>\n\t<h3><strong>Experimenta la excelencia<\/strong><\/h3>\n<p>Experimenta la excelencia en Obstetricia y Ginecolog\u00eda.<\/p>\n<p>&nbsp;<\/p>\n<p><img loading=\"lazy\" decoding=\"async\" src=\"https:\/\/stomamedical.es\/wp-content\/uploads\/2023\/07\/gynecology-and-obstetrics-1024x676.png\" alt=\"\" width=\"1024\" height=\"676\" \/><\/p>\n\n","protected":false},"excerpt":{"rendered":"<div class=\"entry-summary\">\n<div class=\"entry-summary\">\nThis text is placed into the page excerpt field. To set the page icon, just add a \u00abcustom_icon\u00bb <a href=\"https:\/\/codex.wordpress.org\/Custom_Fields#Usage\" target=\"_blank\" rel=\"noopener\">custom field<\/a> and set it to desired icon class.\n<\/div>\n<div class=\"link-more\"><a href=\"https:\/\/stomamedical.es\/es\/gynecology-and-obstetrics\" class=\"more-link\">Continue reading<span class=\"screen-reader-text\"> &ldquo;Ginecolog\u00eda y Obstetricia&rdquo;<\/span>&hellip;<\/a><\/div>\n<\/div>\n<div class=\"link-more\"><a href=\"https:\/\/stomamedical.es\/es\/gynecology-and-obstetrics\" class=\"more-link\">Continue reading<span class=\"screen-reader-text\"> &ldquo;Ginecolog\u00eda y Obstetricia&rdquo;<\/span>&hellip;<\/a><\/div>\n","protected":false},"author":1,"featured_media":2407,"parent":0,"menu_order":9,"comment_status":"closed","ping_status":"closed","template":"","meta":{"footnotes":""},"class_list":["post-2704","page","type-page","status-publish","has-post-thumbnail","hentry","entry"],"yoast_head":"<!-- This site is optimized with the Yoast SEO plugin v24.7 - https:\/\/yoast.com\/wordpress\/plugins\/seo\/ -->\n<title>Ginecolog\u00eda y Obstetricia - DR. STOMA MEDICAL CENTER<\/title>\n<meta name=\"robots\" content=\"index, follow, max-snippet:-1, max-image-preview:large, max-video-preview:-1\" \/>\n<link rel=\"canonical\" href=\"https:\/\/stomamedical.es\/es\/gynecology-and-obstetrics\" \/>\n<meta property=\"og:locale\" content=\"es_ES\" \/>\n<meta property=\"og:type\" content=\"article\" \/>\n<meta property=\"og:title\" content=\"Ginecolog\u00eda y Obstetricia - DR. STOMA MEDICAL CENTER\" \/>\n<meta property=\"og:description\" content=\"This text is placed into the page excerpt field. To set the page icon, just add a &quot;custom_icon&quot; custom field and set it to desired icon class. Continue reading &ldquo;Ginecolog\u00eda y Obstetricia&rdquo;&hellip;\" \/>\n<meta property=\"og:url\" content=\"https:\/\/stomamedical.es\/es\/gynecology-and-obstetrics\" \/>\n<meta property=\"og:site_name\" content=\"DR. STOMA MEDICAL CENTER\" \/>\n<meta property=\"article:modified_time\" content=\"2023-09-21T16:49:43+00:00\" \/>\n<meta property=\"og:image\" content=\"https:\/\/stomamedical.es\/wp-content\/uploads\/2023\/07\/gynecology-and-obstetrics-1024x676.png\" \/>\n\t<meta property=\"og:image:width\" content=\"1024\" \/>\n\t<meta property=\"og:image:height\" content=\"676\" \/>\n\t<meta property=\"og:image:type\" content=\"image\/png\" \/>\n<meta name=\"twitter:card\" content=\"summary_large_image\" \/>\n<meta name=\"twitter:label1\" content=\"Tiempo de lectura\" \/>\n\t<meta name=\"twitter:data1\" content=\"1 minuto\" \/>\n<script type=\"application\/ld+json\" class=\"yoast-schema-graph\">{\"@context\":\"https:\/\/schema.org\",\"@graph\":[{\"@type\":\"WebPage\",\"@id\":\"https:\/\/stomamedical.es\/es\/gynecology-and-obstetrics\",\"url\":\"https:\/\/stomamedical.es\/es\/gynecology-and-obstetrics\",\"name\":\"Ginecolog\u00eda y Obstetricia - DR. STOMA MEDICAL CENTER\",\"isPartOf\":{\"@id\":\"https:\/\/stomamedical.es\/es#website\"},\"primaryImageOfPage\":{\"@id\":\"https:\/\/stomamedical.es\/es\/gynecology-and-obstetrics#primaryimage\"},\"image\":{\"@id\":\"https:\/\/stomamedical.es\/es\/gynecology-and-obstetrics#primaryimage\"},\"thumbnailUrl\":\"https:\/\/stomamedical.es\/wp-content\/uploads\/2023\/07\/gynecology-and-obstetrics.png\",\"datePublished\":\"2015-09-23T12:28:50+00:00\",\"dateModified\":\"2023-09-21T16:49:43+00:00\",\"breadcrumb\":{\"@id\":\"https:\/\/stomamedical.es\/es\/gynecology-and-obstetrics#breadcrumb\"},\"inLanguage\":\"es\",\"potentialAction\":[{\"@type\":\"ReadAction\",\"target\":[\"https:\/\/stomamedical.es\/es\/gynecology-and-obstetrics\"]}]},{\"@type\":\"ImageObject\",\"inLanguage\":\"es\",\"@id\":\"https:\/\/stomamedical.es\/es\/gynecology-and-obstetrics#primaryimage\",\"url\":\"https:\/\/stomamedical.es\/wp-content\/uploads\/2023\/07\/gynecology-and-obstetrics.png\",\"contentUrl\":\"https:\/\/stomamedical.es\/wp-content\/uploads\/2023\/07\/gynecology-and-obstetrics.png\",\"width\":2646,\"height\":1746},{\"@type\":\"BreadcrumbList\",\"@id\":\"https:\/\/stomamedical.es\/es\/gynecology-and-obstetrics#breadcrumb\",\"itemListElement\":[{\"@type\":\"ListItem\",\"position\":1,\"name\":\"Home\",\"item\":\"https:\/\/stomamedical.es\/es\"},{\"@type\":\"ListItem\",\"position\":2,\"name\":\"Ginecolog\u00eda y Obstetricia\"}]},{\"@type\":\"WebSite\",\"@id\":\"https:\/\/stomamedical.es\/es#website\",\"url\":\"https:\/\/stomamedical.es\/es\",\"name\":\"DR. STOMA MEDICAL CENTER\",\"description\":\"INTERNATIONAL MEDICAL CENTER SPECIALIZED IN PREVENTIVE MEDICINE\",\"publisher\":{\"@id\":\"https:\/\/stomamedical.es\/es#organization\"},\"potentialAction\":[{\"@type\":\"SearchAction\",\"target\":{\"@type\":\"EntryPoint\",\"urlTemplate\":\"https:\/\/stomamedical.es\/es?s={search_term_string}\"},\"query-input\":{\"@type\":\"PropertyValueSpecification\",\"valueRequired\":true,\"valueName\":\"search_term_string\"}}],\"inLanguage\":\"es\"},{\"@type\":\"Organization\",\"@id\":\"https:\/\/stomamedical.es\/es#organization\",\"name\":\"DR. STOMA MEDICAL CENTER\",\"url\":\"https:\/\/stomamedical.es\/es\",\"logo\":{\"@type\":\"ImageObject\",\"inLanguage\":\"es\",\"@id\":\"https:\/\/stomamedical.es\/es#\/schema\/logo\/image\/\",\"url\":\"https:\/\/stomamedical.es\/wp-content\/uploads\/2023\/07\/logo-stoma-medical.png\",\"contentUrl\":\"https:\/\/stomamedical.es\/wp-content\/uploads\/2023\/07\/logo-stoma-medical.png\",\"width\":300,\"height\":91,\"caption\":\"DR. STOMA MEDICAL CENTER\"},\"image\":{\"@id\":\"https:\/\/stomamedical.es\/es#\/schema\/logo\/image\/\"}}]}<\/script>\n<!-- \/ Yoast SEO plugin. -->","yoast_head_json":{"title":"Ginecolog\u00eda y Obstetricia - DR. STOMA MEDICAL CENTER","robots":{"index":"index","follow":"follow","max-snippet":"max-snippet:-1","max-image-preview":"max-image-preview:large","max-video-preview":"max-video-preview:-1"},"canonical":"https:\/\/stomamedical.es\/es\/gynecology-and-obstetrics","og_locale":"es_ES","og_type":"article","og_title":"Ginecolog\u00eda y Obstetricia - DR. STOMA MEDICAL CENTER","og_description":"This text is placed into the page excerpt field. To set the page icon, just add a \"custom_icon\" custom field and set it to desired icon class. Continue reading &ldquo;Ginecolog\u00eda y Obstetricia&rdquo;&hellip;","og_url":"https:\/\/stomamedical.es\/es\/gynecology-and-obstetrics","og_site_name":"DR. STOMA MEDICAL CENTER","article_modified_time":"2023-09-21T16:49:43+00:00","og_image":[{"width":1024,"height":676,"url":"https:\/\/stomamedical.es\/wp-content\/uploads\/2023\/07\/gynecology-and-obstetrics-1024x676.png","type":"image\/png"}],"twitter_card":"summary_large_image","twitter_misc":{"Tiempo de lectura":"1 minuto"},"schema":{"@context":"https:\/\/schema.org","@graph":[{"@type":"WebPage","@id":"https:\/\/stomamedical.es\/es\/gynecology-and-obstetrics","url":"https:\/\/stomamedical.es\/es\/gynecology-and-obstetrics","name":"Ginecolog\u00eda y Obstetricia - DR. STOMA MEDICAL CENTER","isPartOf":{"@id":"https:\/\/stomamedical.es\/es#website"},"primaryImageOfPage":{"@id":"https:\/\/stomamedical.es\/es\/gynecology-and-obstetrics#primaryimage"},"image":{"@id":"https:\/\/stomamedical.es\/es\/gynecology-and-obstetrics#primaryimage"},"thumbnailUrl":"https:\/\/stomamedical.es\/wp-content\/uploads\/2023\/07\/gynecology-and-obstetrics.png","datePublished":"2015-09-23T12:28:50+00:00","dateModified":"2023-09-21T16:49:43+00:00","breadcrumb":{"@id":"https:\/\/stomamedical.es\/es\/gynecology-and-obstetrics#breadcrumb"},"inLanguage":"es","potentialAction":[{"@type":"ReadAction","target":["https:\/\/stomamedical.es\/es\/gynecology-and-obstetrics"]}]},{"@type":"ImageObject","inLanguage":"es","@id":"https:\/\/stomamedical.es\/es\/gynecology-and-obstetrics#primaryimage","url":"https:\/\/stomamedical.es\/wp-content\/uploads\/2023\/07\/gynecology-and-obstetrics.png","contentUrl":"https:\/\/stomamedical.es\/wp-content\/uploads\/2023\/07\/gynecology-and-obstetrics.png","width":2646,"height":1746},{"@type":"BreadcrumbList","@id":"https:\/\/stomamedical.es\/es\/gynecology-and-obstetrics#breadcrumb","itemListElement":[{"@type":"ListItem","position":1,"name":"Home","item":"https:\/\/stomamedical.es\/es"},{"@type":"ListItem","position":2,"name":"Ginecolog\u00eda y Obstetricia"}]},{"@type":"WebSite","@id":"https:\/\/stomamedical.es\/es#website","url":"https:\/\/stomamedical.es\/es","name":"DR. STOMA MEDICAL CENTER","description":"INTERNATIONAL MEDICAL CENTER SPECIALIZED IN PREVENTIVE MEDICINE","publisher":{"@id":"https:\/\/stomamedical.es\/es#organization"},"potentialAction":[{"@type":"SearchAction","target":{"@type":"EntryPoint","urlTemplate":"https:\/\/stomamedical.es\/es?s={search_term_string}"},"query-input":{"@type":"PropertyValueSpecification","valueRequired":true,"valueName":"search_term_string"}}],"inLanguage":"es"},{"@type":"Organization","@id":"https:\/\/stomamedical.es\/es#organization","name":"DR. STOMA MEDICAL CENTER","url":"https:\/\/stomamedical.es\/es","logo":{"@type":"ImageObject","inLanguage":"es","@id":"https:\/\/stomamedical.es\/es#\/schema\/logo\/image\/","url":"https:\/\/stomamedical.es\/wp-content\/uploads\/2023\/07\/logo-stoma-medical.png","contentUrl":"https:\/\/stomamedical.es\/wp-content\/uploads\/2023\/07\/logo-stoma-medical.png","width":300,"height":91,"caption":"DR. STOMA MEDICAL CENTER"},"image":{"@id":"https:\/\/stomamedical.es\/es#\/schema\/logo\/image\/"}}]}},"_links":{"self":[{"href":"https:\/\/stomamedical.es\/es\/wp-json\/wp\/v2\/pages\/2704","targetHints":{"allow":["GET"]}}],"collection":[{"href":"https:\/\/stomamedical.es\/es\/wp-json\/wp\/v2\/pages"}],"about":[{"href":"https:\/\/stomamedical.es\/es\/wp-json\/wp\/v2\/types\/page"}],"author":[{"embeddable":true,"href":"https:\/\/stomamedical.es\/es\/wp-json\/wp\/v2\/users\/1"}],"replies":[{"embeddable":true,"href":"https:\/\/stomamedical.es\/es\/wp-json\/wp\/v2\/comments?post=2704"}],"version-history":[{"count":3,"href":"https:\/\/stomamedical.es\/es\/wp-json\/wp\/v2\/pages\/2704\/revisions"}],"predecessor-version":[{"id":2730,"href":"https:\/\/stomamedical.es\/es\/wp-json\/wp\/v2\/pages\/2704\/revisions\/2730"}],"wp:featuredmedia":[{"embeddable":true,"href":"https:\/\/stomamedical.es\/es\/wp-json\/wp\/v2\/media\/2407"}],"wp:attachment":[{"href":"https:\/\/stomamedical.es\/es\/wp-json\/wp\/v2\/media?parent=2704"}],"curies":[{"name":"wp","href":"https:\/\/api.w.org\/{rel}","templated":true}]}}