{"id":2674,"date":"2023-07-31T12:36:55","date_gmt":"2023-07-31T10:36:55","guid":{"rendered":"https:\/\/stomamedical.es\/accessibility"},"modified":"2023-09-26T15:09:17","modified_gmt":"2023-09-26T13:09:17","slug":"accesibilidad","status":"publish","type":"page","link":"https:\/\/stomamedical.es\/es\/accesibilidad","title":{"rendered":"Accesibilidad"},"content":{"rendered":"<div class=\"fy-canvas\">\n<div class=\"fy-wrap\">\n<div class=\"fy-wrap-centerer fy-centerer\">\n<div class=\"fy-flex-container fy-flex-gutter-large\">\n<p><span style=\"color: var(--color_content_headings); font-family: var(--typography_fonts_headings); font-size: 1.9em; background-color: var(--color_content_background);\">Declaraci\u00f3n de accesibilidad<\/span><\/p>\n<div class=\"fy-page-content fy-main-content fy-content js-images\">\n<p>DR. STOMA MEDICAL CENTER se ha comprometido a hacer accesible su sitio web de conformidad con la Normativa Europea EN 301 549 V3.2.1 (2021-03), sobre Requisitos de accesibilidad para productos y servicios TIC.<\/p>\n<p>La presente declaraci\u00f3n de accesibilidad se aplica al sitio web <a href=\"https:\/\/www.stomamedical.es\/\">https:\/\/www.stomamedical.es\/<\/a><\/p>\n<p>(los subdominios de este sitio web tendr\u00e1n sus propias declaraciones de accesibilidad).<\/p>\n<p><strong>Situaci\u00f3n de cumplimiento<\/strong><\/p>\n<p>Este sitio web es<strong>\u00a0plenamente\u00a0conforme\u00a0<\/strong>con la Normativa Europea EN 301 549 V3.2.1 (2021-03)<\/p>\n<p><strong>Preparaci\u00f3n de la presente declaraci\u00f3n de accesibilidad<\/strong><\/p>\n<p>La presente declaraci\u00f3n fue redactada 19 de septiembre de 2023.<\/p>\n<p>El m\u00e9todo utilizado para preparar la declaraci\u00f3n ha sido una autoevaluaci\u00f3n llevada a cabo por la propia empresa de desarrollo web (agente digitalizador).<\/p>\n<p><strong>Observaciones y datos de contacto<\/strong><\/p>\n<p>Puede realizar comunicaciones sobre requisitos de accesibilidad como, por ejemplo:<\/p>\n<ul>\n<li>Informar sobre cualquier posible incumplimiento por parte de este sitio web.<\/li>\n<li>Transmitir otras dificultades de acceso al contenido.<\/li>\n<li>Formular cualquier otra consulta o sugerencia de mejora relativa a la accesibilidad del sitio web.<\/li>\n<\/ul>\n<p>A trav\u00e9s del correo electr\u00f3nico <a class=\"email-nospam\" href=\"mailto:info@drstoma.com\" data-address=\"info@drstoma.com\">info@drstoma.com<\/a>.<\/p>\n<p>Tambi\u00e9n puede solicitar en formato accesible informaci\u00f3n que no cumpla con los requisitos de accesibilidad bien por estar excluida, bien por estar exenta por carga desproporcionada; o formular una queja por incumplimiento de los requisitos de accesibilidad.<\/p>\n<p><strong>Contenido opcional<\/strong><\/p>\n<p>La versi\u00f3n actualmente visible de este sitio web es de septiembre de 2023 y en esa fecha se hizo la revisi\u00f3n del nivel de accesibilidad vigente en aquel momento.<\/p>\n<p>A partir de dicha fecha se llevan a cabo revisiones parciales del contenido web nuevo o modificado, tanto de las plantillas como de las p\u00e1ginas y documentos finales publicados, a fin de asegurar el cumplimiento de los requerimientos de accesibilidad de la Norma EN 301 549 V3.2.1 (2021-03).<\/p>\n<p>Entre otras se adoptan las siguientes medidas para facilitar la accesibilidad:<\/p>\n<ul>\n<li>Utilizaci\u00f3n de texto alternativo en las im\u00e1genes, salvo en las im\u00e1genes meramente decorativas<\/li>\n<li>Uso de los est\u00e1ndares del W3C: XHTML 1.0, CSS 3.0, WAI AA.<\/li>\n<\/ul>\n<p>El sitio web est\u00e1 optimizado para las \u00faltimas versiones vigentes de los navegadores Edge, FireFox, Safari, Opera y Google Chrome. La resoluci\u00f3n web m\u00ednima recomendada es de 1280\u00d71024.<\/p>\n<p>El sitio web est\u00e1 dise\u00f1ado para su visualizaci\u00f3n Responsive (adaptable), con lo que se visualiza de forma \u00f3ptima en los dispositivos m\u00f3viles (tablet y smartphones). En estos dispositivos est\u00e1 optimizado para su visualizaci\u00f3n en las \u00faltimas versiones vigentes de Chrome for mobile, Firefox for mobile, Safari mobile, Opera Mini y navegador nativo de Android.<\/p>\n<\/div>\n<p>&nbsp;<\/p>\n<\/div>\n<\/div>\n<\/div>\n<\/div>\n","protected":false},"excerpt":{"rendered":"<div class=\"entry-summary\">\n<div class=\"entry-summary\">\nDeclaraci\u00f3n de accesibilidad DR. STOMA MEDICAL CENTER se ha comprometido a hacer accesible su sitio web de conformidad&hellip;\n<\/div>\n<div class=\"link-more\"><a href=\"https:\/\/stomamedical.es\/es\/accesibilidad\" class=\"more-link\">Continue reading<span class=\"screen-reader-text\"> &ldquo;Accesibilidad&rdquo;<\/span>&hellip;<\/a><\/div>\n<\/div>\n<div class=\"link-more\"><a href=\"https:\/\/stomamedical.es\/es\/accesibilidad\" class=\"more-link\">Continue reading<span class=\"screen-reader-text\"> &ldquo;Accesibilidad&rdquo;<\/span>&hellip;<\/a><\/div>\n","protected":false},"author":1,"featured_media":0,"parent":0,"menu_order":0,"comment_status":"closed","ping_status":"closed","template":"templates\/no-title.php","meta":{"footnotes":""},"class_list":["post-2674","page","type-page","status-publish","hentry","entry"],"yoast_head":"<!-- This site is optimized with the Yoast SEO plugin v24.7 - https:\/\/yoast.com\/wordpress\/plugins\/seo\/ -->\n<title>Accesibilidad - DR. STOMA MEDICAL CENTER<\/title>\n<meta name=\"robots\" content=\"index, follow, max-snippet:-1, max-image-preview:large, max-video-preview:-1\" \/>\n<link rel=\"canonical\" href=\"https:\/\/stomamedical.es\/es\/accesibilidad\" \/>\n<meta property=\"og:locale\" content=\"es_ES\" \/>\n<meta property=\"og:type\" content=\"article\" \/>\n<meta property=\"og:title\" content=\"Accesibilidad - DR. STOMA MEDICAL CENTER\" \/>\n<meta property=\"og:description\" content=\"Declaraci\u00f3n de accesibilidad DR. STOMA MEDICAL CENTER se ha comprometido a hacer accesible su sitio web de conformidad&hellip; Continue reading &ldquo;Accesibilidad&rdquo;&hellip;\" \/>\n<meta property=\"og:url\" content=\"https:\/\/stomamedical.es\/es\/accesibilidad\" \/>\n<meta property=\"og:site_name\" content=\"DR. STOMA MEDICAL CENTER\" \/>\n<meta property=\"article:modified_time\" content=\"2023-09-26T13:09:17+00:00\" \/>\n<meta name=\"twitter:card\" content=\"summary_large_image\" \/>\n<meta name=\"twitter:label1\" content=\"Tiempo de lectura\" \/>\n\t<meta name=\"twitter:data1\" content=\"2 minutos\" \/>\n<script type=\"application\/ld+json\" class=\"yoast-schema-graph\">{\"@context\":\"https:\/\/schema.org\",\"@graph\":[{\"@type\":\"WebPage\",\"@id\":\"https:\/\/stomamedical.es\/es\/accesibilidad\",\"url\":\"https:\/\/stomamedical.es\/es\/accesibilidad\",\"name\":\"Accesibilidad - DR. STOMA MEDICAL CENTER\",\"isPartOf\":{\"@id\":\"https:\/\/stomamedical.es\/es#website\"},\"datePublished\":\"2023-07-31T10:36:55+00:00\",\"dateModified\":\"2023-09-26T13:09:17+00:00\",\"breadcrumb\":{\"@id\":\"https:\/\/stomamedical.es\/es\/accesibilidad#breadcrumb\"},\"inLanguage\":\"es\",\"potentialAction\":[{\"@type\":\"ReadAction\",\"target\":[\"https:\/\/stomamedical.es\/es\/accesibilidad\"]}]},{\"@type\":\"BreadcrumbList\",\"@id\":\"https:\/\/stomamedical.es\/es\/accesibilidad#breadcrumb\",\"itemListElement\":[{\"@type\":\"ListItem\",\"position\":1,\"name\":\"Home\",\"item\":\"https:\/\/stomamedical.es\/es\"},{\"@type\":\"ListItem\",\"position\":2,\"name\":\"Accesibilidad\"}]},{\"@type\":\"WebSite\",\"@id\":\"https:\/\/stomamedical.es\/es#website\",\"url\":\"https:\/\/stomamedical.es\/es\",\"name\":\"DR. STOMA MEDICAL CENTER\",\"description\":\"INTERNATIONAL MEDICAL CENTER SPECIALIZED IN PREVENTIVE MEDICINE\",\"publisher\":{\"@id\":\"https:\/\/stomamedical.es\/es#organization\"},\"potentialAction\":[{\"@type\":\"SearchAction\",\"target\":{\"@type\":\"EntryPoint\",\"urlTemplate\":\"https:\/\/stomamedical.es\/es?s={search_term_string}\"},\"query-input\":{\"@type\":\"PropertyValueSpecification\",\"valueRequired\":true,\"valueName\":\"search_term_string\"}}],\"inLanguage\":\"es\"},{\"@type\":\"Organization\",\"@id\":\"https:\/\/stomamedical.es\/es#organization\",\"name\":\"DR. STOMA MEDICAL CENTER\",\"url\":\"https:\/\/stomamedical.es\/es\",\"logo\":{\"@type\":\"ImageObject\",\"inLanguage\":\"es\",\"@id\":\"https:\/\/stomamedical.es\/es#\/schema\/logo\/image\/\",\"url\":\"https:\/\/stomamedical.es\/wp-content\/uploads\/2023\/07\/logo-stoma-medical.png\",\"contentUrl\":\"https:\/\/stomamedical.es\/wp-content\/uploads\/2023\/07\/logo-stoma-medical.png\",\"width\":300,\"height\":91,\"caption\":\"DR. STOMA MEDICAL CENTER\"},\"image\":{\"@id\":\"https:\/\/stomamedical.es\/es#\/schema\/logo\/image\/\"}}]}<\/script>\n<!-- \/ Yoast SEO plugin. -->","yoast_head_json":{"title":"Accesibilidad - DR. STOMA MEDICAL CENTER","robots":{"index":"index","follow":"follow","max-snippet":"max-snippet:-1","max-image-preview":"max-image-preview:large","max-video-preview":"max-video-preview:-1"},"canonical":"https:\/\/stomamedical.es\/es\/accesibilidad","og_locale":"es_ES","og_type":"article","og_title":"Accesibilidad - DR. STOMA MEDICAL CENTER","og_description":"Declaraci\u00f3n de accesibilidad DR. STOMA MEDICAL CENTER se ha comprometido a hacer accesible su sitio web de conformidad&hellip; Continue reading &ldquo;Accesibilidad&rdquo;&hellip;","og_url":"https:\/\/stomamedical.es\/es\/accesibilidad","og_site_name":"DR. STOMA MEDICAL CENTER","article_modified_time":"2023-09-26T13:09:17+00:00","twitter_card":"summary_large_image","twitter_misc":{"Tiempo de lectura":"2 minutos"},"schema":{"@context":"https:\/\/schema.org","@graph":[{"@type":"WebPage","@id":"https:\/\/stomamedical.es\/es\/accesibilidad","url":"https:\/\/stomamedical.es\/es\/accesibilidad","name":"Accesibilidad - DR. STOMA MEDICAL CENTER","isPartOf":{"@id":"https:\/\/stomamedical.es\/es#website"},"datePublished":"2023-07-31T10:36:55+00:00","dateModified":"2023-09-26T13:09:17+00:00","breadcrumb":{"@id":"https:\/\/stomamedical.es\/es\/accesibilidad#breadcrumb"},"inLanguage":"es","potentialAction":[{"@type":"ReadAction","target":["https:\/\/stomamedical.es\/es\/accesibilidad"]}]},{"@type":"BreadcrumbList","@id":"https:\/\/stomamedical.es\/es\/accesibilidad#breadcrumb","itemListElement":[{"@type":"ListItem","position":1,"name":"Home","item":"https:\/\/stomamedical.es\/es"},{"@type":"ListItem","position":2,"name":"Accesibilidad"}]},{"@type":"WebSite","@id":"https:\/\/stomamedical.es\/es#website","url":"https:\/\/stomamedical.es\/es","name":"DR. STOMA MEDICAL CENTER","description":"INTERNATIONAL MEDICAL CENTER SPECIALIZED IN PREVENTIVE MEDICINE","publisher":{"@id":"https:\/\/stomamedical.es\/es#organization"},"potentialAction":[{"@type":"SearchAction","target":{"@type":"EntryPoint","urlTemplate":"https:\/\/stomamedical.es\/es?s={search_term_string}"},"query-input":{"@type":"PropertyValueSpecification","valueRequired":true,"valueName":"search_term_string"}}],"inLanguage":"es"},{"@type":"Organization","@id":"https:\/\/stomamedical.es\/es#organization","name":"DR. STOMA MEDICAL CENTER","url":"https:\/\/stomamedical.es\/es","logo":{"@type":"ImageObject","inLanguage":"es","@id":"https:\/\/stomamedical.es\/es#\/schema\/logo\/image\/","url":"https:\/\/stomamedical.es\/wp-content\/uploads\/2023\/07\/logo-stoma-medical.png","contentUrl":"https:\/\/stomamedical.es\/wp-content\/uploads\/2023\/07\/logo-stoma-medical.png","width":300,"height":91,"caption":"DR. STOMA MEDICAL CENTER"},"image":{"@id":"https:\/\/stomamedical.es\/es#\/schema\/logo\/image\/"}}]}},"_links":{"self":[{"href":"https:\/\/stomamedical.es\/es\/wp-json\/wp\/v2\/pages\/2674","targetHints":{"allow":["GET"]}}],"collection":[{"href":"https:\/\/stomamedical.es\/es\/wp-json\/wp\/v2\/pages"}],"about":[{"href":"https:\/\/stomamedical.es\/es\/wp-json\/wp\/v2\/types\/page"}],"author":[{"embeddable":true,"href":"https:\/\/stomamedical.es\/es\/wp-json\/wp\/v2\/users\/1"}],"replies":[{"embeddable":true,"href":"https:\/\/stomamedical.es\/es\/wp-json\/wp\/v2\/comments?post=2674"}],"version-history":[{"count":3,"href":"https:\/\/stomamedical.es\/es\/wp-json\/wp\/v2\/pages\/2674\/revisions"}],"predecessor-version":[{"id":2756,"href":"https:\/\/stomamedical.es\/es\/wp-json\/wp\/v2\/pages\/2674\/revisions\/2756"}],"wp:attachment":[{"href":"https:\/\/stomamedical.es\/es\/wp-json\/wp\/v2\/media?parent=2674"}],"curies":[{"name":"wp","href":"https:\/\/api.w.org\/{rel}","templated":true}]}}