{"id":2647,"date":"2023-07-18T12:00:44","date_gmt":"2023-07-18T10:00:44","guid":{"rendered":"https:\/\/stomamedical.es\/contacte-con-nosotros"},"modified":"2023-09-25T12:29:40","modified_gmt":"2023-09-25T10:29:40","slug":"contacte-con-nosotros","status":"publish","type":"page","link":"https:\/\/stomamedical.es\/es\/contacte-con-nosotros","title":{"rendered":"Contacte con nosotros"},"content":{"rendered":"\n\n\t<h2><strong>Contacte con nosotros<\/strong><\/h2>\nCENTRO M\u00c9DICO DR STOMA<br \/>\nC\/ Tud\u00f3, 11 Son Ferrer, Calvi\u00e0<br \/>\n07181, Mallorca, Islas Baleares, Espa\u00f1a.\n<strong>Tel:<\/strong> <a href=\"tel:+34871201007\">871-201-007<\/a><br \/>\n<strong>WhatsApp:<\/strong> <a href=\"https:\/\/wa.me\/34626427068\" target=\"_blank\" rel=\"noopener\">+34 626 427 068<\/a><br \/>\n<strong>Email:<\/strong> <a href=\"mailto:info@drstoma.com\" target=\"_blank\" rel=\"noopener\">info@drstoma.com<\/a>\n\t<h2><strong>Servicios<\/strong><\/h2>\n<ul>\n<li>Farmacia (Carrer Condor esquina Carrer Tudo),<\/li>\n<li>Cafeter\u00eda (al lado)<\/li>\n<li>Paradas de autob\u00fas en la calle Tudo<\/li>\n<li>Espacio para estacionar<\/li>\n<li>Wifi en la consulta.<\/li>\n<li>Rampas para sillas de ruedas.<\/li>\n<\/ul>\n\t<h3>Contacto<\/h3>\n\n<div class=\"wpcf7 no-js\" id=\"wpcf7-f2754-o1\" lang=\"es-ES\" dir=\"ltr\" data-wpcf7-id=\"2754\">\n<div class=\"screen-reader-response\"><p role=\"status\" aria-live=\"polite\" aria-atomic=\"true\"><\/p> <ul><\/ul><\/div>\n<form action=\"\/es\/wp-json\/wp\/v2\/pages\/2647#wpcf7-f2754-o1\" method=\"post\" class=\"wpcf7-form init\" aria-label=\"Formulario de contacto\" novalidate=\"novalidate\" data-status=\"init\">\n<div style=\"display: none;\">\n<input type=\"hidden\" name=\"_wpcf7\" value=\"2754\" \/>\n<input type=\"hidden\" name=\"_wpcf7_version\" value=\"6.0.5\" \/>\n<input type=\"hidden\" name=\"_wpcf7_locale\" value=\"es_ES\" \/>\n<input type=\"hidden\" name=\"_wpcf7_unit_tag\" value=\"wpcf7-f2754-o1\" \/>\n<input type=\"hidden\" name=\"_wpcf7_container_post\" value=\"0\" \/>\n<input type=\"hidden\" name=\"_wpcf7_posted_data_hash\" value=\"\" \/>\n<input type=\"hidden\" name=\"_wpcf7_recaptcha_response\" value=\"\" \/>\n<\/div>\n<p style=\"width: 48%; float: left;\"><label for=\"name\"> Nombre<\/label><br \/>\n<span class=\"wpcf7-form-control-wrap\" data-name=\"your-name\"><input size=\"40\" maxlength=\"400\" class=\"wpcf7-form-control wpcf7-text wpcf7-validates-as-required\" id=\"name\" autocomplete=\"name\" aria-required=\"true\" aria-invalid=\"false\" value=\"\" type=\"text\" name=\"your-name\" \/><\/span>\n<\/p>\n<p style=\"width: 48%; float: right;\"><label for=\"email\"> Email<\/label><br \/>\n<span class=\"wpcf7-form-control-wrap\" data-name=\"your-email\"><input size=\"40\" maxlength=\"400\" class=\"wpcf7-form-control wpcf7-email wpcf7-validates-as-required wpcf7-text wpcf7-validates-as-email\" id=\"email\" autocomplete=\"email\" aria-required=\"true\" aria-invalid=\"false\" value=\"\" type=\"email\" name=\"your-email\" \/><\/span>\n<\/p>\n<p><label for=\"message\"> Mensaje (opcional)<\/label><br \/>\n<span class=\"wpcf7-form-control-wrap\" data-name=\"your-message\"><textarea cols=\"40\" rows=\"5\" maxlength=\"2000\" class=\"wpcf7-form-control wpcf7-textarea\" id=\"message\" aria-invalid=\"false\" name=\"your-message\"><\/textarea><\/span>\n<\/p>\n<p><span class=\"wpcf7-form-control-wrap\" data-name=\"acceptance-163\"><span class=\"wpcf7-form-control wpcf7-acceptance\"><span class=\"wpcf7-list-item\"><label><input type=\"checkbox\" name=\"acceptance-163\" value=\"1\" aria-invalid=\"false\" \/><span class=\"wpcf7-list-item-label\">He le\u00eddo y acepto la <a href=\"\/es\/politica-de-privacidad\">Pol\u00edtica de Privacidad<\/a><\/span><\/label><\/span><\/span><\/span>\n<\/p>\n<p><input class=\"wpcf7-form-control wpcf7-submit has-spinner\" type=\"submit\" value=\"Enviar\" \/>\n<\/p><div class=\"wpcf7-response-output\" aria-hidden=\"true\"><\/div>\n<\/form>\n<\/div>\n\n\t<iframe src=\"https:\/\/www.google.com\/maps\/embed?pb=!1m18!1m12!1m3!1d8708.205605288847!2d2.4982592886673802!3d39.49607642388012!2m3!1f0!2f0!3f0!3m2!1i1024!2i768!4f13.1!3m3!1m2!1s0x129788fc5fc703fd%3A0xfa8af8a9b1594a26!2sCarrer%20Tud%C3%B3%2C%2011%2C%2007181%20Son%20Ferrer%2C%20Illes%20Balears!5e0!3m2!1ses!2ses!4v1689675236503!5m2!1ses!2ses\" width=\"600\" height=\"450\" allowfullscreen=\"\" loading=\"lazy\" referrerpolicy=\"no-referrer-when-downgrade\"><\/iframe>\n\n","protected":false},"excerpt":{"rendered":"<div class=\"entry-summary\">\n<div class=\"entry-summary\">\nContacte con nosotros CENTRO M\u00c9DICO DR STOMA C\/ Tud\u00f3, 11 Son Ferrer, Calvi\u00e0 07181, Mallorca, Islas Baleares, Espa\u00f1a.&hellip;\n<\/div>\n<div class=\"link-more\"><a href=\"https:\/\/stomamedical.es\/es\/contacte-con-nosotros\" class=\"more-link\">Continue reading<span class=\"screen-reader-text\"> &ldquo;Contacte con nosotros&rdquo;<\/span>&hellip;<\/a><\/div>\n<\/div>\n<div class=\"link-more\"><a href=\"https:\/\/stomamedical.es\/es\/contacte-con-nosotros\" class=\"more-link\">Continue reading<span class=\"screen-reader-text\"> &ldquo;Contacte con nosotros&rdquo;<\/span>&hellip;<\/a><\/div>\n","protected":false},"author":1,"featured_media":2499,"parent":0,"menu_order":0,"comment_status":"closed","ping_status":"closed","template":"","meta":{"footnotes":""},"class_list":["post-2647","page","type-page","status-publish","has-post-thumbnail","hentry","entry"],"yoast_head":"<!-- This site is optimized with the Yoast SEO plugin v24.7 - https:\/\/yoast.com\/wordpress\/plugins\/seo\/ -->\n<title>Contacte con nosotros - DR. STOMA MEDICAL CENTER<\/title>\n<meta name=\"robots\" content=\"index, follow, max-snippet:-1, max-image-preview:large, max-video-preview:-1\" \/>\n<link rel=\"canonical\" href=\"https:\/\/stomamedical.es\/es\/contacte-con-nosotros\" \/>\n<meta property=\"og:locale\" content=\"es_ES\" \/>\n<meta property=\"og:type\" content=\"article\" \/>\n<meta property=\"og:title\" content=\"Contacte con nosotros - DR. STOMA MEDICAL CENTER\" \/>\n<meta property=\"og:description\" content=\"Contacte con nosotros CENTRO M\u00c9DICO DR STOMA C\/ Tud\u00f3, 11 Son Ferrer, Calvi\u00e0 07181, Mallorca, Islas Baleares, Espa\u00f1a.&hellip; Continue reading &ldquo;Contacte con nosotros&rdquo;&hellip;\" \/>\n<meta property=\"og:url\" content=\"https:\/\/stomamedical.es\/es\/contacte-con-nosotros\" \/>\n<meta property=\"og:site_name\" content=\"DR. STOMA MEDICAL CENTER\" \/>\n<meta property=\"article:modified_time\" content=\"2023-09-25T10:29:40+00:00\" \/>\n<meta property=\"og:image\" content=\"https:\/\/stomamedical.es\/wp-content\/uploads\/centro-medico-mallorca-1024x557.png\" \/>\n\t<meta property=\"og:image:width\" content=\"1024\" \/>\n\t<meta property=\"og:image:height\" content=\"557\" \/>\n\t<meta property=\"og:image:type\" content=\"image\/png\" \/>\n<meta name=\"twitter:card\" content=\"summary_large_image\" \/>\n<meta name=\"twitter:label1\" content=\"Tiempo de lectura\" \/>\n\t<meta name=\"twitter:data1\" content=\"1 minuto\" \/>\n<script type=\"application\/ld+json\" class=\"yoast-schema-graph\">{\"@context\":\"https:\/\/schema.org\",\"@graph\":[{\"@type\":\"WebPage\",\"@id\":\"https:\/\/stomamedical.es\/es\/contacte-con-nosotros\",\"url\":\"https:\/\/stomamedical.es\/es\/contacte-con-nosotros\",\"name\":\"Contacte con nosotros - DR. STOMA MEDICAL CENTER\",\"isPartOf\":{\"@id\":\"https:\/\/stomamedical.es\/es#website\"},\"primaryImageOfPage\":{\"@id\":\"https:\/\/stomamedical.es\/es\/contacte-con-nosotros#primaryimage\"},\"image\":{\"@id\":\"https:\/\/stomamedical.es\/es\/contacte-con-nosotros#primaryimage\"},\"thumbnailUrl\":\"https:\/\/stomamedical.es\/wp-content\/uploads\/centro-medico-mallorca.png\",\"datePublished\":\"2023-07-18T10:00:44+00:00\",\"dateModified\":\"2023-09-25T10:29:40+00:00\",\"breadcrumb\":{\"@id\":\"https:\/\/stomamedical.es\/es\/contacte-con-nosotros#breadcrumb\"},\"inLanguage\":\"es\",\"potentialAction\":[{\"@type\":\"ReadAction\",\"target\":[\"https:\/\/stomamedical.es\/es\/contacte-con-nosotros\"]}]},{\"@type\":\"ImageObject\",\"inLanguage\":\"es\",\"@id\":\"https:\/\/stomamedical.es\/es\/contacte-con-nosotros#primaryimage\",\"url\":\"https:\/\/stomamedical.es\/wp-content\/uploads\/centro-medico-mallorca.png\",\"contentUrl\":\"https:\/\/stomamedical.es\/wp-content\/uploads\/centro-medico-mallorca.png\",\"width\":3024,\"height\":1646},{\"@type\":\"BreadcrumbList\",\"@id\":\"https:\/\/stomamedical.es\/es\/contacte-con-nosotros#breadcrumb\",\"itemListElement\":[{\"@type\":\"ListItem\",\"position\":1,\"name\":\"Home\",\"item\":\"https:\/\/stomamedical.es\/es\"},{\"@type\":\"ListItem\",\"position\":2,\"name\":\"Contacte con nosotros\"}]},{\"@type\":\"WebSite\",\"@id\":\"https:\/\/stomamedical.es\/es#website\",\"url\":\"https:\/\/stomamedical.es\/es\",\"name\":\"DR. STOMA MEDICAL CENTER\",\"description\":\"INTERNATIONAL MEDICAL CENTER SPECIALIZED IN PREVENTIVE MEDICINE\",\"publisher\":{\"@id\":\"https:\/\/stomamedical.es\/es#organization\"},\"potentialAction\":[{\"@type\":\"SearchAction\",\"target\":{\"@type\":\"EntryPoint\",\"urlTemplate\":\"https:\/\/stomamedical.es\/es?s={search_term_string}\"},\"query-input\":{\"@type\":\"PropertyValueSpecification\",\"valueRequired\":true,\"valueName\":\"search_term_string\"}}],\"inLanguage\":\"es\"},{\"@type\":\"Organization\",\"@id\":\"https:\/\/stomamedical.es\/es#organization\",\"name\":\"DR. STOMA MEDICAL CENTER\",\"url\":\"https:\/\/stomamedical.es\/es\",\"logo\":{\"@type\":\"ImageObject\",\"inLanguage\":\"es\",\"@id\":\"https:\/\/stomamedical.es\/es#\/schema\/logo\/image\/\",\"url\":\"https:\/\/stomamedical.es\/wp-content\/uploads\/2023\/07\/logo-stoma-medical.png\",\"contentUrl\":\"https:\/\/stomamedical.es\/wp-content\/uploads\/2023\/07\/logo-stoma-medical.png\",\"width\":300,\"height\":91,\"caption\":\"DR. STOMA MEDICAL CENTER\"},\"image\":{\"@id\":\"https:\/\/stomamedical.es\/es#\/schema\/logo\/image\/\"}}]}<\/script>\n<!-- \/ Yoast SEO plugin. -->","yoast_head_json":{"title":"Contacte con nosotros - DR. STOMA MEDICAL CENTER","robots":{"index":"index","follow":"follow","max-snippet":"max-snippet:-1","max-image-preview":"max-image-preview:large","max-video-preview":"max-video-preview:-1"},"canonical":"https:\/\/stomamedical.es\/es\/contacte-con-nosotros","og_locale":"es_ES","og_type":"article","og_title":"Contacte con nosotros - DR. STOMA MEDICAL CENTER","og_description":"Contacte con nosotros CENTRO M\u00c9DICO DR STOMA C\/ Tud\u00f3, 11 Son Ferrer, Calvi\u00e0 07181, Mallorca, Islas Baleares, Espa\u00f1a.&hellip; Continue reading &ldquo;Contacte con nosotros&rdquo;&hellip;","og_url":"https:\/\/stomamedical.es\/es\/contacte-con-nosotros","og_site_name":"DR. STOMA MEDICAL CENTER","article_modified_time":"2023-09-25T10:29:40+00:00","og_image":[{"width":1024,"height":557,"url":"https:\/\/stomamedical.es\/wp-content\/uploads\/centro-medico-mallorca-1024x557.png","type":"image\/png"}],"twitter_card":"summary_large_image","twitter_misc":{"Tiempo de lectura":"1 minuto"},"schema":{"@context":"https:\/\/schema.org","@graph":[{"@type":"WebPage","@id":"https:\/\/stomamedical.es\/es\/contacte-con-nosotros","url":"https:\/\/stomamedical.es\/es\/contacte-con-nosotros","name":"Contacte con nosotros - DR. STOMA MEDICAL CENTER","isPartOf":{"@id":"https:\/\/stomamedical.es\/es#website"},"primaryImageOfPage":{"@id":"https:\/\/stomamedical.es\/es\/contacte-con-nosotros#primaryimage"},"image":{"@id":"https:\/\/stomamedical.es\/es\/contacte-con-nosotros#primaryimage"},"thumbnailUrl":"https:\/\/stomamedical.es\/wp-content\/uploads\/centro-medico-mallorca.png","datePublished":"2023-07-18T10:00:44+00:00","dateModified":"2023-09-25T10:29:40+00:00","breadcrumb":{"@id":"https:\/\/stomamedical.es\/es\/contacte-con-nosotros#breadcrumb"},"inLanguage":"es","potentialAction":[{"@type":"ReadAction","target":["https:\/\/stomamedical.es\/es\/contacte-con-nosotros"]}]},{"@type":"ImageObject","inLanguage":"es","@id":"https:\/\/stomamedical.es\/es\/contacte-con-nosotros#primaryimage","url":"https:\/\/stomamedical.es\/wp-content\/uploads\/centro-medico-mallorca.png","contentUrl":"https:\/\/stomamedical.es\/wp-content\/uploads\/centro-medico-mallorca.png","width":3024,"height":1646},{"@type":"BreadcrumbList","@id":"https:\/\/stomamedical.es\/es\/contacte-con-nosotros#breadcrumb","itemListElement":[{"@type":"ListItem","position":1,"name":"Home","item":"https:\/\/stomamedical.es\/es"},{"@type":"ListItem","position":2,"name":"Contacte con nosotros"}]},{"@type":"WebSite","@id":"https:\/\/stomamedical.es\/es#website","url":"https:\/\/stomamedical.es\/es","name":"DR. STOMA MEDICAL CENTER","description":"INTERNATIONAL MEDICAL CENTER SPECIALIZED IN PREVENTIVE MEDICINE","publisher":{"@id":"https:\/\/stomamedical.es\/es#organization"},"potentialAction":[{"@type":"SearchAction","target":{"@type":"EntryPoint","urlTemplate":"https:\/\/stomamedical.es\/es?s={search_term_string}"},"query-input":{"@type":"PropertyValueSpecification","valueRequired":true,"valueName":"search_term_string"}}],"inLanguage":"es"},{"@type":"Organization","@id":"https:\/\/stomamedical.es\/es#organization","name":"DR. STOMA MEDICAL CENTER","url":"https:\/\/stomamedical.es\/es","logo":{"@type":"ImageObject","inLanguage":"es","@id":"https:\/\/stomamedical.es\/es#\/schema\/logo\/image\/","url":"https:\/\/stomamedical.es\/wp-content\/uploads\/2023\/07\/logo-stoma-medical.png","contentUrl":"https:\/\/stomamedical.es\/wp-content\/uploads\/2023\/07\/logo-stoma-medical.png","width":300,"height":91,"caption":"DR. STOMA MEDICAL CENTER"},"image":{"@id":"https:\/\/stomamedical.es\/es#\/schema\/logo\/image\/"}}]}},"_links":{"self":[{"href":"https:\/\/stomamedical.es\/es\/wp-json\/wp\/v2\/pages\/2647","targetHints":{"allow":["GET"]}}],"collection":[{"href":"https:\/\/stomamedical.es\/es\/wp-json\/wp\/v2\/pages"}],"about":[{"href":"https:\/\/stomamedical.es\/es\/wp-json\/wp\/v2\/types\/page"}],"author":[{"embeddable":true,"href":"https:\/\/stomamedical.es\/es\/wp-json\/wp\/v2\/users\/1"}],"replies":[{"embeddable":true,"href":"https:\/\/stomamedical.es\/es\/wp-json\/wp\/v2\/comments?post=2647"}],"version-history":[{"count":1,"href":"https:\/\/stomamedical.es\/es\/wp-json\/wp\/v2\/pages\/2647\/revisions"}],"predecessor-version":[{"id":2648,"href":"https:\/\/stomamedical.es\/es\/wp-json\/wp\/v2\/pages\/2647\/revisions\/2648"}],"wp:featuredmedia":[{"embeddable":true,"href":"https:\/\/stomamedical.es\/es\/wp-json\/wp\/v2\/media\/2499"}],"wp:attachment":[{"href":"https:\/\/stomamedical.es\/es\/wp-json\/wp\/v2\/media?parent=2647"}],"curies":[{"name":"wp","href":"https:\/\/api.w.org\/{rel}","templated":true}]}}