{"id":2636,"date":"2015-09-20T22:58:19","date_gmt":"2015-09-20T20:58:19","guid":{"rendered":"https:\/\/stomamedical.es\/faqs"},"modified":"2025-12-02T18:59:44","modified_gmt":"2025-12-02T17:59:44","slug":"faqs","status":"publish","type":"page","link":"https:\/\/stomamedical.es\/es\/faqs","title":{"rendered":"FAQS"},"content":{"rendered":"\r\n<p>Si desea hacernos una pregunta, explore las preguntas frecuentes a continuaci\u00f3n que ya han sido respondidas. Si no encuentra la respuesta por favor contacte directamente<\/p>\r\n<h2>Respondiendo sus preguntas<\/h2>\r\n<p>Encuentre respuestas a las preguntas frecuentes a continuaci\u00f3n. Simplemente haga clic en la pregunta para revelar la respuesta. Utilice el filtro de tema de pregunta para limitar la lista.<\/p>\r\n<div class=\"wm-accordion clearfix\" data-active=\"0\" data-mode=\"accordion\">\r\n<div class=\"wm-item wm-item-wrap tag-Visit\"><h3 class=\"wm-item-title tag-Visit\" data-tags=\"tag-Visit\" data-tag-names=\"Visit\">\u00bfC\u00f3mo puedo concertar una cita?<\/h3><div class=\"wm-item-content clearfix Cmopuedoconcertarunacita\"><p>Llamando al tel\u00e9fono +34 871201007, enviando un correo electr\u00f3nico a <a href=\"mailto:info@drstoma.com\">info@drstoma.com<\/a>, o acudiendo al centro para solicitar cita personalmente.<\/p>\n<\/div><\/div>\r\n\r\n<div class=\"wm-item wm-item-wrap tag-Giving\"><h3 class=\"wm-item-title tag-Giving\" data-tags=\"tag-Giving\" data-tag-names=\"Giving\">\u00bfTodav\u00eda tenemos que usar m\u00e1scaras en la consulta?<\/h3><div class=\"wm-item-content clearfix Todavatenemosqueusarmscarasenlaconsulta\"><p>No, pero si padece una enfermedad respiratoria transmisible o si desea estar protegido en caso de que haya pacientes en el consultorio con dichas enfermedades, probablemente sea una buena idea usar uno.<\/p>\n<\/div><\/div>\r\n\r\n<div class=\"wm-item wm-item-wrap tag-X-ray\"><h3 class=\"wm-item-title tag-X-ray\" data-tags=\"tag-X-ray\" data-tag-names=\"X-ray\">\u00bfC\u00f3mo hago el an\u00e1lisis?<\/h3><div class=\"wm-item-content clearfix Cmohagoelanlisis\"><p>Puedes venir de lunes a viernes de 8:00 a 11:00 a hacerte la prueba.<\/p>\n<\/div><\/div>\r\n\r\n<div class=\"wm-item wm-item-wrap tag-X-ray\"><h3 class=\"wm-item-title tag-X-ray\" data-tags=\"tag-X-ray\" data-tag-names=\"X-ray\">\u00bfNecesito alg\u00fan documento para hacer el an\u00e1lisis?<\/h3><div class=\"wm-item-content clearfix Necesitoalgndocumentoparahacerelanlisis\"><p>Para realizar pruebas es necesario contar con la petici\u00f3n\/solicitud de laboratorio del m\u00e9dico que las prescribi\u00f3. Si tienes un seguro espa\u00f1ol deber\u00e1s traer tu tarjeta del seguro. Si no tienes la petici\u00f3n de tu m\u00e9dico, tendr\u00e1s que pedirnos que te preparemos una.<\/p>\n<\/div><\/div>\r\n\r\n<div class=\"wm-item wm-item-wrap tag-X-ray\"><h3 class=\"wm-item-title tag-X-ray\" data-tags=\"tag-X-ray\" data-tag-names=\"X-ray\">\u00bfC\u00f3mo recolecto muestras de heces?<\/h3><div class=\"wm-item-content clearfix Cmorecolectomuestrasdeheces\"><p>Lee las instrucciones incluidas en la bolsa que entregamos a los pacientes para sus revisiones.<\/p>\n<\/div><\/div>\r\n\r\n<div class=\"wm-item wm-item-wrap tag-X-ray\"><h3 class=\"wm-item-title tag-X-ray\" data-tags=\"tag-X-ray\" data-tag-names=\"X-ray\">\u00bfC\u00f3mo obtengo los resultados?<\/h3><div class=\"wm-item-content clearfix Cmoobtengolosresultados\"><p>Los pacientes deben venir personalmente a recoger los resultados de laboratorio y a que se los lean. Si quieres que alguien venga a recoger tus resultados tendr\u00e1s que hablar previamente con la secretaria para que te explique las normas. Normalmente visitamos a los pacientes cuando les damos los resultados de las pruebas. De esa forma nos aseguramos de que el paciente los haya entendido y los pasos que debe seguir.<\/p>\n<\/div><\/div>\r\n\r\n<div class=\"wm-item wm-item-wrap tag-X-ray\"><h3 class=\"wm-item-title tag-X-ray\" data-tags=\"tag-X-ray\" data-tag-names=\"X-ray\">\u00bfMe llamar\u00e9is para darme mis resultados?<\/h3><div class=\"wm-item-content clearfix Mellamarisparadarmemisresultados\"><p>Para evitar retrasos y reducir el margen de error potencial, el paciente debe ponerse en contacto con nosotros para obtener los resultados o programar una cita para revisarlos con el proveedor de atenci\u00f3n m\u00e9dica.<\/p>\n<\/div><\/div>\r\n\r\n<div class=\"wm-item wm-item-wrap tag-X-ray\"><h3 class=\"wm-item-title tag-X-ray\" data-tags=\"tag-X-ray\" data-tag-names=\"X-ray\">\u00bfPod\u00e9is enviarme los resultados?<\/h3><div class=\"wm-item-content clearfix Podisenviarmelosresultados\"><p>Se puede pedir al laboratorio que te env\u00ede los resultados online. Es recomendable que acudas con los resultados al m\u00e9dico que los solicit\u00f3 para que te los interprete. En caso de duda consulte con nuestro personal.<\/p>\n<\/div><\/div>\r\n\r\n<div class=\"wm-item wm-item-wrap tag-X-ray\"><h3 class=\"wm-item-title tag-X-ray\" data-tags=\"tag-X-ray\" data-tag-names=\"X-ray\">\u00bfCuantos d\u00edas tardan en dar los resultados?<\/h3><div class=\"wm-item-content clearfix Cuantosdastardanendarlosresultados\"><p>De media de 3 a 7 d\u00edas dependiendo de las pruebas y si hay que enviarlas a Espa\u00f1a peninsular. Las intolerancias alimentarias tardan dos semanas y las pruebas de Genoma Completo pueden tardar un mes.<\/p>\n<\/div><\/div>\r\n\r\n<div class=\"wm-item wm-item-wrap tag-X-ray\"><h3 class=\"wm-item-title tag-X-ray\" data-tags=\"tag-X-ray\" data-tag-names=\"X-ray\">\u00bfPuedo obtener los resultados en ingl\u00e9s?<\/h3><div class=\"wm-item-content clearfix Puedoobtenerlosresultadoseningls\"><p>S\u00ed, podemos organizarlo para usted.<\/p>\n<\/div><\/div>\r\n\r\n<div class=\"wm-item wm-item-wrap tag-X-ray\"><h3 class=\"wm-item-title tag-X-ray\" data-tags=\"tag-X-ray\" data-tag-names=\"X-ray\">\u00bfPuedo desayunar antes de hacer mis pruebas?<\/h3><div class=\"wm-item-content clearfix Puedodesayunarantesdehacermispruebas\"><p>Generalmente recomendamos no comer ni beber nada antes de los an\u00e1lisis de sangre y pruebas especiales.<\/p>\n<\/div><\/div>\r\n\r\n<div class=\"wm-item wm-item-wrap tag-X-ray\"><h3 class=\"wm-item-title tag-X-ray\" data-tags=\"tag-X-ray\" data-tag-names=\"X-ray\">\u00bfLos chequeos incluyen todo?<\/h3><div class=\"wm-item-content clearfix Loschequeosincluyentodo\"><p>Los chequeos han sido dise\u00f1ados para localizar las enfermedades m\u00e1s importantes y frecuentes que causan da\u00f1o a nuestra poblaci\u00f3n. Ser\u00eda imposible incluir todas las pruebas que existen. Si tiene un riesgo espec\u00edfico, ya sea gen\u00e9tico o no, podemos ajustar las pruebas para tenerlo en cuenta.<\/p>\n<\/div><\/div>\r\n\r\n<div class=\"wm-item wm-item-wrap tag-X-ray\"><h3 class=\"wm-item-title tag-X-ray\" data-tags=\"tag-X-ray\" data-tag-names=\"X-ray\">\u00bfRecibir\u00e9 una factura por las pruebas de laboratorio?<\/h3><div class=\"wm-item-content clearfix Recibirunafacturaporlaspruebasdelaboratorio\"><p>S\u00ed, se le entregar\u00e1n facturas por todos los servicios m\u00e9dicos que reciba. Si tienes un seguro espa\u00f1ol con el que trabajamos entonces hacemos facturaci\u00f3n directa a la empresa y no emitiremos factura.<\/p>\n<\/div><\/div>\r\n\r\n<div class=\"wm-item wm-item-wrap tag-X-ray\"><h3 class=\"wm-item-title tag-X-ray\" data-tags=\"tag-X-ray\" data-tag-names=\"X-ray\">\u00bfPuedo reclamar mis gastos m\u00e9dicos?<\/h3><div class=\"wm-item-content clearfix Puedoreclamarmisgastosmdicos\"><p>Eso depende de tu seguro o de tu sistema Nacional de Salud.<\/p>\n<\/div><\/div>\r\n\r\n<div class=\"wm-item wm-item-wrap tag-X-ray\"><h3 class=\"wm-item-title tag-X-ray\" data-tags=\"tag-X-ray\" data-tag-names=\"X-ray\">\u00bfPuedo solicitar una prueba, procedimiento o examen especial?<\/h3><div class=\"wm-item-content clearfix Puedosolicitarunapruebaprocedimientooexamenespecial\"><p>S\u00ed. Cada caso ser\u00e1 evaluado en busca de indicaci\u00f3n y riesgo.<\/p>\n<\/div><\/div>\r\n\r\n<div class=\"wm-item wm-item-wrap tag-X-ray\"><h3 class=\"wm-item-title tag-X-ray\" data-tags=\"tag-X-ray\" data-tag-names=\"X-ray\">Si necesitara hospitalizaci\u00f3n \u00bfad\u00f3nde ir\u00eda?<\/h3><div class=\"wm-item-content clearfix Sinecesitarahospitalizacinadndeira\"><p>Cada caso es diferente por lo que dependiendo del problema derivaremos a una cl\u00ednica u hospital concreto. En Espa\u00f1a la palabra cl\u00ednica puede significar un centro m\u00e9dico de tama\u00f1o medio o un centro donde se hospitaliza y trata a personas. Estos centros privados pueden en la mayor\u00eda de los casos realizar servicios m\u00e9dicos muy avanzados.<\/p>\n<\/div><\/div>\r\n\r\n<div class=\"wm-item wm-item-wrap tag-X-ray\"><h3 class=\"wm-item-title tag-X-ray\" data-tags=\"tag-X-ray\" data-tag-names=\"X-ray\">Si necesitara hospitalizaci\u00f3n \u00bfd\u00f3nde ir\u00eda?<\/h3><div class=\"wm-item-content clearfix Sinecesitarahospitalizacindndeira\"><p>Cada caso es diferente por lo que dependiendo del problema derivaremos a una cl\u00ednica u hospital concreto. En Espa\u00f1a la palabra cl\u00ednica puede significar un centro m\u00e9dico de tama\u00f1o medio o un centro donde se hospitaliza y trata a personas. Estos centros privados pueden en la mayor\u00eda de los casos realizar servicios m\u00e9dicos muy avanzados.<\/p>\n<\/div><\/div>\r\n\r\n<div class=\"wm-item wm-item-wrap tag-X-ray\"><h3 class=\"wm-item-title tag-X-ray\" data-tags=\"tag-X-ray\" data-tag-names=\"X-ray\">\u00bfLa fisioterapeuta hace visitas a domicilio?<\/h3><div class=\"wm-item-content clearfix Lafisioterapeutahacevisitasadomicilio\"><p>S\u00ed<\/p>\n<\/div><\/div>\r\n\r\n<div class=\"wm-item wm-item-wrap tag-X-ray\"><h3 class=\"wm-item-title tag-X-ray\" data-tags=\"tag-X-ray\" data-tag-names=\"X-ray\">\u00bfTiene WIFI la consulta?<\/h3><div class=\"wm-item-content clearfix TieneWIFIlaconsulta\"><p>S\u00ed, solicite la contrase\u00f1a a nuestro personal.<\/p>\n<\/div><\/div>\r\n\r\n<div class=\"wm-item wm-item-wrap tag-X-ray\"><h3 class=\"wm-item-title tag-X-ray\" data-tags=\"tag-X-ray\" data-tag-names=\"X-ray\">\u00bfVendr\u00e1 un taxi a la consulta para llevarme a casa?<\/h3><div class=\"wm-item-content clearfix Vendruntaxialaconsultaparallevarmeacasa\"><p>S\u00ed, por favor tome nota de los n\u00fameros de tel\u00e9fono:+34 971134700+34 971680970<\/p>\n<\/div><\/div>\r\n<\/div>\r\n","protected":false},"excerpt":{"rendered":"<div class=\"entry-summary\">\n<div class=\"entry-summary\">\nMobile health ultrasound contact lenses pain. Intensive care wearables emergency.\n<\/div>\n<div class=\"link-more\"><a href=\"https:\/\/stomamedical.es\/es\/faqs\" class=\"more-link\">Continue reading<span class=\"screen-reader-text\"> &ldquo;FAQS&rdquo;<\/span>&hellip;<\/a><\/div>\n<\/div>\n<div class=\"link-more\"><a href=\"https:\/\/stomamedical.es\/es\/faqs\" class=\"more-link\">Continue reading<span class=\"screen-reader-text\"> &ldquo;FAQS&rdquo;<\/span>&hellip;<\/a><\/div>\n","protected":false},"author":1,"featured_media":2437,"parent":0,"menu_order":26,"comment_status":"closed","ping_status":"closed","template":"","meta":{"footnotes":""},"class_list":["post-2636","page","type-page","status-publish","has-post-thumbnail","hentry","entry"],"yoast_head":"<!-- This site is optimized with the Yoast SEO plugin v24.7 - https:\/\/yoast.com\/wordpress\/plugins\/seo\/ -->\n<title>FAQS - DR. STOMA MEDICAL CENTER<\/title>\n<meta name=\"robots\" content=\"index, follow, max-snippet:-1, max-image-preview:large, max-video-preview:-1\" \/>\n<link rel=\"canonical\" href=\"https:\/\/stomamedical.es\/es\/faqs\" \/>\n<meta property=\"og:locale\" content=\"es_ES\" \/>\n<meta property=\"og:type\" content=\"article\" \/>\n<meta property=\"og:title\" content=\"FAQS - DR. STOMA MEDICAL CENTER\" \/>\n<meta property=\"og:description\" content=\"Mobile health ultrasound contact lenses pain. Intensive care wearables emergency. Continue reading &ldquo;FAQS&rdquo;&hellip;\" \/>\n<meta property=\"og:url\" content=\"https:\/\/stomamedical.es\/es\/faqs\" \/>\n<meta property=\"og:site_name\" content=\"DR. STOMA MEDICAL CENTER\" \/>\n<meta property=\"article:modified_time\" content=\"2025-12-02T17:59:44+00:00\" \/>\n<meta property=\"og:image\" content=\"https:\/\/stomamedical.es\/wp-content\/uploads\/faqs01.jpg\" \/>\n\t<meta property=\"og:image:width\" content=\"1903\" \/>\n\t<meta property=\"og:image:height\" content=\"700\" \/>\n\t<meta property=\"og:image:type\" content=\"image\/jpeg\" \/>\n<meta name=\"twitter:card\" content=\"summary_large_image\" \/>\n<meta name=\"twitter:label1\" content=\"Tiempo de lectura\" \/>\n\t<meta name=\"twitter:data1\" content=\"1 minuto\" \/>\n<script type=\"application\/ld+json\" class=\"yoast-schema-graph\">{\"@context\":\"https:\/\/schema.org\",\"@graph\":[{\"@type\":\"WebPage\",\"@id\":\"https:\/\/stomamedical.es\/es\/faqs\",\"url\":\"https:\/\/stomamedical.es\/es\/faqs\",\"name\":\"FAQS - DR. STOMA MEDICAL CENTER\",\"isPartOf\":{\"@id\":\"https:\/\/stomamedical.es\/es#website\"},\"primaryImageOfPage\":{\"@id\":\"https:\/\/stomamedical.es\/es\/faqs#primaryimage\"},\"image\":{\"@id\":\"https:\/\/stomamedical.es\/es\/faqs#primaryimage\"},\"thumbnailUrl\":\"https:\/\/stomamedical.es\/wp-content\/uploads\/faqs01.jpg\",\"datePublished\":\"2015-09-20T20:58:19+00:00\",\"dateModified\":\"2025-12-02T17:59:44+00:00\",\"breadcrumb\":{\"@id\":\"https:\/\/stomamedical.es\/es\/faqs#breadcrumb\"},\"inLanguage\":\"es\",\"potentialAction\":[{\"@type\":\"ReadAction\",\"target\":[\"https:\/\/stomamedical.es\/es\/faqs\"]}]},{\"@type\":\"ImageObject\",\"inLanguage\":\"es\",\"@id\":\"https:\/\/stomamedical.es\/es\/faqs#primaryimage\",\"url\":\"https:\/\/stomamedical.es\/wp-content\/uploads\/faqs01.jpg\",\"contentUrl\":\"https:\/\/stomamedical.es\/wp-content\/uploads\/faqs01.jpg\",\"width\":1903,\"height\":700},{\"@type\":\"BreadcrumbList\",\"@id\":\"https:\/\/stomamedical.es\/es\/faqs#breadcrumb\",\"itemListElement\":[{\"@type\":\"ListItem\",\"position\":1,\"name\":\"Home\",\"item\":\"https:\/\/stomamedical.es\/es\"},{\"@type\":\"ListItem\",\"position\":2,\"name\":\"FAQS\"}]},{\"@type\":\"WebSite\",\"@id\":\"https:\/\/stomamedical.es\/es#website\",\"url\":\"https:\/\/stomamedical.es\/es\",\"name\":\"DR. STOMA MEDICAL CENTER\",\"description\":\"INTERNATIONAL MEDICAL CENTER SPECIALIZED IN PREVENTIVE MEDICINE\",\"publisher\":{\"@id\":\"https:\/\/stomamedical.es\/es#organization\"},\"potentialAction\":[{\"@type\":\"SearchAction\",\"target\":{\"@type\":\"EntryPoint\",\"urlTemplate\":\"https:\/\/stomamedical.es\/es?s={search_term_string}\"},\"query-input\":{\"@type\":\"PropertyValueSpecification\",\"valueRequired\":true,\"valueName\":\"search_term_string\"}}],\"inLanguage\":\"es\"},{\"@type\":\"Organization\",\"@id\":\"https:\/\/stomamedical.es\/es#organization\",\"name\":\"DR. STOMA MEDICAL CENTER\",\"url\":\"https:\/\/stomamedical.es\/es\",\"logo\":{\"@type\":\"ImageObject\",\"inLanguage\":\"es\",\"@id\":\"https:\/\/stomamedical.es\/es#\/schema\/logo\/image\/\",\"url\":\"https:\/\/stomamedical.es\/wp-content\/uploads\/2023\/07\/logo-stoma-medical.png\",\"contentUrl\":\"https:\/\/stomamedical.es\/wp-content\/uploads\/2023\/07\/logo-stoma-medical.png\",\"width\":300,\"height\":91,\"caption\":\"DR. STOMA MEDICAL CENTER\"},\"image\":{\"@id\":\"https:\/\/stomamedical.es\/es#\/schema\/logo\/image\/\"}}]}<\/script>\n<!-- \/ Yoast SEO plugin. -->","yoast_head_json":{"title":"FAQS - DR. STOMA MEDICAL CENTER","robots":{"index":"index","follow":"follow","max-snippet":"max-snippet:-1","max-image-preview":"max-image-preview:large","max-video-preview":"max-video-preview:-1"},"canonical":"https:\/\/stomamedical.es\/es\/faqs","og_locale":"es_ES","og_type":"article","og_title":"FAQS - DR. STOMA MEDICAL CENTER","og_description":"Mobile health ultrasound contact lenses pain. Intensive care wearables emergency. Continue reading &ldquo;FAQS&rdquo;&hellip;","og_url":"https:\/\/stomamedical.es\/es\/faqs","og_site_name":"DR. STOMA MEDICAL CENTER","article_modified_time":"2025-12-02T17:59:44+00:00","og_image":[{"width":1903,"height":700,"url":"https:\/\/stomamedical.es\/wp-content\/uploads\/faqs01.jpg","type":"image\/jpeg"}],"twitter_card":"summary_large_image","twitter_misc":{"Tiempo de lectura":"1 minuto"},"schema":{"@context":"https:\/\/schema.org","@graph":[{"@type":"WebPage","@id":"https:\/\/stomamedical.es\/es\/faqs","url":"https:\/\/stomamedical.es\/es\/faqs","name":"FAQS - DR. STOMA MEDICAL CENTER","isPartOf":{"@id":"https:\/\/stomamedical.es\/es#website"},"primaryImageOfPage":{"@id":"https:\/\/stomamedical.es\/es\/faqs#primaryimage"},"image":{"@id":"https:\/\/stomamedical.es\/es\/faqs#primaryimage"},"thumbnailUrl":"https:\/\/stomamedical.es\/wp-content\/uploads\/faqs01.jpg","datePublished":"2015-09-20T20:58:19+00:00","dateModified":"2025-12-02T17:59:44+00:00","breadcrumb":{"@id":"https:\/\/stomamedical.es\/es\/faqs#breadcrumb"},"inLanguage":"es","potentialAction":[{"@type":"ReadAction","target":["https:\/\/stomamedical.es\/es\/faqs"]}]},{"@type":"ImageObject","inLanguage":"es","@id":"https:\/\/stomamedical.es\/es\/faqs#primaryimage","url":"https:\/\/stomamedical.es\/wp-content\/uploads\/faqs01.jpg","contentUrl":"https:\/\/stomamedical.es\/wp-content\/uploads\/faqs01.jpg","width":1903,"height":700},{"@type":"BreadcrumbList","@id":"https:\/\/stomamedical.es\/es\/faqs#breadcrumb","itemListElement":[{"@type":"ListItem","position":1,"name":"Home","item":"https:\/\/stomamedical.es\/es"},{"@type":"ListItem","position":2,"name":"FAQS"}]},{"@type":"WebSite","@id":"https:\/\/stomamedical.es\/es#website","url":"https:\/\/stomamedical.es\/es","name":"DR. STOMA MEDICAL CENTER","description":"INTERNATIONAL MEDICAL CENTER SPECIALIZED IN PREVENTIVE MEDICINE","publisher":{"@id":"https:\/\/stomamedical.es\/es#organization"},"potentialAction":[{"@type":"SearchAction","target":{"@type":"EntryPoint","urlTemplate":"https:\/\/stomamedical.es\/es?s={search_term_string}"},"query-input":{"@type":"PropertyValueSpecification","valueRequired":true,"valueName":"search_term_string"}}],"inLanguage":"es"},{"@type":"Organization","@id":"https:\/\/stomamedical.es\/es#organization","name":"DR. STOMA MEDICAL CENTER","url":"https:\/\/stomamedical.es\/es","logo":{"@type":"ImageObject","inLanguage":"es","@id":"https:\/\/stomamedical.es\/es#\/schema\/logo\/image\/","url":"https:\/\/stomamedical.es\/wp-content\/uploads\/2023\/07\/logo-stoma-medical.png","contentUrl":"https:\/\/stomamedical.es\/wp-content\/uploads\/2023\/07\/logo-stoma-medical.png","width":300,"height":91,"caption":"DR. STOMA MEDICAL CENTER"},"image":{"@id":"https:\/\/stomamedical.es\/es#\/schema\/logo\/image\/"}}]}},"_links":{"self":[{"href":"https:\/\/stomamedical.es\/es\/wp-json\/wp\/v2\/pages\/2636","targetHints":{"allow":["GET"]}}],"collection":[{"href":"https:\/\/stomamedical.es\/es\/wp-json\/wp\/v2\/pages"}],"about":[{"href":"https:\/\/stomamedical.es\/es\/wp-json\/wp\/v2\/types\/page"}],"author":[{"embeddable":true,"href":"https:\/\/stomamedical.es\/es\/wp-json\/wp\/v2\/users\/1"}],"replies":[{"embeddable":true,"href":"https:\/\/stomamedical.es\/es\/wp-json\/wp\/v2\/comments?post=2636"}],"version-history":[{"count":7,"href":"https:\/\/stomamedical.es\/es\/wp-json\/wp\/v2\/pages\/2636\/revisions"}],"predecessor-version":[{"id":3419,"href":"https:\/\/stomamedical.es\/es\/wp-json\/wp\/v2\/pages\/2636\/revisions\/3419"}],"wp:featuredmedia":[{"embeddable":true,"href":"https:\/\/stomamedical.es\/es\/wp-json\/wp\/v2\/media\/2437"}],"wp:attachment":[{"href":"https:\/\/stomamedical.es\/es\/wp-json\/wp\/v2\/media?parent=2636"}],"curies":[{"name":"wp","href":"https:\/\/api.w.org\/{rel}","templated":true}]}}