{"id":2615,"date":"2015-09-23T14:28:05","date_gmt":"2015-09-23T12:28:05","guid":{"rendered":"https:\/\/stomamedical.es\/fisioterapia-y-entrenador-personal"},"modified":"2023-11-08T10:40:01","modified_gmt":"2023-11-08T09:40:01","slug":"fisioterapia-y-entrenador-personal","status":"publish","type":"page","link":"https:\/\/stomamedical.es\/es\/fisioterapia-y-entrenador-personal","title":{"rendered":"Fisioterapia y entrenador personal."},"content":{"rendered":"\n\n\t<h2>Fisioterapia<\/h2>\n<p>EL EQUIPO DE FYSIOSISTEM VISITA A LOS PACIENTES DE NUESTRO CENTRO 3 VECES POR SEMANA. TAMBI\u00c9N PUEDEN HACER VISITAS A DOMICILIO.<\/p>\n<p>Las t\u00e9cnicas que utilizan se basan en la Terapia Manual y la fisioterapia m\u00ednimamente invasiva, que incluye masajes, manipulaci\u00f3n espinal, movilidad articular, ejercicio terap\u00e9utico, punci\u00f3n seca y vendaje neuromuscular entre muchos otros procedimientos.<\/p>\n\t<h3><strong>Personalizado<\/strong><\/h3>\n<p>Plan de tratamiento personalizado para cada paciente.<\/p>\n<p>&nbsp;<\/p>\n<p><img loading=\"lazy\" decoding=\"async\" src=\"https:\/\/stomamedical.es\/wp-content\/uploads\/2023\/06\/Physiotherapy-300x227.jpg\" alt=\"Fisioterapia\" width=\"300\" height=\"227\"\/><\/p>\n\t<h2><b>CENTRO M\u00c9DICO DR. STOMA<\/b><\/h2>\n\t<p>Centro m\u00e9dico hol\u00edstico centrado en la prevenci\u00f3n y promoci\u00f3n de la salud.<\/p>\n\n","protected":false},"excerpt":{"rendered":"<div class=\"entry-summary\">\n<div class=\"entry-summary\">\nThis text is placed into the page excerpt field. To set the page icon, just add a \u00abcustom_icon\u00bb <a href=\"https:\/\/codex.wordpress.org\/Custom_Fields#Usage\" target=\"_blank\" rel=\"noopener\">custom field<\/a> and set it to desired icon class.\n<\/div>\n<div class=\"link-more\"><a href=\"https:\/\/stomamedical.es\/es\/fisioterapia-y-entrenador-personal\" class=\"more-link\">Continue reading<span class=\"screen-reader-text\"> &ldquo;Fisioterapia y entrenador personal.&rdquo;<\/span>&hellip;<\/a><\/div>\n<\/div>\n<div class=\"link-more\"><a href=\"https:\/\/stomamedical.es\/es\/fisioterapia-y-entrenador-personal\" class=\"more-link\">Continue reading<span class=\"screen-reader-text\"> &ldquo;Fisioterapia y entrenador personal.&rdquo;<\/span>&hellip;<\/a><\/div>\n","protected":false},"author":1,"featured_media":2536,"parent":0,"menu_order":6,"comment_status":"closed","ping_status":"closed","template":"","meta":{"footnotes":""},"class_list":["post-2615","page","type-page","status-publish","has-post-thumbnail","hentry","entry"],"yoast_head":"<!-- This site is optimized with the Yoast SEO plugin v24.7 - https:\/\/yoast.com\/wordpress\/plugins\/seo\/ -->\n<title>Fisioterapia y entrenador personal. - DR. STOMA MEDICAL CENTER<\/title>\n<meta name=\"robots\" content=\"index, follow, max-snippet:-1, max-image-preview:large, max-video-preview:-1\" \/>\n<link rel=\"canonical\" href=\"https:\/\/stomamedical.es\/es\/fisioterapia-y-entrenador-personal\" \/>\n<meta property=\"og:locale\" content=\"es_ES\" \/>\n<meta property=\"og:type\" content=\"article\" \/>\n<meta property=\"og:title\" content=\"Fisioterapia y entrenador personal. - DR. STOMA MEDICAL CENTER\" \/>\n<meta property=\"og:description\" content=\"This text is placed into the page excerpt field. To set the page icon, just add a &quot;custom_icon&quot; custom field and set it to desired icon class. Continue reading &ldquo;Fisioterapia y entrenador personal.&rdquo;&hellip;\" \/>\n<meta property=\"og:url\" content=\"https:\/\/stomamedical.es\/es\/fisioterapia-y-entrenador-personal\" \/>\n<meta property=\"og:site_name\" content=\"DR. STOMA MEDICAL CENTER\" \/>\n<meta property=\"article:modified_time\" content=\"2023-11-08T09:40:01+00:00\" \/>\n<meta property=\"og:image\" content=\"https:\/\/stomamedical.es\/wp-content\/uploads\/phisioterapy-e1694778436429.png\" \/>\n\t<meta property=\"og:image:width\" content=\"1427\" \/>\n\t<meta property=\"og:image:height\" content=\"627\" \/>\n\t<meta property=\"og:image:type\" content=\"image\/png\" \/>\n<meta name=\"twitter:card\" content=\"summary_large_image\" \/>\n<script type=\"application\/ld+json\" class=\"yoast-schema-graph\">{\"@context\":\"https:\/\/schema.org\",\"@graph\":[{\"@type\":\"WebPage\",\"@id\":\"https:\/\/stomamedical.es\/es\/fisioterapia-y-entrenador-personal\",\"url\":\"https:\/\/stomamedical.es\/es\/fisioterapia-y-entrenador-personal\",\"name\":\"Fisioterapia y entrenador personal. - DR. STOMA MEDICAL CENTER\",\"isPartOf\":{\"@id\":\"https:\/\/stomamedical.es\/es#website\"},\"primaryImageOfPage\":{\"@id\":\"https:\/\/stomamedical.es\/es\/fisioterapia-y-entrenador-personal#primaryimage\"},\"image\":{\"@id\":\"https:\/\/stomamedical.es\/es\/fisioterapia-y-entrenador-personal#primaryimage\"},\"thumbnailUrl\":\"https:\/\/stomamedical.es\/wp-content\/uploads\/phisioterapy-e1694778436429.png\",\"datePublished\":\"2015-09-23T12:28:05+00:00\",\"dateModified\":\"2023-11-08T09:40:01+00:00\",\"breadcrumb\":{\"@id\":\"https:\/\/stomamedical.es\/es\/fisioterapia-y-entrenador-personal#breadcrumb\"},\"inLanguage\":\"es\",\"potentialAction\":[{\"@type\":\"ReadAction\",\"target\":[\"https:\/\/stomamedical.es\/es\/fisioterapia-y-entrenador-personal\"]}]},{\"@type\":\"ImageObject\",\"inLanguage\":\"es\",\"@id\":\"https:\/\/stomamedical.es\/es\/fisioterapia-y-entrenador-personal#primaryimage\",\"url\":\"https:\/\/stomamedical.es\/wp-content\/uploads\/phisioterapy-e1694778436429.png\",\"contentUrl\":\"https:\/\/stomamedical.es\/wp-content\/uploads\/phisioterapy-e1694778436429.png\",\"width\":1427,\"height\":627},{\"@type\":\"BreadcrumbList\",\"@id\":\"https:\/\/stomamedical.es\/es\/fisioterapia-y-entrenador-personal#breadcrumb\",\"itemListElement\":[{\"@type\":\"ListItem\",\"position\":1,\"name\":\"Home\",\"item\":\"https:\/\/stomamedical.es\/es\"},{\"@type\":\"ListItem\",\"position\":2,\"name\":\"Fisioterapia y entrenador personal.\"}]},{\"@type\":\"WebSite\",\"@id\":\"https:\/\/stomamedical.es\/es#website\",\"url\":\"https:\/\/stomamedical.es\/es\",\"name\":\"DR. STOMA MEDICAL CENTER\",\"description\":\"INTERNATIONAL MEDICAL CENTER SPECIALIZED IN PREVENTIVE MEDICINE\",\"publisher\":{\"@id\":\"https:\/\/stomamedical.es\/es#organization\"},\"potentialAction\":[{\"@type\":\"SearchAction\",\"target\":{\"@type\":\"EntryPoint\",\"urlTemplate\":\"https:\/\/stomamedical.es\/es?s={search_term_string}\"},\"query-input\":{\"@type\":\"PropertyValueSpecification\",\"valueRequired\":true,\"valueName\":\"search_term_string\"}}],\"inLanguage\":\"es\"},{\"@type\":\"Organization\",\"@id\":\"https:\/\/stomamedical.es\/es#organization\",\"name\":\"DR. STOMA MEDICAL CENTER\",\"url\":\"https:\/\/stomamedical.es\/es\",\"logo\":{\"@type\":\"ImageObject\",\"inLanguage\":\"es\",\"@id\":\"https:\/\/stomamedical.es\/es#\/schema\/logo\/image\/\",\"url\":\"https:\/\/stomamedical.es\/wp-content\/uploads\/2023\/07\/logo-stoma-medical.png\",\"contentUrl\":\"https:\/\/stomamedical.es\/wp-content\/uploads\/2023\/07\/logo-stoma-medical.png\",\"width\":300,\"height\":91,\"caption\":\"DR. STOMA MEDICAL CENTER\"},\"image\":{\"@id\":\"https:\/\/stomamedical.es\/es#\/schema\/logo\/image\/\"}}]}<\/script>\n<!-- \/ Yoast SEO plugin. -->","yoast_head_json":{"title":"Fisioterapia y entrenador personal. - DR. STOMA MEDICAL CENTER","robots":{"index":"index","follow":"follow","max-snippet":"max-snippet:-1","max-image-preview":"max-image-preview:large","max-video-preview":"max-video-preview:-1"},"canonical":"https:\/\/stomamedical.es\/es\/fisioterapia-y-entrenador-personal","og_locale":"es_ES","og_type":"article","og_title":"Fisioterapia y entrenador personal. - DR. STOMA MEDICAL CENTER","og_description":"This text is placed into the page excerpt field. To set the page icon, just add a \"custom_icon\" custom field and set it to desired icon class. Continue reading &ldquo;Fisioterapia y entrenador personal.&rdquo;&hellip;","og_url":"https:\/\/stomamedical.es\/es\/fisioterapia-y-entrenador-personal","og_site_name":"DR. STOMA MEDICAL CENTER","article_modified_time":"2023-11-08T09:40:01+00:00","og_image":[{"width":1427,"height":627,"url":"https:\/\/stomamedical.es\/wp-content\/uploads\/phisioterapy-e1694778436429.png","type":"image\/png"}],"twitter_card":"summary_large_image","schema":{"@context":"https:\/\/schema.org","@graph":[{"@type":"WebPage","@id":"https:\/\/stomamedical.es\/es\/fisioterapia-y-entrenador-personal","url":"https:\/\/stomamedical.es\/es\/fisioterapia-y-entrenador-personal","name":"Fisioterapia y entrenador personal. - DR. STOMA MEDICAL CENTER","isPartOf":{"@id":"https:\/\/stomamedical.es\/es#website"},"primaryImageOfPage":{"@id":"https:\/\/stomamedical.es\/es\/fisioterapia-y-entrenador-personal#primaryimage"},"image":{"@id":"https:\/\/stomamedical.es\/es\/fisioterapia-y-entrenador-personal#primaryimage"},"thumbnailUrl":"https:\/\/stomamedical.es\/wp-content\/uploads\/phisioterapy-e1694778436429.png","datePublished":"2015-09-23T12:28:05+00:00","dateModified":"2023-11-08T09:40:01+00:00","breadcrumb":{"@id":"https:\/\/stomamedical.es\/es\/fisioterapia-y-entrenador-personal#breadcrumb"},"inLanguage":"es","potentialAction":[{"@type":"ReadAction","target":["https:\/\/stomamedical.es\/es\/fisioterapia-y-entrenador-personal"]}]},{"@type":"ImageObject","inLanguage":"es","@id":"https:\/\/stomamedical.es\/es\/fisioterapia-y-entrenador-personal#primaryimage","url":"https:\/\/stomamedical.es\/wp-content\/uploads\/phisioterapy-e1694778436429.png","contentUrl":"https:\/\/stomamedical.es\/wp-content\/uploads\/phisioterapy-e1694778436429.png","width":1427,"height":627},{"@type":"BreadcrumbList","@id":"https:\/\/stomamedical.es\/es\/fisioterapia-y-entrenador-personal#breadcrumb","itemListElement":[{"@type":"ListItem","position":1,"name":"Home","item":"https:\/\/stomamedical.es\/es"},{"@type":"ListItem","position":2,"name":"Fisioterapia y entrenador personal."}]},{"@type":"WebSite","@id":"https:\/\/stomamedical.es\/es#website","url":"https:\/\/stomamedical.es\/es","name":"DR. STOMA MEDICAL CENTER","description":"INTERNATIONAL MEDICAL CENTER SPECIALIZED IN PREVENTIVE MEDICINE","publisher":{"@id":"https:\/\/stomamedical.es\/es#organization"},"potentialAction":[{"@type":"SearchAction","target":{"@type":"EntryPoint","urlTemplate":"https:\/\/stomamedical.es\/es?s={search_term_string}"},"query-input":{"@type":"PropertyValueSpecification","valueRequired":true,"valueName":"search_term_string"}}],"inLanguage":"es"},{"@type":"Organization","@id":"https:\/\/stomamedical.es\/es#organization","name":"DR. STOMA MEDICAL CENTER","url":"https:\/\/stomamedical.es\/es","logo":{"@type":"ImageObject","inLanguage":"es","@id":"https:\/\/stomamedical.es\/es#\/schema\/logo\/image\/","url":"https:\/\/stomamedical.es\/wp-content\/uploads\/2023\/07\/logo-stoma-medical.png","contentUrl":"https:\/\/stomamedical.es\/wp-content\/uploads\/2023\/07\/logo-stoma-medical.png","width":300,"height":91,"caption":"DR. STOMA MEDICAL CENTER"},"image":{"@id":"https:\/\/stomamedical.es\/es#\/schema\/logo\/image\/"}}]}},"_links":{"self":[{"href":"https:\/\/stomamedical.es\/es\/wp-json\/wp\/v2\/pages\/2615","targetHints":{"allow":["GET"]}}],"collection":[{"href":"https:\/\/stomamedical.es\/es\/wp-json\/wp\/v2\/pages"}],"about":[{"href":"https:\/\/stomamedical.es\/es\/wp-json\/wp\/v2\/types\/page"}],"author":[{"embeddable":true,"href":"https:\/\/stomamedical.es\/es\/wp-json\/wp\/v2\/users\/1"}],"replies":[{"embeddable":true,"href":"https:\/\/stomamedical.es\/es\/wp-json\/wp\/v2\/comments?post=2615"}],"version-history":[{"count":1,"href":"https:\/\/stomamedical.es\/es\/wp-json\/wp\/v2\/pages\/2615\/revisions"}],"predecessor-version":[{"id":2785,"href":"https:\/\/stomamedical.es\/es\/wp-json\/wp\/v2\/pages\/2615\/revisions\/2785"}],"wp:featuredmedia":[{"embeddable":true,"href":"https:\/\/stomamedical.es\/es\/wp-json\/wp\/v2\/media\/2536"}],"wp:attachment":[{"href":"https:\/\/stomamedical.es\/es\/wp-json\/wp\/v2\/media?parent=2615"}],"curies":[{"name":"wp","href":"https:\/\/api.w.org\/{rel}","templated":true}]}}