{"id":2612,"date":"2023-07-06T18:21:21","date_gmt":"2023-07-06T16:21:21","guid":{"rendered":"https:\/\/stomamedical.es\/colonoscopia-y-gastroscopia"},"modified":"2025-03-29T19:10:14","modified_gmt":"2025-03-29T18:10:14","slug":"colonoscopia-y-gastroscopia","status":"publish","type":"page","link":"https:\/\/stomamedical.es\/es\/colonoscopia-y-gastroscopia","title":{"rendered":"Colonoscopia y gastroscopia"},"content":{"rendered":"\r\n<h2>Campa\u00f1a de detecci\u00f3n de c\u00e1ncer de intestino<\/h2>\r\n<p>Estamos iniciando una campa\u00f1a de cribado del c\u00e1ncer colorrectal ya que el diagn\u00f3stico precoz es el principal condicionante de los resultados. En Mallorca se diagnostican aproximadamente 850 casos cada a\u00f1o y aquellos diagnosticados tempranamente tendr\u00e1n mejores resultados. El 90% de los nuevos casos se diagnostican en personas mayores de 50 a\u00f1os pero poco a poco empieza a aparecer en personas m\u00e1s j\u00f3venes.<\/p>\r\n<h3>FACTORES DE RIESGO<\/h3>\r\n<p>Tener m\u00e1s de 50 a\u00f1os. Recuerde que se est\u00e1 extendiendo a grupos de edad m\u00e1s j\u00f3venes. Tener antecedentes de p\u00f3lipos en el colon o el recto. Tener antecedentes familiares de c\u00e1ncer colorrectal o ciertos tipos de p\u00f3lipos. Algunas enfermedades hereditarias como la poliposis adenomatosa familiar (PAF), el s\u00edndrome de Lynch. Tener una enfermedad inflamatoria intestinal, tambi\u00e9n conocida como Enfermedad Inflamatoria Intestinal (EII), como la Colitis Ulcerosa o la Enfermedad de Crohn. Tener sangre en las heces, cambios en los h\u00e1bitos intestinales y en las heces, malestar o dolor abdominal y\/o p\u00e9rdida de peso.<\/p>\r\n<h3>Por favor ll\u00e1menos para m\u00e1s informaci\u00f3n al <a href=\"tel:+34871201007\">(0034) 871201007<\/a><\/h3>\r\n<p>REALIZAMOS, CON LOS MEJORES ESPECIALISTAS, COLONOSCOPIAS Y GASTROSCOPIAS DE URGENCIA Y PREVENTIVAS TODOS LOS MI\u00c9RCOLES, SIN LISTAS DE ESPERA.<\/p>\r\n<p><img loading=\"lazy\" decoding=\"async\" src=\"https:\/\/stomamedical.es\/wp-content\/uploads\/2023\/07\/colonoscopy-300x197.png\" alt=\"\" width=\"300\" height=\"197\" \/><\/p>\r\n<h2><b>CENTRO M\u00c9DICO DR. STOMA<\/b><\/h2>\r\n<p>Centro m\u00e9dico hol\u00edstico centrado en la prevenci\u00f3n y promoci\u00f3n de la salud.<\/p>\r\n","protected":false},"excerpt":{"rendered":"<div class=\"entry-summary\">\n<div class=\"entry-summary\">\nThis text is placed into the page excerpt field. To set the page icon, just add a \u00abcustom_icon\u00bb <a href=\"https:\/\/codex.wordpress.org\/Custom_Fields#Usage\" target=\"_blank\" rel=\"noopener\">custom field<\/a> and set it to desired icon class.\n<\/div>\n<div class=\"link-more\"><a href=\"https:\/\/stomamedical.es\/es\/colonoscopia-y-gastroscopia\" class=\"more-link\">Continue reading<span class=\"screen-reader-text\"> &ldquo;Colonoscopia y gastroscopia&rdquo;<\/span>&hellip;<\/a><\/div>\n<\/div>\n<div class=\"link-more\"><a href=\"https:\/\/stomamedical.es\/es\/colonoscopia-y-gastroscopia\" class=\"more-link\">Continue reading<span class=\"screen-reader-text\"> &ldquo;Colonoscopia y gastroscopia&rdquo;<\/span>&hellip;<\/a><\/div>\n","protected":false},"author":2,"featured_media":2418,"parent":0,"menu_order":4,"comment_status":"closed","ping_status":"closed","template":"","meta":{"footnotes":""},"class_list":["post-2612","page","type-page","status-publish","has-post-thumbnail","hentry","entry"],"yoast_head":"<!-- This site is optimized with the Yoast SEO plugin v24.7 - https:\/\/yoast.com\/wordpress\/plugins\/seo\/ -->\n<title>Colonoscopia y gastroscopia - DR. STOMA MEDICAL CENTER<\/title>\n<meta name=\"robots\" content=\"index, follow, max-snippet:-1, max-image-preview:large, max-video-preview:-1\" \/>\n<link rel=\"canonical\" href=\"https:\/\/stomamedical.es\/es\/colonoscopia-y-gastroscopia\" \/>\n<meta property=\"og:locale\" content=\"es_ES\" \/>\n<meta property=\"og:type\" content=\"article\" \/>\n<meta property=\"og:title\" content=\"Colonoscopia y gastroscopia - DR. STOMA MEDICAL CENTER\" \/>\n<meta property=\"og:description\" content=\"This text is placed into the page excerpt field. To set the page icon, just add a &quot;custom_icon&quot; custom field and set it to desired icon class. Continue reading &ldquo;Colonoscopia y gastroscopia&rdquo;&hellip;\" \/>\n<meta property=\"og:url\" content=\"https:\/\/stomamedical.es\/es\/colonoscopia-y-gastroscopia\" \/>\n<meta property=\"og:site_name\" content=\"DR. STOMA MEDICAL CENTER\" \/>\n<meta property=\"article:modified_time\" content=\"2025-03-29T18:10:14+00:00\" \/>\n<meta property=\"og:image\" content=\"https:\/\/stomamedical.es\/wp-content\/uploads\/2023\/07\/colonoscopy.png\" \/>\n\t<meta property=\"og:image:width\" content=\"847\" \/>\n\t<meta property=\"og:image:height\" content=\"557\" \/>\n\t<meta property=\"og:image:type\" content=\"image\/png\" \/>\n<meta name=\"twitter:card\" content=\"summary_large_image\" \/>\n<meta name=\"twitter:label1\" content=\"Tiempo de lectura\" \/>\n\t<meta name=\"twitter:data1\" content=\"2 minutos\" \/>\n<script type=\"application\/ld+json\" class=\"yoast-schema-graph\">{\"@context\":\"https:\/\/schema.org\",\"@graph\":[{\"@type\":\"WebPage\",\"@id\":\"https:\/\/stomamedical.es\/es\/colonoscopia-y-gastroscopia\",\"url\":\"https:\/\/stomamedical.es\/es\/colonoscopia-y-gastroscopia\",\"name\":\"Colonoscopia y gastroscopia - DR. STOMA MEDICAL CENTER\",\"isPartOf\":{\"@id\":\"https:\/\/stomamedical.es\/es#website\"},\"primaryImageOfPage\":{\"@id\":\"https:\/\/stomamedical.es\/es\/colonoscopia-y-gastroscopia#primaryimage\"},\"image\":{\"@id\":\"https:\/\/stomamedical.es\/es\/colonoscopia-y-gastroscopia#primaryimage\"},\"thumbnailUrl\":\"https:\/\/stomamedical.es\/wp-content\/uploads\/2023\/07\/colonoscopy.png\",\"datePublished\":\"2023-07-06T16:21:21+00:00\",\"dateModified\":\"2025-03-29T18:10:14+00:00\",\"breadcrumb\":{\"@id\":\"https:\/\/stomamedical.es\/es\/colonoscopia-y-gastroscopia#breadcrumb\"},\"inLanguage\":\"es\",\"potentialAction\":[{\"@type\":\"ReadAction\",\"target\":[\"https:\/\/stomamedical.es\/es\/colonoscopia-y-gastroscopia\"]}]},{\"@type\":\"ImageObject\",\"inLanguage\":\"es\",\"@id\":\"https:\/\/stomamedical.es\/es\/colonoscopia-y-gastroscopia#primaryimage\",\"url\":\"https:\/\/stomamedical.es\/wp-content\/uploads\/2023\/07\/colonoscopy.png\",\"contentUrl\":\"https:\/\/stomamedical.es\/wp-content\/uploads\/2023\/07\/colonoscopy.png\",\"width\":847,\"height\":557},{\"@type\":\"BreadcrumbList\",\"@id\":\"https:\/\/stomamedical.es\/es\/colonoscopia-y-gastroscopia#breadcrumb\",\"itemListElement\":[{\"@type\":\"ListItem\",\"position\":1,\"name\":\"Home\",\"item\":\"https:\/\/stomamedical.es\/es\"},{\"@type\":\"ListItem\",\"position\":2,\"name\":\"Colonoscopia y gastroscopia\"}]},{\"@type\":\"WebSite\",\"@id\":\"https:\/\/stomamedical.es\/es#website\",\"url\":\"https:\/\/stomamedical.es\/es\",\"name\":\"DR. STOMA MEDICAL CENTER\",\"description\":\"INTERNATIONAL MEDICAL CENTER SPECIALIZED IN PREVENTIVE MEDICINE\",\"publisher\":{\"@id\":\"https:\/\/stomamedical.es\/es#organization\"},\"potentialAction\":[{\"@type\":\"SearchAction\",\"target\":{\"@type\":\"EntryPoint\",\"urlTemplate\":\"https:\/\/stomamedical.es\/es?s={search_term_string}\"},\"query-input\":{\"@type\":\"PropertyValueSpecification\",\"valueRequired\":true,\"valueName\":\"search_term_string\"}}],\"inLanguage\":\"es\"},{\"@type\":\"Organization\",\"@id\":\"https:\/\/stomamedical.es\/es#organization\",\"name\":\"DR. STOMA MEDICAL CENTER\",\"url\":\"https:\/\/stomamedical.es\/es\",\"logo\":{\"@type\":\"ImageObject\",\"inLanguage\":\"es\",\"@id\":\"https:\/\/stomamedical.es\/es#\/schema\/logo\/image\/\",\"url\":\"https:\/\/stomamedical.es\/wp-content\/uploads\/2023\/07\/logo-stoma-medical.png\",\"contentUrl\":\"https:\/\/stomamedical.es\/wp-content\/uploads\/2023\/07\/logo-stoma-medical.png\",\"width\":300,\"height\":91,\"caption\":\"DR. STOMA MEDICAL CENTER\"},\"image\":{\"@id\":\"https:\/\/stomamedical.es\/es#\/schema\/logo\/image\/\"}}]}<\/script>\n<!-- \/ Yoast SEO plugin. -->","yoast_head_json":{"title":"Colonoscopia y gastroscopia - DR. STOMA MEDICAL CENTER","robots":{"index":"index","follow":"follow","max-snippet":"max-snippet:-1","max-image-preview":"max-image-preview:large","max-video-preview":"max-video-preview:-1"},"canonical":"https:\/\/stomamedical.es\/es\/colonoscopia-y-gastroscopia","og_locale":"es_ES","og_type":"article","og_title":"Colonoscopia y gastroscopia - DR. STOMA MEDICAL CENTER","og_description":"This text is placed into the page excerpt field. To set the page icon, just add a \"custom_icon\" custom field and set it to desired icon class. Continue reading &ldquo;Colonoscopia y gastroscopia&rdquo;&hellip;","og_url":"https:\/\/stomamedical.es\/es\/colonoscopia-y-gastroscopia","og_site_name":"DR. STOMA MEDICAL CENTER","article_modified_time":"2025-03-29T18:10:14+00:00","og_image":[{"width":847,"height":557,"url":"https:\/\/stomamedical.es\/wp-content\/uploads\/2023\/07\/colonoscopy.png","type":"image\/png"}],"twitter_card":"summary_large_image","twitter_misc":{"Tiempo de lectura":"2 minutos"},"schema":{"@context":"https:\/\/schema.org","@graph":[{"@type":"WebPage","@id":"https:\/\/stomamedical.es\/es\/colonoscopia-y-gastroscopia","url":"https:\/\/stomamedical.es\/es\/colonoscopia-y-gastroscopia","name":"Colonoscopia y gastroscopia - DR. STOMA MEDICAL CENTER","isPartOf":{"@id":"https:\/\/stomamedical.es\/es#website"},"primaryImageOfPage":{"@id":"https:\/\/stomamedical.es\/es\/colonoscopia-y-gastroscopia#primaryimage"},"image":{"@id":"https:\/\/stomamedical.es\/es\/colonoscopia-y-gastroscopia#primaryimage"},"thumbnailUrl":"https:\/\/stomamedical.es\/wp-content\/uploads\/2023\/07\/colonoscopy.png","datePublished":"2023-07-06T16:21:21+00:00","dateModified":"2025-03-29T18:10:14+00:00","breadcrumb":{"@id":"https:\/\/stomamedical.es\/es\/colonoscopia-y-gastroscopia#breadcrumb"},"inLanguage":"es","potentialAction":[{"@type":"ReadAction","target":["https:\/\/stomamedical.es\/es\/colonoscopia-y-gastroscopia"]}]},{"@type":"ImageObject","inLanguage":"es","@id":"https:\/\/stomamedical.es\/es\/colonoscopia-y-gastroscopia#primaryimage","url":"https:\/\/stomamedical.es\/wp-content\/uploads\/2023\/07\/colonoscopy.png","contentUrl":"https:\/\/stomamedical.es\/wp-content\/uploads\/2023\/07\/colonoscopy.png","width":847,"height":557},{"@type":"BreadcrumbList","@id":"https:\/\/stomamedical.es\/es\/colonoscopia-y-gastroscopia#breadcrumb","itemListElement":[{"@type":"ListItem","position":1,"name":"Home","item":"https:\/\/stomamedical.es\/es"},{"@type":"ListItem","position":2,"name":"Colonoscopia y gastroscopia"}]},{"@type":"WebSite","@id":"https:\/\/stomamedical.es\/es#website","url":"https:\/\/stomamedical.es\/es","name":"DR. STOMA MEDICAL CENTER","description":"INTERNATIONAL MEDICAL CENTER SPECIALIZED IN PREVENTIVE MEDICINE","publisher":{"@id":"https:\/\/stomamedical.es\/es#organization"},"potentialAction":[{"@type":"SearchAction","target":{"@type":"EntryPoint","urlTemplate":"https:\/\/stomamedical.es\/es?s={search_term_string}"},"query-input":{"@type":"PropertyValueSpecification","valueRequired":true,"valueName":"search_term_string"}}],"inLanguage":"es"},{"@type":"Organization","@id":"https:\/\/stomamedical.es\/es#organization","name":"DR. STOMA MEDICAL CENTER","url":"https:\/\/stomamedical.es\/es","logo":{"@type":"ImageObject","inLanguage":"es","@id":"https:\/\/stomamedical.es\/es#\/schema\/logo\/image\/","url":"https:\/\/stomamedical.es\/wp-content\/uploads\/2023\/07\/logo-stoma-medical.png","contentUrl":"https:\/\/stomamedical.es\/wp-content\/uploads\/2023\/07\/logo-stoma-medical.png","width":300,"height":91,"caption":"DR. STOMA MEDICAL CENTER"},"image":{"@id":"https:\/\/stomamedical.es\/es#\/schema\/logo\/image\/"}}]}},"_links":{"self":[{"href":"https:\/\/stomamedical.es\/es\/wp-json\/wp\/v2\/pages\/2612","targetHints":{"allow":["GET"]}}],"collection":[{"href":"https:\/\/stomamedical.es\/es\/wp-json\/wp\/v2\/pages"}],"about":[{"href":"https:\/\/stomamedical.es\/es\/wp-json\/wp\/v2\/types\/page"}],"author":[{"embeddable":true,"href":"https:\/\/stomamedical.es\/es\/wp-json\/wp\/v2\/users\/2"}],"replies":[{"embeddable":true,"href":"https:\/\/stomamedical.es\/es\/wp-json\/wp\/v2\/comments?post=2612"}],"version-history":[{"count":6,"href":"https:\/\/stomamedical.es\/es\/wp-json\/wp\/v2\/pages\/2612\/revisions"}],"predecessor-version":[{"id":3114,"href":"https:\/\/stomamedical.es\/es\/wp-json\/wp\/v2\/pages\/2612\/revisions\/3114"}],"wp:featuredmedia":[{"embeddable":true,"href":"https:\/\/stomamedical.es\/es\/wp-json\/wp\/v2\/media\/2418"}],"wp:attachment":[{"href":"https:\/\/stomamedical.es\/es\/wp-json\/wp\/v2\/media?parent=2612"}],"curies":[{"name":"wp","href":"https:\/\/api.w.org\/{rel}","templated":true}]}}