{"id":2610,"date":"2015-09-23T14:30:00","date_gmt":"2015-09-23T12:30:00","guid":{"rendered":"https:\/\/stomamedical.es\/especialista-del-sueno"},"modified":"2024-02-28T10:37:44","modified_gmt":"2024-02-28T09:37:44","slug":"unidad-del-sueno","status":"publish","type":"page","link":"https:\/\/stomamedical.es\/es\/unidad-del-sueno","title":{"rendered":"Unidad del sue\u00f1o"},"content":{"rendered":"\n\n\t<h2>Unidad del sue\u00f1o<\/h2>\n<p>Nuestra unidad de Sue\u00f1o es un departamento dedicado al diagn\u00f3stico y terapia de las alteraciones y trastornos del sue\u00f1o.<\/p>\n<p>Desde mediados del siglo XX, la investigaci\u00f3n ha proporcionado un conocimiento cada vez mayor y ha respondido muchas preguntas sobre el funcionamiento y los trastornos del sue\u00f1o-vigilia.<\/p>\n<p>Ofrecemos medicamentos m\u00e9dicos para dormir para lo siguiente:<\/p>\n<ul>\n<li>Trastornos del sue\u00f1o<\/li>\n<li>S\u00edndrome de apnea del sue\u00f1o<\/li>\n<li>Insomnio<\/li>\n<\/ul>\n<p>Tambi\u00e9n evaluamos y tratamos problemas de sue\u00f1o relacionados, que incluyen:<\/p>\n<ul>\n<li>Pesadillas<\/li>\n<li>Par\u00e1lisis del sue\u00f1o<\/li>\n<li>S\u00edndrome de piernas inquietas<\/li>\n<li>Trastornos del ritmo circadiano<\/li>\n<\/ul>\n\t<h3><strong>Medicina del sue\u00f1o<\/strong><\/h3>\n<p>Diagn\u00f3stico y terapia de las alteraciones y trastornos del sue\u00f1o.<\/p>\n<p>&nbsp;<\/p>\n<p><img loading=\"lazy\" decoding=\"async\" src=\"https:\/\/stomamedical.es\/wp-content\/uploads\/2023\/07\/sleep-specialist-mallorca-300x194.png\" alt=\"\" width=\"300\" height=\"194\" \/><\/p>\n\n","protected":false},"excerpt":{"rendered":"<div class=\"entry-summary\">\n<div class=\"entry-summary\">\nThis text is placed into the page excerpt field. To set the page icon, just add a \u00abcustom_icon\u00bb <a href=\"https:\/\/codex.wordpress.org\/Custom_Fields#Usage\" target=\"_blank\" rel=\"noopener\">custom field<\/a> and set it to desired icon class.\n<\/div>\n<div class=\"link-more\"><a href=\"https:\/\/stomamedical.es\/es\/unidad-del-sueno\" class=\"more-link\">Continue reading<span class=\"screen-reader-text\"> &ldquo;Unidad del sue\u00f1o&rdquo;<\/span>&hellip;<\/a><\/div>\n<\/div>\n<div class=\"link-more\"><a href=\"https:\/\/stomamedical.es\/es\/unidad-del-sueno\" class=\"more-link\">Continue reading<span class=\"screen-reader-text\"> &ldquo;Unidad del sue\u00f1o&rdquo;<\/span>&hellip;<\/a><\/div>\n","protected":false},"author":1,"featured_media":2396,"parent":0,"menu_order":12,"comment_status":"closed","ping_status":"closed","template":"","meta":{"footnotes":""},"class_list":["post-2610","page","type-page","status-publish","has-post-thumbnail","hentry","entry"],"yoast_head":"<!-- This site is optimized with the Yoast SEO plugin v24.7 - https:\/\/yoast.com\/wordpress\/plugins\/seo\/ -->\n<title>Unidad del sue\u00f1o - DR. STOMA MEDICAL CENTER<\/title>\n<meta name=\"robots\" content=\"index, follow, max-snippet:-1, max-image-preview:large, max-video-preview:-1\" \/>\n<link rel=\"canonical\" href=\"https:\/\/stomamedical.es\/es\/unidad-del-sueno\" \/>\n<meta property=\"og:locale\" content=\"es_ES\" \/>\n<meta property=\"og:type\" content=\"article\" \/>\n<meta property=\"og:title\" content=\"Unidad del sue\u00f1o - DR. STOMA MEDICAL CENTER\" \/>\n<meta property=\"og:description\" content=\"This text is placed into the page excerpt field. To set the page icon, just add a &quot;custom_icon&quot; custom field and set it to desired icon class. Continue reading &ldquo;Unidad del sue\u00f1o&rdquo;&hellip;\" \/>\n<meta property=\"og:url\" content=\"https:\/\/stomamedical.es\/es\/unidad-del-sueno\" \/>\n<meta property=\"og:site_name\" content=\"DR. STOMA MEDICAL CENTER\" \/>\n<meta property=\"article:modified_time\" content=\"2024-02-28T09:37:44+00:00\" \/>\n<meta property=\"og:image\" content=\"https:\/\/stomamedical.es\/wp-content\/uploads\/2023\/07\/sleep-specialist-mallorca-1024x663.png\" \/>\n\t<meta property=\"og:image:width\" content=\"1024\" \/>\n\t<meta property=\"og:image:height\" content=\"663\" \/>\n\t<meta property=\"og:image:type\" content=\"image\/png\" \/>\n<meta name=\"twitter:card\" content=\"summary_large_image\" \/>\n<meta name=\"twitter:label1\" content=\"Tiempo de lectura\" \/>\n\t<meta name=\"twitter:data1\" content=\"1 minuto\" \/>\n<script type=\"application\/ld+json\" class=\"yoast-schema-graph\">{\"@context\":\"https:\/\/schema.org\",\"@graph\":[{\"@type\":\"WebPage\",\"@id\":\"https:\/\/stomamedical.es\/es\/unidad-del-sueno\",\"url\":\"https:\/\/stomamedical.es\/es\/unidad-del-sueno\",\"name\":\"Unidad del sue\u00f1o - DR. STOMA MEDICAL CENTER\",\"isPartOf\":{\"@id\":\"https:\/\/stomamedical.es\/es#website\"},\"primaryImageOfPage\":{\"@id\":\"https:\/\/stomamedical.es\/es\/unidad-del-sueno#primaryimage\"},\"image\":{\"@id\":\"https:\/\/stomamedical.es\/es\/unidad-del-sueno#primaryimage\"},\"thumbnailUrl\":\"https:\/\/stomamedical.es\/wp-content\/uploads\/2023\/07\/sleep-specialist-mallorca.png\",\"datePublished\":\"2015-09-23T12:30:00+00:00\",\"dateModified\":\"2024-02-28T09:37:44+00:00\",\"breadcrumb\":{\"@id\":\"https:\/\/stomamedical.es\/es\/unidad-del-sueno#breadcrumb\"},\"inLanguage\":\"es\",\"potentialAction\":[{\"@type\":\"ReadAction\",\"target\":[\"https:\/\/stomamedical.es\/es\/unidad-del-sueno\"]}]},{\"@type\":\"ImageObject\",\"inLanguage\":\"es\",\"@id\":\"https:\/\/stomamedical.es\/es\/unidad-del-sueno#primaryimage\",\"url\":\"https:\/\/stomamedical.es\/wp-content\/uploads\/2023\/07\/sleep-specialist-mallorca.png\",\"contentUrl\":\"https:\/\/stomamedical.es\/wp-content\/uploads\/2023\/07\/sleep-specialist-mallorca.png\",\"width\":2646,\"height\":1714},{\"@type\":\"BreadcrumbList\",\"@id\":\"https:\/\/stomamedical.es\/es\/unidad-del-sueno#breadcrumb\",\"itemListElement\":[{\"@type\":\"ListItem\",\"position\":1,\"name\":\"Home\",\"item\":\"https:\/\/stomamedical.es\/es\"},{\"@type\":\"ListItem\",\"position\":2,\"name\":\"Unidad del sue\u00f1o\"}]},{\"@type\":\"WebSite\",\"@id\":\"https:\/\/stomamedical.es\/es#website\",\"url\":\"https:\/\/stomamedical.es\/es\",\"name\":\"DR. STOMA MEDICAL CENTER\",\"description\":\"INTERNATIONAL MEDICAL CENTER SPECIALIZED IN PREVENTIVE MEDICINE\",\"publisher\":{\"@id\":\"https:\/\/stomamedical.es\/es#organization\"},\"potentialAction\":[{\"@type\":\"SearchAction\",\"target\":{\"@type\":\"EntryPoint\",\"urlTemplate\":\"https:\/\/stomamedical.es\/es?s={search_term_string}\"},\"query-input\":{\"@type\":\"PropertyValueSpecification\",\"valueRequired\":true,\"valueName\":\"search_term_string\"}}],\"inLanguage\":\"es\"},{\"@type\":\"Organization\",\"@id\":\"https:\/\/stomamedical.es\/es#organization\",\"name\":\"DR. STOMA MEDICAL CENTER\",\"url\":\"https:\/\/stomamedical.es\/es\",\"logo\":{\"@type\":\"ImageObject\",\"inLanguage\":\"es\",\"@id\":\"https:\/\/stomamedical.es\/es#\/schema\/logo\/image\/\",\"url\":\"https:\/\/stomamedical.es\/wp-content\/uploads\/2023\/07\/logo-stoma-medical.png\",\"contentUrl\":\"https:\/\/stomamedical.es\/wp-content\/uploads\/2023\/07\/logo-stoma-medical.png\",\"width\":300,\"height\":91,\"caption\":\"DR. STOMA MEDICAL CENTER\"},\"image\":{\"@id\":\"https:\/\/stomamedical.es\/es#\/schema\/logo\/image\/\"}}]}<\/script>\n<!-- \/ Yoast SEO plugin. -->","yoast_head_json":{"title":"Unidad del sue\u00f1o - DR. STOMA MEDICAL CENTER","robots":{"index":"index","follow":"follow","max-snippet":"max-snippet:-1","max-image-preview":"max-image-preview:large","max-video-preview":"max-video-preview:-1"},"canonical":"https:\/\/stomamedical.es\/es\/unidad-del-sueno","og_locale":"es_ES","og_type":"article","og_title":"Unidad del sue\u00f1o - DR. STOMA MEDICAL CENTER","og_description":"This text is placed into the page excerpt field. To set the page icon, just add a \"custom_icon\" custom field and set it to desired icon class. Continue reading &ldquo;Unidad del sue\u00f1o&rdquo;&hellip;","og_url":"https:\/\/stomamedical.es\/es\/unidad-del-sueno","og_site_name":"DR. STOMA MEDICAL CENTER","article_modified_time":"2024-02-28T09:37:44+00:00","og_image":[{"width":1024,"height":663,"url":"https:\/\/stomamedical.es\/wp-content\/uploads\/2023\/07\/sleep-specialist-mallorca-1024x663.png","type":"image\/png"}],"twitter_card":"summary_large_image","twitter_misc":{"Tiempo de lectura":"1 minuto"},"schema":{"@context":"https:\/\/schema.org","@graph":[{"@type":"WebPage","@id":"https:\/\/stomamedical.es\/es\/unidad-del-sueno","url":"https:\/\/stomamedical.es\/es\/unidad-del-sueno","name":"Unidad del sue\u00f1o - DR. STOMA MEDICAL CENTER","isPartOf":{"@id":"https:\/\/stomamedical.es\/es#website"},"primaryImageOfPage":{"@id":"https:\/\/stomamedical.es\/es\/unidad-del-sueno#primaryimage"},"image":{"@id":"https:\/\/stomamedical.es\/es\/unidad-del-sueno#primaryimage"},"thumbnailUrl":"https:\/\/stomamedical.es\/wp-content\/uploads\/2023\/07\/sleep-specialist-mallorca.png","datePublished":"2015-09-23T12:30:00+00:00","dateModified":"2024-02-28T09:37:44+00:00","breadcrumb":{"@id":"https:\/\/stomamedical.es\/es\/unidad-del-sueno#breadcrumb"},"inLanguage":"es","potentialAction":[{"@type":"ReadAction","target":["https:\/\/stomamedical.es\/es\/unidad-del-sueno"]}]},{"@type":"ImageObject","inLanguage":"es","@id":"https:\/\/stomamedical.es\/es\/unidad-del-sueno#primaryimage","url":"https:\/\/stomamedical.es\/wp-content\/uploads\/2023\/07\/sleep-specialist-mallorca.png","contentUrl":"https:\/\/stomamedical.es\/wp-content\/uploads\/2023\/07\/sleep-specialist-mallorca.png","width":2646,"height":1714},{"@type":"BreadcrumbList","@id":"https:\/\/stomamedical.es\/es\/unidad-del-sueno#breadcrumb","itemListElement":[{"@type":"ListItem","position":1,"name":"Home","item":"https:\/\/stomamedical.es\/es"},{"@type":"ListItem","position":2,"name":"Unidad del sue\u00f1o"}]},{"@type":"WebSite","@id":"https:\/\/stomamedical.es\/es#website","url":"https:\/\/stomamedical.es\/es","name":"DR. STOMA MEDICAL CENTER","description":"INTERNATIONAL MEDICAL CENTER SPECIALIZED IN PREVENTIVE MEDICINE","publisher":{"@id":"https:\/\/stomamedical.es\/es#organization"},"potentialAction":[{"@type":"SearchAction","target":{"@type":"EntryPoint","urlTemplate":"https:\/\/stomamedical.es\/es?s={search_term_string}"},"query-input":{"@type":"PropertyValueSpecification","valueRequired":true,"valueName":"search_term_string"}}],"inLanguage":"es"},{"@type":"Organization","@id":"https:\/\/stomamedical.es\/es#organization","name":"DR. STOMA MEDICAL CENTER","url":"https:\/\/stomamedical.es\/es","logo":{"@type":"ImageObject","inLanguage":"es","@id":"https:\/\/stomamedical.es\/es#\/schema\/logo\/image\/","url":"https:\/\/stomamedical.es\/wp-content\/uploads\/2023\/07\/logo-stoma-medical.png","contentUrl":"https:\/\/stomamedical.es\/wp-content\/uploads\/2023\/07\/logo-stoma-medical.png","width":300,"height":91,"caption":"DR. STOMA MEDICAL CENTER"},"image":{"@id":"https:\/\/stomamedical.es\/es#\/schema\/logo\/image\/"}}]}},"_links":{"self":[{"href":"https:\/\/stomamedical.es\/es\/wp-json\/wp\/v2\/pages\/2610","targetHints":{"allow":["GET"]}}],"collection":[{"href":"https:\/\/stomamedical.es\/es\/wp-json\/wp\/v2\/pages"}],"about":[{"href":"https:\/\/stomamedical.es\/es\/wp-json\/wp\/v2\/types\/page"}],"author":[{"embeddable":true,"href":"https:\/\/stomamedical.es\/es\/wp-json\/wp\/v2\/users\/1"}],"replies":[{"embeddable":true,"href":"https:\/\/stomamedical.es\/es\/wp-json\/wp\/v2\/comments?post=2610"}],"version-history":[{"count":5,"href":"https:\/\/stomamedical.es\/es\/wp-json\/wp\/v2\/pages\/2610\/revisions"}],"predecessor-version":[{"id":2879,"href":"https:\/\/stomamedical.es\/es\/wp-json\/wp\/v2\/pages\/2610\/revisions\/2879"}],"wp:featuredmedia":[{"embeddable":true,"href":"https:\/\/stomamedical.es\/es\/wp-json\/wp\/v2\/media\/2396"}],"wp:attachment":[{"href":"https:\/\/stomamedical.es\/es\/wp-json\/wp\/v2\/media?parent=2610"}],"curies":[{"name":"wp","href":"https:\/\/api.w.org\/{rel}","templated":true}]}}