{"id":2608,"date":"2015-09-23T14:29:48","date_gmt":"2015-09-23T12:29:48","guid":{"rendered":"https:\/\/stomamedical.es\/psicologia-y-psiquiatria"},"modified":"2023-09-20T17:07:49","modified_gmt":"2023-09-20T15:07:49","slug":"psicologia-y-psiquiatria","status":"publish","type":"page","link":"https:\/\/stomamedical.es\/es\/psicologia-y-psiquiatria","title":{"rendered":"Psicolog\u00eda y Psiquiatr\u00eda"},"content":{"rendered":"\n\n\t<p>Nuestra Psic\u00f3loga Cl\u00ednica es Patricia, habla ingl\u00e9s\/espa\u00f1ol y trata con adultos, adolescentes y ni\u00f1os.<\/p>\nTambi\u00e9n especializada en los siguientes temas:\n<ul>\n<li dir=\"ltr\">Agorafobia<\/li>\n<li dir=\"ltr\">Duelo patol\u00f3gico.<\/li>\n<li dir=\"ltr\">Ansiedad<\/li>\n<li dir=\"ltr\">Depresi\u00f3n<\/li>\n<li dir=\"ltr\">Desorden de personalidad<\/li>\n<li dir=\"ltr\">Estr\u00e9s<\/li>\n<li dir=\"ltr\">Terapia de pareja<\/li>\n<li dir=\"ltr\">Terapia familiar<\/li>\n<\/ul>\n\n<p>&nbsp;<\/p>\n\t<h3><strong>Habla inglesa<\/strong><\/h3>\nTambi\u00e9n trabajamos en estrecha colaboraci\u00f3n con un equipo de psiquiatras de habla inglesa.\n\n<p>&nbsp;<\/p>\n<p><img loading=\"lazy\" decoding=\"async\" src=\"https:\/\/stomamedical.es\/wp-content\/uploads\/2023\/07\/psychology-and-psychiatry-300x200.jpg\" alt=\"\" width=\"300\" height=\"200\" \/><\/p>\n\t<h2><b>CENTRO M\u00c9DICO DR. STOMA<\/b><\/h2>\n\t<p>Centro m\u00e9dico hol\u00edstico centrado en la prevenci\u00f3n y promoci\u00f3n de la salud.<\/p>\n\n","protected":false},"excerpt":{"rendered":"<div class=\"entry-summary\">\n<div class=\"entry-summary\">\nThis text is placed into the page excerpt field. To set the page icon, just add a \u00abcustom_icon\u00bb <a href=\"https:\/\/codex.wordpress.org\/Custom_Fields#Usage\" target=\"_blank\" rel=\"noopener\">custom field<\/a> and set it to desired icon class.\n<\/div>\n<div class=\"link-more\"><a href=\"https:\/\/stomamedical.es\/es\/psicologia-y-psiquiatria\" class=\"more-link\">Continue reading<span class=\"screen-reader-text\"> &ldquo;Psicolog\u00eda y Psiquiatr\u00eda&rdquo;<\/span>&hellip;<\/a><\/div>\n<\/div>\n<div class=\"link-more\"><a href=\"https:\/\/stomamedical.es\/es\/psicologia-y-psiquiatria\" class=\"more-link\">Continue reading<span class=\"screen-reader-text\"> &ldquo;Psicolog\u00eda y Psiquiatr\u00eda&rdquo;<\/span>&hellip;<\/a><\/div>\n","protected":false},"author":1,"featured_media":2395,"parent":0,"menu_order":11,"comment_status":"closed","ping_status":"closed","template":"","meta":{"footnotes":""},"class_list":["post-2608","page","type-page","status-publish","has-post-thumbnail","hentry","entry"],"yoast_head":"<!-- This site is optimized with the Yoast SEO plugin v24.7 - https:\/\/yoast.com\/wordpress\/plugins\/seo\/ -->\n<title>Psicolog\u00eda y Psiquiatr\u00eda - DR. STOMA MEDICAL CENTER<\/title>\n<meta name=\"robots\" content=\"index, follow, max-snippet:-1, max-image-preview:large, max-video-preview:-1\" \/>\n<link rel=\"canonical\" href=\"https:\/\/stomamedical.es\/es\/psicologia-y-psiquiatria\" \/>\n<meta property=\"og:locale\" content=\"es_ES\" \/>\n<meta property=\"og:type\" content=\"article\" \/>\n<meta property=\"og:title\" content=\"Psicolog\u00eda y Psiquiatr\u00eda - DR. STOMA MEDICAL CENTER\" \/>\n<meta property=\"og:description\" content=\"This text is placed into the page excerpt field. To set the page icon, just add a &quot;custom_icon&quot; custom field and set it to desired icon class. Continue reading &ldquo;Psicolog\u00eda y Psiquiatr\u00eda&rdquo;&hellip;\" \/>\n<meta property=\"og:url\" content=\"https:\/\/stomamedical.es\/es\/psicologia-y-psiquiatria\" \/>\n<meta property=\"og:site_name\" content=\"DR. STOMA MEDICAL CENTER\" \/>\n<meta property=\"article:modified_time\" content=\"2023-09-20T15:07:49+00:00\" \/>\n<meta property=\"og:image\" content=\"https:\/\/stomamedical.es\/wp-content\/uploads\/2023\/07\/psychology-and-psychiatry-scaled.jpg\" \/>\n\t<meta property=\"og:image:width\" content=\"2560\" \/>\n\t<meta property=\"og:image:height\" content=\"1707\" \/>\n\t<meta property=\"og:image:type\" content=\"image\/jpeg\" \/>\n<meta name=\"twitter:card\" content=\"summary_large_image\" \/>\n<script type=\"application\/ld+json\" class=\"yoast-schema-graph\">{\"@context\":\"https:\/\/schema.org\",\"@graph\":[{\"@type\":\"WebPage\",\"@id\":\"https:\/\/stomamedical.es\/es\/psicologia-y-psiquiatria\",\"url\":\"https:\/\/stomamedical.es\/es\/psicologia-y-psiquiatria\",\"name\":\"Psicolog\u00eda y Psiquiatr\u00eda - DR. STOMA MEDICAL CENTER\",\"isPartOf\":{\"@id\":\"https:\/\/stomamedical.es\/es#website\"},\"primaryImageOfPage\":{\"@id\":\"https:\/\/stomamedical.es\/es\/psicologia-y-psiquiatria#primaryimage\"},\"image\":{\"@id\":\"https:\/\/stomamedical.es\/es\/psicologia-y-psiquiatria#primaryimage\"},\"thumbnailUrl\":\"https:\/\/stomamedical.es\/wp-content\/uploads\/2023\/07\/psychology-and-psychiatry-scaled.jpg\",\"datePublished\":\"2015-09-23T12:29:48+00:00\",\"dateModified\":\"2023-09-20T15:07:49+00:00\",\"breadcrumb\":{\"@id\":\"https:\/\/stomamedical.es\/es\/psicologia-y-psiquiatria#breadcrumb\"},\"inLanguage\":\"es\",\"potentialAction\":[{\"@type\":\"ReadAction\",\"target\":[\"https:\/\/stomamedical.es\/es\/psicologia-y-psiquiatria\"]}]},{\"@type\":\"ImageObject\",\"inLanguage\":\"es\",\"@id\":\"https:\/\/stomamedical.es\/es\/psicologia-y-psiquiatria#primaryimage\",\"url\":\"https:\/\/stomamedical.es\/wp-content\/uploads\/2023\/07\/psychology-and-psychiatry-scaled.jpg\",\"contentUrl\":\"https:\/\/stomamedical.es\/wp-content\/uploads\/2023\/07\/psychology-and-psychiatry-scaled.jpg\",\"width\":2560,\"height\":1707},{\"@type\":\"BreadcrumbList\",\"@id\":\"https:\/\/stomamedical.es\/es\/psicologia-y-psiquiatria#breadcrumb\",\"itemListElement\":[{\"@type\":\"ListItem\",\"position\":1,\"name\":\"Home\",\"item\":\"https:\/\/stomamedical.es\/es\"},{\"@type\":\"ListItem\",\"position\":2,\"name\":\"Psicolog\u00eda y Psiquiatr\u00eda\"}]},{\"@type\":\"WebSite\",\"@id\":\"https:\/\/stomamedical.es\/es#website\",\"url\":\"https:\/\/stomamedical.es\/es\",\"name\":\"DR. STOMA MEDICAL CENTER\",\"description\":\"INTERNATIONAL MEDICAL CENTER SPECIALIZED IN PREVENTIVE MEDICINE\",\"publisher\":{\"@id\":\"https:\/\/stomamedical.es\/es#organization\"},\"potentialAction\":[{\"@type\":\"SearchAction\",\"target\":{\"@type\":\"EntryPoint\",\"urlTemplate\":\"https:\/\/stomamedical.es\/es?s={search_term_string}\"},\"query-input\":{\"@type\":\"PropertyValueSpecification\",\"valueRequired\":true,\"valueName\":\"search_term_string\"}}],\"inLanguage\":\"es\"},{\"@type\":\"Organization\",\"@id\":\"https:\/\/stomamedical.es\/es#organization\",\"name\":\"DR. STOMA MEDICAL CENTER\",\"url\":\"https:\/\/stomamedical.es\/es\",\"logo\":{\"@type\":\"ImageObject\",\"inLanguage\":\"es\",\"@id\":\"https:\/\/stomamedical.es\/es#\/schema\/logo\/image\/\",\"url\":\"https:\/\/stomamedical.es\/wp-content\/uploads\/2023\/07\/logo-stoma-medical.png\",\"contentUrl\":\"https:\/\/stomamedical.es\/wp-content\/uploads\/2023\/07\/logo-stoma-medical.png\",\"width\":300,\"height\":91,\"caption\":\"DR. STOMA MEDICAL CENTER\"},\"image\":{\"@id\":\"https:\/\/stomamedical.es\/es#\/schema\/logo\/image\/\"}}]}<\/script>\n<!-- \/ Yoast SEO plugin. -->","yoast_head_json":{"title":"Psicolog\u00eda y Psiquiatr\u00eda - DR. STOMA MEDICAL CENTER","robots":{"index":"index","follow":"follow","max-snippet":"max-snippet:-1","max-image-preview":"max-image-preview:large","max-video-preview":"max-video-preview:-1"},"canonical":"https:\/\/stomamedical.es\/es\/psicologia-y-psiquiatria","og_locale":"es_ES","og_type":"article","og_title":"Psicolog\u00eda y Psiquiatr\u00eda - DR. STOMA MEDICAL CENTER","og_description":"This text is placed into the page excerpt field. To set the page icon, just add a \"custom_icon\" custom field and set it to desired icon class. Continue reading &ldquo;Psicolog\u00eda y Psiquiatr\u00eda&rdquo;&hellip;","og_url":"https:\/\/stomamedical.es\/es\/psicologia-y-psiquiatria","og_site_name":"DR. STOMA MEDICAL CENTER","article_modified_time":"2023-09-20T15:07:49+00:00","og_image":[{"width":2560,"height":1707,"url":"https:\/\/stomamedical.es\/wp-content\/uploads\/2023\/07\/psychology-and-psychiatry-scaled.jpg","type":"image\/jpeg"}],"twitter_card":"summary_large_image","schema":{"@context":"https:\/\/schema.org","@graph":[{"@type":"WebPage","@id":"https:\/\/stomamedical.es\/es\/psicologia-y-psiquiatria","url":"https:\/\/stomamedical.es\/es\/psicologia-y-psiquiatria","name":"Psicolog\u00eda y Psiquiatr\u00eda - DR. STOMA MEDICAL CENTER","isPartOf":{"@id":"https:\/\/stomamedical.es\/es#website"},"primaryImageOfPage":{"@id":"https:\/\/stomamedical.es\/es\/psicologia-y-psiquiatria#primaryimage"},"image":{"@id":"https:\/\/stomamedical.es\/es\/psicologia-y-psiquiatria#primaryimage"},"thumbnailUrl":"https:\/\/stomamedical.es\/wp-content\/uploads\/2023\/07\/psychology-and-psychiatry-scaled.jpg","datePublished":"2015-09-23T12:29:48+00:00","dateModified":"2023-09-20T15:07:49+00:00","breadcrumb":{"@id":"https:\/\/stomamedical.es\/es\/psicologia-y-psiquiatria#breadcrumb"},"inLanguage":"es","potentialAction":[{"@type":"ReadAction","target":["https:\/\/stomamedical.es\/es\/psicologia-y-psiquiatria"]}]},{"@type":"ImageObject","inLanguage":"es","@id":"https:\/\/stomamedical.es\/es\/psicologia-y-psiquiatria#primaryimage","url":"https:\/\/stomamedical.es\/wp-content\/uploads\/2023\/07\/psychology-and-psychiatry-scaled.jpg","contentUrl":"https:\/\/stomamedical.es\/wp-content\/uploads\/2023\/07\/psychology-and-psychiatry-scaled.jpg","width":2560,"height":1707},{"@type":"BreadcrumbList","@id":"https:\/\/stomamedical.es\/es\/psicologia-y-psiquiatria#breadcrumb","itemListElement":[{"@type":"ListItem","position":1,"name":"Home","item":"https:\/\/stomamedical.es\/es"},{"@type":"ListItem","position":2,"name":"Psicolog\u00eda y Psiquiatr\u00eda"}]},{"@type":"WebSite","@id":"https:\/\/stomamedical.es\/es#website","url":"https:\/\/stomamedical.es\/es","name":"DR. STOMA MEDICAL CENTER","description":"INTERNATIONAL MEDICAL CENTER SPECIALIZED IN PREVENTIVE MEDICINE","publisher":{"@id":"https:\/\/stomamedical.es\/es#organization"},"potentialAction":[{"@type":"SearchAction","target":{"@type":"EntryPoint","urlTemplate":"https:\/\/stomamedical.es\/es?s={search_term_string}"},"query-input":{"@type":"PropertyValueSpecification","valueRequired":true,"valueName":"search_term_string"}}],"inLanguage":"es"},{"@type":"Organization","@id":"https:\/\/stomamedical.es\/es#organization","name":"DR. STOMA MEDICAL CENTER","url":"https:\/\/stomamedical.es\/es","logo":{"@type":"ImageObject","inLanguage":"es","@id":"https:\/\/stomamedical.es\/es#\/schema\/logo\/image\/","url":"https:\/\/stomamedical.es\/wp-content\/uploads\/2023\/07\/logo-stoma-medical.png","contentUrl":"https:\/\/stomamedical.es\/wp-content\/uploads\/2023\/07\/logo-stoma-medical.png","width":300,"height":91,"caption":"DR. STOMA MEDICAL CENTER"},"image":{"@id":"https:\/\/stomamedical.es\/es#\/schema\/logo\/image\/"}}]}},"_links":{"self":[{"href":"https:\/\/stomamedical.es\/es\/wp-json\/wp\/v2\/pages\/2608","targetHints":{"allow":["GET"]}}],"collection":[{"href":"https:\/\/stomamedical.es\/es\/wp-json\/wp\/v2\/pages"}],"about":[{"href":"https:\/\/stomamedical.es\/es\/wp-json\/wp\/v2\/types\/page"}],"author":[{"embeddable":true,"href":"https:\/\/stomamedical.es\/es\/wp-json\/wp\/v2\/users\/1"}],"replies":[{"embeddable":true,"href":"https:\/\/stomamedical.es\/es\/wp-json\/wp\/v2\/comments?post=2608"}],"version-history":[{"count":1,"href":"https:\/\/stomamedical.es\/es\/wp-json\/wp\/v2\/pages\/2608\/revisions"}],"predecessor-version":[{"id":2609,"href":"https:\/\/stomamedical.es\/es\/wp-json\/wp\/v2\/pages\/2608\/revisions\/2609"}],"wp:featuredmedia":[{"embeddable":true,"href":"https:\/\/stomamedical.es\/es\/wp-json\/wp\/v2\/media\/2395"}],"wp:attachment":[{"href":"https:\/\/stomamedical.es\/es\/wp-json\/wp\/v2\/media?parent=2608"}],"curies":[{"name":"wp","href":"https:\/\/api.w.org\/{rel}","templated":true}]}}