{"id":2606,"date":"2015-09-23T14:28:20","date_gmt":"2015-09-23T12:28:20","guid":{"rendered":"https:\/\/stomamedical.es\/nutricionista-clinico"},"modified":"2025-06-14T17:34:46","modified_gmt":"2025-06-14T15:34:46","slug":"nutricionista-clinico","status":"publish","type":"page","link":"https:\/\/stomamedical.es\/es\/nutricionista-clinico","title":{"rendered":"Nutricionista Cl\u00ednico"},"content":{"rendered":"\r\n<h2>Sobre nuestro nutricionista cl\u00ednico, Antonio Guerrero<\/h2>\r\n<p>Antonio Guerrero es nuestro Nutricionista Cl\u00ednico. Habla ingl\u00e9s y espa\u00f1ol y es experto en el tratamiento de la obesidad y comorbilidades asociadas.<\/p>\r\n<h3>La filosof\u00eda de Antonio:<\/h3>\r\n<p>Desde que el paciente ingresa a la cl\u00ednica nos convertimos en un equipo, donde mi mayor objetivo no solo es que esa persona pierda peso si es el caso, sino que sea feliz durante el proceso. No quiero que se despierten por la ma\u00f1ana infelices por estar a dieta ese d\u00eda. Quiero que la persona despierte con energ\u00eda y comprometida con el programa dise\u00f1ado para \u00e9l, entendiendo el camino en el que se encuentra y sus objetivos.<\/p>\r\n<p>\u00bfC\u00f3mo llegamos a esa situaci\u00f3n? Individualizando al m\u00e1ximo cada una de las dietas en funci\u00f3n de las costumbres, gustos, horarios, necesidades y picos de hambre de cada paciente. Todos los tratamientos se adaptan al paciente.<\/p>\r\n<p>Hay gente que tiene tiempo para cocinar y le gusta hacerlo, tambi\u00e9n hay gente que no puede, y que no tiene m\u00e1s de 10 minutos para preparar una comida. Adaptamos nuestro programa a las necesidades espec\u00edficas y costumbres del paciente. El objetivo es conseguir el equilibrio nutricional teniendo en cuenta las necesidades, gustos y limitaciones de cada paciente.<\/p>\r\n<p>\u00a1Los nutrientes son esenciales, la comida NO!<\/p>\r\n<h3><strong>\u00bfEstas cansado?<\/strong><\/h3>\r\n<p>\u00bfEst\u00e1s cansado de que te digan que adelgazar significa olvidarte de tu vida social? Disfrutar del fin de semana no est\u00e1 re\u00f1ido con un plan de adelgazamiento (tambi\u00e9n me encanta salir a comer a restaurantes y probar cosas nuevas).<\/p>\r\n<p><img loading=\"lazy\" decoding=\"async\" src=\"https:\/\/stomamedical.es\/wp-content\/uploads\/\/nutricion-300x199.png\" alt=\"\" width=\"300\" height=\"199\" \/><\/p>\r\n<p>&nbsp;<\/p>\r\n<p>\u00bfT\u00fa tambi\u00e9n quieres perder peso pero abandonas la dieta antes de alcanzar tu objetivo o recuperas el peso despu\u00e9s de perderlo? Te ense\u00f1ar\u00e9 a crear un estilo de vida para que esto no vuelva a suceder. Cuando hayamos cumplido nuestros objetivos y salgas por la puerta de la cl\u00ednica, habr\u00e1s aprendido lo necesario para poder seguir un patr\u00f3n saludable durante el resto de tu vida y as\u00ed poder mantener tu peso.<\/p>\r\n<h2><b>CENTRO M\u00c9DICO DR. STOMA<\/b><\/h2>\r\n<p>Centro m\u00e9dico hol\u00edstico centrado en la prevenci\u00f3n y promoci\u00f3n de la salud.<\/p>\r\n","protected":false},"excerpt":{"rendered":"<div class=\"entry-summary\">\n<div class=\"entry-summary\">\nThis text is placed into the page excerpt field. To set the page icon, just add a \u00abcustom_icon\u00bb <a href=\"https:\/\/codex.wordpress.org\/Custom_Fields#Usage\" target=\"_blank\" rel=\"noopener\">custom field<\/a> and set it to desired icon class.\n<\/div>\n<div class=\"link-more\"><a href=\"https:\/\/stomamedical.es\/es\/nutricionista-clinico\" class=\"more-link\">Continue reading<span class=\"screen-reader-text\"> &ldquo;Nutricionista Cl\u00ednico&rdquo;<\/span>&hellip;<\/a><\/div>\n<\/div>\n<div class=\"link-more\"><a href=\"https:\/\/stomamedical.es\/es\/nutricionista-clinico\" class=\"more-link\">Continue reading<span class=\"screen-reader-text\"> &ldquo;Nutricionista Cl\u00ednico&rdquo;<\/span>&hellip;<\/a><\/div>\n","protected":false},"author":1,"featured_media":2388,"parent":0,"menu_order":7,"comment_status":"closed","ping_status":"closed","template":"","meta":{"footnotes":""},"class_list":["post-2606","page","type-page","status-publish","has-post-thumbnail","hentry","entry"],"yoast_head":"<!-- This site is optimized with the Yoast SEO plugin v24.7 - https:\/\/yoast.com\/wordpress\/plugins\/seo\/ -->\n<title>Nutricionista Cl\u00ednico - DR. STOMA MEDICAL CENTER<\/title>\n<meta name=\"robots\" content=\"index, follow, max-snippet:-1, max-image-preview:large, max-video-preview:-1\" \/>\n<link rel=\"canonical\" href=\"https:\/\/stomamedical.es\/es\/nutricionista-clinico\" \/>\n<meta property=\"og:locale\" content=\"es_ES\" \/>\n<meta property=\"og:type\" content=\"article\" \/>\n<meta property=\"og:title\" content=\"Nutricionista Cl\u00ednico - DR. STOMA MEDICAL CENTER\" \/>\n<meta property=\"og:description\" content=\"This text is placed into the page excerpt field. To set the page icon, just add a &quot;custom_icon&quot; custom field and set it to desired icon class. Continue reading &ldquo;Nutricionista Cl\u00ednico&rdquo;&hellip;\" \/>\n<meta property=\"og:url\" content=\"https:\/\/stomamedical.es\/es\/nutricionista-clinico\" \/>\n<meta property=\"og:site_name\" content=\"DR. STOMA MEDICAL CENTER\" \/>\n<meta property=\"article:modified_time\" content=\"2025-06-14T15:34:46+00:00\" \/>\n<meta property=\"og:image\" content=\"https:\/\/stomamedical.es\/wp-content\/uploads\/2023\/06\/clinical-nutrition-calvia.jpg\" \/>\n\t<meta property=\"og:image:width\" content=\"900\" \/>\n\t<meta property=\"og:image:height\" content=\"1350\" \/>\n\t<meta property=\"og:image:type\" content=\"image\/jpeg\" \/>\n<meta name=\"twitter:card\" content=\"summary_large_image\" \/>\n<meta name=\"twitter:label1\" content=\"Tiempo de lectura\" \/>\n\t<meta name=\"twitter:data1\" content=\"2 minutos\" \/>\n<script type=\"application\/ld+json\" class=\"yoast-schema-graph\">{\"@context\":\"https:\/\/schema.org\",\"@graph\":[{\"@type\":\"WebPage\",\"@id\":\"https:\/\/stomamedical.es\/es\/nutricionista-clinico\",\"url\":\"https:\/\/stomamedical.es\/es\/nutricionista-clinico\",\"name\":\"Nutricionista Cl\u00ednico - DR. STOMA MEDICAL CENTER\",\"isPartOf\":{\"@id\":\"https:\/\/stomamedical.es\/es#website\"},\"primaryImageOfPage\":{\"@id\":\"https:\/\/stomamedical.es\/es\/nutricionista-clinico#primaryimage\"},\"image\":{\"@id\":\"https:\/\/stomamedical.es\/es\/nutricionista-clinico#primaryimage\"},\"thumbnailUrl\":\"https:\/\/stomamedical.es\/wp-content\/uploads\/2023\/06\/clinical-nutrition-calvia.jpg\",\"datePublished\":\"2015-09-23T12:28:20+00:00\",\"dateModified\":\"2025-06-14T15:34:46+00:00\",\"breadcrumb\":{\"@id\":\"https:\/\/stomamedical.es\/es\/nutricionista-clinico#breadcrumb\"},\"inLanguage\":\"es\",\"potentialAction\":[{\"@type\":\"ReadAction\",\"target\":[\"https:\/\/stomamedical.es\/es\/nutricionista-clinico\"]}]},{\"@type\":\"ImageObject\",\"inLanguage\":\"es\",\"@id\":\"https:\/\/stomamedical.es\/es\/nutricionista-clinico#primaryimage\",\"url\":\"https:\/\/stomamedical.es\/wp-content\/uploads\/2023\/06\/clinical-nutrition-calvia.jpg\",\"contentUrl\":\"https:\/\/stomamedical.es\/wp-content\/uploads\/2023\/06\/clinical-nutrition-calvia.jpg\",\"width\":900,\"height\":1350},{\"@type\":\"BreadcrumbList\",\"@id\":\"https:\/\/stomamedical.es\/es\/nutricionista-clinico#breadcrumb\",\"itemListElement\":[{\"@type\":\"ListItem\",\"position\":1,\"name\":\"Home\",\"item\":\"https:\/\/stomamedical.es\/es\"},{\"@type\":\"ListItem\",\"position\":2,\"name\":\"Nutricionista Cl\u00ednico\"}]},{\"@type\":\"WebSite\",\"@id\":\"https:\/\/stomamedical.es\/es#website\",\"url\":\"https:\/\/stomamedical.es\/es\",\"name\":\"DR. STOMA MEDICAL CENTER\",\"description\":\"INTERNATIONAL MEDICAL CENTER SPECIALIZED IN PREVENTIVE MEDICINE\",\"publisher\":{\"@id\":\"https:\/\/stomamedical.es\/es#organization\"},\"potentialAction\":[{\"@type\":\"SearchAction\",\"target\":{\"@type\":\"EntryPoint\",\"urlTemplate\":\"https:\/\/stomamedical.es\/es?s={search_term_string}\"},\"query-input\":{\"@type\":\"PropertyValueSpecification\",\"valueRequired\":true,\"valueName\":\"search_term_string\"}}],\"inLanguage\":\"es\"},{\"@type\":\"Organization\",\"@id\":\"https:\/\/stomamedical.es\/es#organization\",\"name\":\"DR. STOMA MEDICAL CENTER\",\"url\":\"https:\/\/stomamedical.es\/es\",\"logo\":{\"@type\":\"ImageObject\",\"inLanguage\":\"es\",\"@id\":\"https:\/\/stomamedical.es\/es#\/schema\/logo\/image\/\",\"url\":\"https:\/\/stomamedical.es\/wp-content\/uploads\/2023\/07\/logo-stoma-medical.png\",\"contentUrl\":\"https:\/\/stomamedical.es\/wp-content\/uploads\/2023\/07\/logo-stoma-medical.png\",\"width\":300,\"height\":91,\"caption\":\"DR. STOMA MEDICAL CENTER\"},\"image\":{\"@id\":\"https:\/\/stomamedical.es\/es#\/schema\/logo\/image\/\"}}]}<\/script>\n<!-- \/ Yoast SEO plugin. -->","yoast_head_json":{"title":"Nutricionista Cl\u00ednico - DR. STOMA MEDICAL CENTER","robots":{"index":"index","follow":"follow","max-snippet":"max-snippet:-1","max-image-preview":"max-image-preview:large","max-video-preview":"max-video-preview:-1"},"canonical":"https:\/\/stomamedical.es\/es\/nutricionista-clinico","og_locale":"es_ES","og_type":"article","og_title":"Nutricionista Cl\u00ednico - DR. STOMA MEDICAL CENTER","og_description":"This text is placed into the page excerpt field. To set the page icon, just add a \"custom_icon\" custom field and set it to desired icon class. Continue reading &ldquo;Nutricionista Cl\u00ednico&rdquo;&hellip;","og_url":"https:\/\/stomamedical.es\/es\/nutricionista-clinico","og_site_name":"DR. STOMA MEDICAL CENTER","article_modified_time":"2025-06-14T15:34:46+00:00","og_image":[{"width":900,"height":1350,"url":"https:\/\/stomamedical.es\/wp-content\/uploads\/2023\/06\/clinical-nutrition-calvia.jpg","type":"image\/jpeg"}],"twitter_card":"summary_large_image","twitter_misc":{"Tiempo de lectura":"2 minutos"},"schema":{"@context":"https:\/\/schema.org","@graph":[{"@type":"WebPage","@id":"https:\/\/stomamedical.es\/es\/nutricionista-clinico","url":"https:\/\/stomamedical.es\/es\/nutricionista-clinico","name":"Nutricionista Cl\u00ednico - DR. STOMA MEDICAL CENTER","isPartOf":{"@id":"https:\/\/stomamedical.es\/es#website"},"primaryImageOfPage":{"@id":"https:\/\/stomamedical.es\/es\/nutricionista-clinico#primaryimage"},"image":{"@id":"https:\/\/stomamedical.es\/es\/nutricionista-clinico#primaryimage"},"thumbnailUrl":"https:\/\/stomamedical.es\/wp-content\/uploads\/2023\/06\/clinical-nutrition-calvia.jpg","datePublished":"2015-09-23T12:28:20+00:00","dateModified":"2025-06-14T15:34:46+00:00","breadcrumb":{"@id":"https:\/\/stomamedical.es\/es\/nutricionista-clinico#breadcrumb"},"inLanguage":"es","potentialAction":[{"@type":"ReadAction","target":["https:\/\/stomamedical.es\/es\/nutricionista-clinico"]}]},{"@type":"ImageObject","inLanguage":"es","@id":"https:\/\/stomamedical.es\/es\/nutricionista-clinico#primaryimage","url":"https:\/\/stomamedical.es\/wp-content\/uploads\/2023\/06\/clinical-nutrition-calvia.jpg","contentUrl":"https:\/\/stomamedical.es\/wp-content\/uploads\/2023\/06\/clinical-nutrition-calvia.jpg","width":900,"height":1350},{"@type":"BreadcrumbList","@id":"https:\/\/stomamedical.es\/es\/nutricionista-clinico#breadcrumb","itemListElement":[{"@type":"ListItem","position":1,"name":"Home","item":"https:\/\/stomamedical.es\/es"},{"@type":"ListItem","position":2,"name":"Nutricionista Cl\u00ednico"}]},{"@type":"WebSite","@id":"https:\/\/stomamedical.es\/es#website","url":"https:\/\/stomamedical.es\/es","name":"DR. STOMA MEDICAL CENTER","description":"INTERNATIONAL MEDICAL CENTER SPECIALIZED IN PREVENTIVE MEDICINE","publisher":{"@id":"https:\/\/stomamedical.es\/es#organization"},"potentialAction":[{"@type":"SearchAction","target":{"@type":"EntryPoint","urlTemplate":"https:\/\/stomamedical.es\/es?s={search_term_string}"},"query-input":{"@type":"PropertyValueSpecification","valueRequired":true,"valueName":"search_term_string"}}],"inLanguage":"es"},{"@type":"Organization","@id":"https:\/\/stomamedical.es\/es#organization","name":"DR. STOMA MEDICAL CENTER","url":"https:\/\/stomamedical.es\/es","logo":{"@type":"ImageObject","inLanguage":"es","@id":"https:\/\/stomamedical.es\/es#\/schema\/logo\/image\/","url":"https:\/\/stomamedical.es\/wp-content\/uploads\/2023\/07\/logo-stoma-medical.png","contentUrl":"https:\/\/stomamedical.es\/wp-content\/uploads\/2023\/07\/logo-stoma-medical.png","width":300,"height":91,"caption":"DR. STOMA MEDICAL CENTER"},"image":{"@id":"https:\/\/stomamedical.es\/es#\/schema\/logo\/image\/"}}]}},"_links":{"self":[{"href":"https:\/\/stomamedical.es\/es\/wp-json\/wp\/v2\/pages\/2606","targetHints":{"allow":["GET"]}}],"collection":[{"href":"https:\/\/stomamedical.es\/es\/wp-json\/wp\/v2\/pages"}],"about":[{"href":"https:\/\/stomamedical.es\/es\/wp-json\/wp\/v2\/types\/page"}],"author":[{"embeddable":true,"href":"https:\/\/stomamedical.es\/es\/wp-json\/wp\/v2\/users\/1"}],"replies":[{"embeddable":true,"href":"https:\/\/stomamedical.es\/es\/wp-json\/wp\/v2\/comments?post=2606"}],"version-history":[{"count":7,"href":"https:\/\/stomamedical.es\/es\/wp-json\/wp\/v2\/pages\/2606\/revisions"}],"predecessor-version":[{"id":3267,"href":"https:\/\/stomamedical.es\/es\/wp-json\/wp\/v2\/pages\/2606\/revisions\/3267"}],"wp:featuredmedia":[{"embeddable":true,"href":"https:\/\/stomamedical.es\/es\/wp-json\/wp\/v2\/media\/2388"}],"wp:attachment":[{"href":"https:\/\/stomamedical.es\/es\/wp-json\/wp\/v2\/media?parent=2606"}],"curies":[{"name":"wp","href":"https:\/\/api.w.org\/{rel}","templated":true}]}}