{"id":2600,"date":"2015-09-23T14:27:18","date_gmt":"2015-09-23T12:27:18","guid":{"rendered":"https:\/\/stomamedical.es\/pruebas-de-laboratorio"},"modified":"2025-09-22T13:47:58","modified_gmt":"2025-09-22T11:47:58","slug":"pruebas-de-laboratorio","status":"publish","type":"page","link":"https:\/\/stomamedical.es\/es\/pruebas-de-laboratorio","title":{"rendered":"CAT\u00c1LOGO DE PRUEBAS DE LABORATORIO"},"content":{"rendered":"\r\n<p>Our laboratory is open <strong>Monday to Thursday, 8:00\u201310:30 AM<\/strong>.<\/p>\r\n<p>We welcome all patients \u2013 registered or not, insured or uninsured.<\/p>\r\n<p><img loading=\"lazy\" decoding=\"async\" class=\"an1\" draggable=\"false\" src=\"https:\/\/fonts.gstatic.com\/s\/e\/notoemoji\/16.0\/2714\/32.png\" alt=\"\u2714\" width=\"20\" height=\"20\" data-emoji=\"\u2714\" aria-label=\"\u2714\" \/>\u00a0No waiting lists \u2013 walk-ins are welcome, but booking is recommended.<br \/><img loading=\"lazy\" decoding=\"async\" class=\"an1\" draggable=\"false\" src=\"https:\/\/fonts.gstatic.com\/s\/e\/notoemoji\/16.0\/2714\/32.png\" alt=\"\u2714\" width=\"21\" height=\"21\" data-emoji=\"\u2714\" aria-label=\"\u2714\" \/>\u00a0Results available in several languages.<br \/><img loading=\"lazy\" decoding=\"async\" class=\"an1\" draggable=\"false\" src=\"https:\/\/fonts.gstatic.com\/s\/e\/notoemoji\/16.0\/2714\/32.png\" alt=\"\u2714\" width=\"20\" height=\"20\" data-emoji=\"\u2714\" aria-label=\"\u2714\" \/>\u00a0Patients always receive their reports directly. Afterwards, they may choose whether to book a results consultation with our specialists for medical interpretation and follow-up.<\/p>\r\n<p>We offer one of the most complete private laboratory catalogues. Below you\u2019ll find our tests grouped by area. If you don\u2019t see the test you need, please ask us \u2014 we work with multiple providers and can arrange almost any test in your language.<\/p>\r\n<ul>\r\n<li>\r\n<p><strong>Digestive<\/strong>: Food intolerance, microbiome gut test, SIBO, Helicobacter pylori, lactose, fructose, sorbitol, celiac disease marker among others<\/p>\r\n<\/li>\r\n<li>\r\n<p><strong>Cardiovascular risk<\/strong>: Full lipid profile, advanced markers, fatty acids, hs-CRP, homocysteine.<\/p>\r\n<\/li>\r\n<li>\r\n<p><strong>Nutrition &amp; Metabolism<\/strong>: Heavy metals &amp; nutrients in hair, vitamins, minerals, amino acids, vegan &amp; vegetarian testing.<\/p>\r\n<\/li>\r\n<li>\r\n<p><strong>Traumatology &amp; Bone health<\/strong>: Osteoporosis profile, calcium, vitamin D.<\/p>\r\n<\/li>\r\n<li>\r\n<p><strong>Healthy Aging &amp; General Health:<\/strong><\/p>\r\n<p>Comprehensive laboratory testing to monitor and optimize overall health, prevent disease, and support longevity.<\/p>\r\n<p>Includes:<\/p>\r\n<ul>\r\n<li>\r\n<p><strong>Full blood, urine, and stool tests<\/strong>\u00a0(general health baseline)<\/p>\r\n<\/li>\r\n<li>\r\n<p><strong>Hormonal panels<\/strong>\u00a0for men and women (thyroid, sex hormones, adrenal function)<\/p>\r\n<\/li>\r\n<li>\r\n<p><strong>Allergy testing<\/strong>\u00a0(environmental, food-related, histamine)<\/p>\r\n<\/li>\r\n<li>\r\n<p><strong>Complete STD\/STI panel<\/strong><\/p>\r\n<\/li>\r\n<li>\r\n<p><strong>Diabetes &amp; metabolism markers<\/strong>\u00a0(glucose, HbA1c, insulin resistance)<\/p>\r\n<\/li>\r\n<li>\r\n<p><strong>Renal &amp; liver function profiles<\/strong><\/p>\r\n<\/li>\r\n<li>\r\n<p><strong>Inflammation and immune markers<\/strong><\/p>\r\n<\/li>\r\n<li>\r\n<p><strong>Vitamin &amp; mineral levels<\/strong>\u00a0(essential micronutrients for aging well)<\/p>\r\n<\/li>\r\n<\/ul>\r\n<\/li>\r\n<li>\r\n<p><strong>Genetics<\/strong>: Full genome testing, genetic risk profiles.<\/p>\r\n<\/li>\r\n<\/ul>\r\n<h2><b>CENTRO M\u00c9DICO DR. STOMA<\/b><\/h2>\r\n<p>Un Centro M\u00e9dico Hol\u00edstico enfocado a la prevenci\u00f3n y promoci\u00f3n de la salud.<\/p>\r\n<h1>Preparativos para las pruebas.<\/h1>\r\n<h2>An\u00e1lisis de sangre<\/h2>\r\n<p>Habitualmente solicitamos a los pacientes que acudan a realizarse an\u00e1lisis de sangre sin haber comido ni bebido nada desde la noche anterior. El agua pura es la \u00fanica excepci\u00f3n.<\/p>\r\n<h2>Pruebas de orina<\/h2>\r\n<p>Trate de retener la orina durante al menos 4 horas antes de recolectarla. Lave y seque sus genitales, comience a orinar y cuando est\u00e9 medio vac\u00edo, recoja unos 60 ml de esta orina \u00aba mitad del chorro\u00bb sin detener el flujo. No toque el borde del recipiente con su \u00e1rea genital. Aseg\u00farese de colocar la tapa firmemente en la botella de muestra.<\/p>\r\n<p><img loading=\"lazy\" decoding=\"async\" src=\"https:\/\/stomamedical.es\/wp-content\/uploads\/2023\/07\/laboratory-448x448.jpg\" alt=\"Pruebas de laboratorio\" width=\"448\" height=\"448\" \/><\/p>\r\n<h2>Sangre oculta en las heces. Recoja una de nuestras bolsas de muestras especiales para esta prueba.<\/h2>\r\n<p>S\u00f3lo se aceptar\u00e1n muestras recolectadas de acuerdo con estas instrucciones.<\/p>\r\n<ul>\r\n<li>Necesitar\u00e1 3 recipientes con tapa roja para muestras de heces.<\/li>\r\n<li>Las muestras de heces deben colocarse en un recipiente limpio.<\/li>\r\n<li>Un envase para cada uno de los 3 d\u00edas.<\/li>\r\n<li>Las muestras de heces deben conservarse en nevera hasta el d\u00eda de la entrega<\/li>\r\n<li>El alcohol, aspirina, antiinflamatorios y otros medicamentos como laxantes pueden dar un falso positivo en la prueba, se deben suprimir 3 d\u00edas antes de la toma de las muestras.<\/li>\r\n<li>Las heces no deben caer al agua ni tocar la taza del inodoro.<\/li>\r\n<li>Puede utilizar papel o un recipiente de pl\u00e1stico (previamente lavado) de comida que no haya contenido carne.<\/li>\r\n<li>No realice esta prueba durante la menstruaci\u00f3n.<\/li>\r\n<li>El mismo d\u00eda que se van a llevar las muestras al laboratorio, se debe sumergir la punta del hisopo del tubo plano con tap\u00f3n verde en una muestra de heces. Desl\u00edcelo vertical y horizontalmente para recoger una peque\u00f1a muestra y luego coloque el hisopo en el tubo plano. Agite el tubo durante unos segundos y col\u00f3quelo en la bolsa verde. Haga lo mismo con las otras dos muestras. Posteriormente entregue estos 3 tubos planos en su bolso al personal del laboratorio lo antes posible (en menos de 24 horas) entre las 8.00 y las 11.00 horas de lunes a viernes, y recuerde llevar consigo la petici\u00f3n del M\u00e9dico.<\/li>\r\n<\/ul>\r\n<h2>Secuenciaci\u00f3n del genoma completo<\/h2>\r\n<p>Nos complace informarle que ahora ofrecemos la secuenciaci\u00f3n del genoma completo a nuestros pacientes. Brindamos este servicio en colaboraci\u00f3n con Veritas.<br \/>Las pruebas que realizamos abarcan todas las etapas de la vida, desde prenatales, reci\u00e9n nacidos, individuos sanos y diagn\u00f3sticos.<br \/>El cribado gen\u00f3mico ayuda a predecir la enfermedad antes de su aparici\u00f3n biol\u00f3gica. Permite planificar una estrategia para prevenir los resultados que las alteraciones gen\u00e9ticas pueden condicionar.<br \/>Sus genes no cambian desde el nacimiento, pero la ciencia lo hace inexorablemente, por lo que la secuenciaci\u00f3n una vez permite interpretaciones y actualizaciones de las interpretaciones a lo largo de la vida (Vida Gen\u00f3mica).<br \/>Las pruebas son cada vez m\u00e1s numerosas a medida que se desarrollan otras nuevas. En la actualidad tenemos:<\/p>\r\n<ul>\r\n<li dir=\"ltr\">+650 Enfermedades con relevancia cl\u00ednica<\/li>\r\n<li dir=\"ltr\">+225 Condiciones del transportista<\/li>\r\n<li dir=\"ltr\">+150 Respuesta a las evaluaciones de medicamentos.<\/li>\r\n<li dir=\"ltr\">+15 Enfermedades multifactoriales<\/li>\r\n<li dir=\"ltr\">+50 Rasgos<\/li>\r\n<li dir=\"ltr\">Ascendencia<\/li>\r\n<li dir=\"ltr\">El 18% de un segmento aleatorio de personas presentaba una condici\u00f3n gen\u00e9tica m\u00e9dicamente procesable que desconoc\u00edan.<\/li>\r\n<li dir=\"ltr\">La secuenciaci\u00f3n del genoma completo, realizada por Veritas, secuencia el genoma completo, que equivale a 4200 o 500 p\u00e1ginas de libros de informaci\u00f3n.<\/li>\r\n<\/ul>\r\n","protected":false},"excerpt":{"rendered":"<div class=\"entry-summary\">\n<div class=\"entry-summary\">\nThis text is placed into the page excerpt field. To set the page icon, just add a \u00abcustom_icon\u00bb <a href=\"https:\/\/codex.wordpress.org\/Custom_Fields#Usage\" target=\"_blank\" rel=\"noopener\">custom field<\/a> and set it to desired icon class.\n<\/div>\n<div class=\"link-more\"><a href=\"https:\/\/stomamedical.es\/es\/pruebas-de-laboratorio\" class=\"more-link\">Continue reading<span class=\"screen-reader-text\"> &ldquo;CAT\u00c1LOGO DE PRUEBAS DE LABORATORIO&rdquo;<\/span>&hellip;<\/a><\/div>\n<\/div>\n<div class=\"link-more\"><a href=\"https:\/\/stomamedical.es\/es\/pruebas-de-laboratorio\" class=\"more-link\">Continue reading<span class=\"screen-reader-text\"> &ldquo;CAT\u00c1LOGO DE PRUEBAS DE LABORATORIO&rdquo;<\/span>&hellip;<\/a><\/div>\n","protected":false},"author":1,"featured_media":2384,"parent":0,"menu_order":5,"comment_status":"closed","ping_status":"closed","template":"","meta":{"footnotes":""},"class_list":["post-2600","page","type-page","status-publish","has-post-thumbnail","hentry","entry"],"yoast_head":"<!-- This site is optimized with the Yoast SEO plugin v24.7 - https:\/\/yoast.com\/wordpress\/plugins\/seo\/ -->\n<title>CAT\u00c1LOGO DE PRUEBAS DE LABORATORIO - DR. STOMA MEDICAL CENTER<\/title>\n<meta name=\"robots\" content=\"index, follow, max-snippet:-1, max-image-preview:large, max-video-preview:-1\" \/>\n<link rel=\"canonical\" href=\"https:\/\/stomamedical.es\/es\/pruebas-de-laboratorio\" \/>\n<meta property=\"og:locale\" content=\"es_ES\" \/>\n<meta property=\"og:type\" content=\"article\" \/>\n<meta property=\"og:title\" content=\"CAT\u00c1LOGO DE PRUEBAS DE LABORATORIO - DR. STOMA MEDICAL CENTER\" \/>\n<meta property=\"og:description\" content=\"This text is placed into the page excerpt field. To set the page icon, just add a &quot;custom_icon&quot; custom field and set it to desired icon class. Continue reading &ldquo;CAT\u00c1LOGO DE PRUEBAS DE LABORATORIO&rdquo;&hellip;\" \/>\n<meta property=\"og:url\" content=\"https:\/\/stomamedical.es\/es\/pruebas-de-laboratorio\" \/>\n<meta property=\"og:site_name\" content=\"DR. STOMA MEDICAL CENTER\" \/>\n<meta property=\"article:modified_time\" content=\"2025-09-22T11:47:58+00:00\" \/>\n<meta property=\"og:image\" content=\"https:\/\/stomamedical.es\/wp-content\/uploads\/2023\/07\/laboratory-200x300.jpg\" \/>\n<meta name=\"twitter:card\" content=\"summary_large_image\" \/>\n<meta name=\"twitter:image\" content=\"https:\/\/stomamedical.es\/wp-content\/uploads\/2023\/07\/laboratory-683x1024.jpg\" \/>\n<meta name=\"twitter:label1\" content=\"Tiempo de lectura\" \/>\n\t<meta name=\"twitter:data1\" content=\"4 minutos\" \/>\n<script type=\"application\/ld+json\" class=\"yoast-schema-graph\">{\"@context\":\"https:\/\/schema.org\",\"@graph\":[{\"@type\":\"WebPage\",\"@id\":\"https:\/\/stomamedical.es\/es\/pruebas-de-laboratorio\",\"url\":\"https:\/\/stomamedical.es\/es\/pruebas-de-laboratorio\",\"name\":\"CAT\u00c1LOGO DE PRUEBAS DE LABORATORIO - DR. STOMA MEDICAL CENTER\",\"isPartOf\":{\"@id\":\"https:\/\/stomamedical.es\/es#website\"},\"primaryImageOfPage\":{\"@id\":\"https:\/\/stomamedical.es\/es\/pruebas-de-laboratorio#primaryimage\"},\"image\":{\"@id\":\"https:\/\/stomamedical.es\/es\/pruebas-de-laboratorio#primaryimage\"},\"thumbnailUrl\":\"https:\/\/stomamedical.es\/wp-content\/uploads\/2023\/06\/laboratory-e1694777291951.jpg\",\"datePublished\":\"2015-09-23T12:27:18+00:00\",\"dateModified\":\"2025-09-22T11:47:58+00:00\",\"breadcrumb\":{\"@id\":\"https:\/\/stomamedical.es\/es\/pruebas-de-laboratorio#breadcrumb\"},\"inLanguage\":\"es\",\"potentialAction\":[{\"@type\":\"ReadAction\",\"target\":[\"https:\/\/stomamedical.es\/es\/pruebas-de-laboratorio\"]}]},{\"@type\":\"ImageObject\",\"inLanguage\":\"es\",\"@id\":\"https:\/\/stomamedical.es\/es\/pruebas-de-laboratorio#primaryimage\",\"url\":\"https:\/\/stomamedical.es\/wp-content\/uploads\/2023\/06\/laboratory-e1694777291951.jpg\",\"contentUrl\":\"https:\/\/stomamedical.es\/wp-content\/uploads\/2023\/06\/laboratory-e1694777291951.jpg\",\"width\":2268,\"height\":1512},{\"@type\":\"BreadcrumbList\",\"@id\":\"https:\/\/stomamedical.es\/es\/pruebas-de-laboratorio#breadcrumb\",\"itemListElement\":[{\"@type\":\"ListItem\",\"position\":1,\"name\":\"Home\",\"item\":\"https:\/\/stomamedical.es\/es\"},{\"@type\":\"ListItem\",\"position\":2,\"name\":\"CAT\u00c1LOGO DE PRUEBAS DE LABORATORIO\"}]},{\"@type\":\"WebSite\",\"@id\":\"https:\/\/stomamedical.es\/es#website\",\"url\":\"https:\/\/stomamedical.es\/es\",\"name\":\"DR. STOMA MEDICAL CENTER\",\"description\":\"INTERNATIONAL MEDICAL CENTER SPECIALIZED IN PREVENTIVE MEDICINE\",\"publisher\":{\"@id\":\"https:\/\/stomamedical.es\/es#organization\"},\"potentialAction\":[{\"@type\":\"SearchAction\",\"target\":{\"@type\":\"EntryPoint\",\"urlTemplate\":\"https:\/\/stomamedical.es\/es?s={search_term_string}\"},\"query-input\":{\"@type\":\"PropertyValueSpecification\",\"valueRequired\":true,\"valueName\":\"search_term_string\"}}],\"inLanguage\":\"es\"},{\"@type\":\"Organization\",\"@id\":\"https:\/\/stomamedical.es\/es#organization\",\"name\":\"DR. STOMA MEDICAL CENTER\",\"url\":\"https:\/\/stomamedical.es\/es\",\"logo\":{\"@type\":\"ImageObject\",\"inLanguage\":\"es\",\"@id\":\"https:\/\/stomamedical.es\/es#\/schema\/logo\/image\/\",\"url\":\"https:\/\/stomamedical.es\/wp-content\/uploads\/2023\/07\/logo-stoma-medical.png\",\"contentUrl\":\"https:\/\/stomamedical.es\/wp-content\/uploads\/2023\/07\/logo-stoma-medical.png\",\"width\":300,\"height\":91,\"caption\":\"DR. STOMA MEDICAL CENTER\"},\"image\":{\"@id\":\"https:\/\/stomamedical.es\/es#\/schema\/logo\/image\/\"}}]}<\/script>\n<!-- \/ Yoast SEO plugin. -->","yoast_head_json":{"title":"CAT\u00c1LOGO DE PRUEBAS DE LABORATORIO - DR. STOMA MEDICAL CENTER","robots":{"index":"index","follow":"follow","max-snippet":"max-snippet:-1","max-image-preview":"max-image-preview:large","max-video-preview":"max-video-preview:-1"},"canonical":"https:\/\/stomamedical.es\/es\/pruebas-de-laboratorio","og_locale":"es_ES","og_type":"article","og_title":"CAT\u00c1LOGO DE PRUEBAS DE LABORATORIO - DR. STOMA MEDICAL CENTER","og_description":"This text is placed into the page excerpt field. To set the page icon, just add a \"custom_icon\" custom field and set it to desired icon class. Continue reading &ldquo;CAT\u00c1LOGO DE PRUEBAS DE LABORATORIO&rdquo;&hellip;","og_url":"https:\/\/stomamedical.es\/es\/pruebas-de-laboratorio","og_site_name":"DR. STOMA MEDICAL CENTER","article_modified_time":"2025-09-22T11:47:58+00:00","og_image":[{"url":"https:\/\/stomamedical.es\/wp-content\/uploads\/2023\/07\/laboratory-200x300.jpg","type":"","width":"","height":""}],"twitter_card":"summary_large_image","twitter_image":"https:\/\/stomamedical.es\/wp-content\/uploads\/2023\/07\/laboratory-683x1024.jpg","twitter_misc":{"Tiempo de lectura":"4 minutos"},"schema":{"@context":"https:\/\/schema.org","@graph":[{"@type":"WebPage","@id":"https:\/\/stomamedical.es\/es\/pruebas-de-laboratorio","url":"https:\/\/stomamedical.es\/es\/pruebas-de-laboratorio","name":"CAT\u00c1LOGO DE PRUEBAS DE LABORATORIO - DR. STOMA MEDICAL CENTER","isPartOf":{"@id":"https:\/\/stomamedical.es\/es#website"},"primaryImageOfPage":{"@id":"https:\/\/stomamedical.es\/es\/pruebas-de-laboratorio#primaryimage"},"image":{"@id":"https:\/\/stomamedical.es\/es\/pruebas-de-laboratorio#primaryimage"},"thumbnailUrl":"https:\/\/stomamedical.es\/wp-content\/uploads\/2023\/06\/laboratory-e1694777291951.jpg","datePublished":"2015-09-23T12:27:18+00:00","dateModified":"2025-09-22T11:47:58+00:00","breadcrumb":{"@id":"https:\/\/stomamedical.es\/es\/pruebas-de-laboratorio#breadcrumb"},"inLanguage":"es","potentialAction":[{"@type":"ReadAction","target":["https:\/\/stomamedical.es\/es\/pruebas-de-laboratorio"]}]},{"@type":"ImageObject","inLanguage":"es","@id":"https:\/\/stomamedical.es\/es\/pruebas-de-laboratorio#primaryimage","url":"https:\/\/stomamedical.es\/wp-content\/uploads\/2023\/06\/laboratory-e1694777291951.jpg","contentUrl":"https:\/\/stomamedical.es\/wp-content\/uploads\/2023\/06\/laboratory-e1694777291951.jpg","width":2268,"height":1512},{"@type":"BreadcrumbList","@id":"https:\/\/stomamedical.es\/es\/pruebas-de-laboratorio#breadcrumb","itemListElement":[{"@type":"ListItem","position":1,"name":"Home","item":"https:\/\/stomamedical.es\/es"},{"@type":"ListItem","position":2,"name":"CAT\u00c1LOGO DE PRUEBAS DE LABORATORIO"}]},{"@type":"WebSite","@id":"https:\/\/stomamedical.es\/es#website","url":"https:\/\/stomamedical.es\/es","name":"DR. STOMA MEDICAL CENTER","description":"INTERNATIONAL MEDICAL CENTER SPECIALIZED IN PREVENTIVE MEDICINE","publisher":{"@id":"https:\/\/stomamedical.es\/es#organization"},"potentialAction":[{"@type":"SearchAction","target":{"@type":"EntryPoint","urlTemplate":"https:\/\/stomamedical.es\/es?s={search_term_string}"},"query-input":{"@type":"PropertyValueSpecification","valueRequired":true,"valueName":"search_term_string"}}],"inLanguage":"es"},{"@type":"Organization","@id":"https:\/\/stomamedical.es\/es#organization","name":"DR. STOMA MEDICAL CENTER","url":"https:\/\/stomamedical.es\/es","logo":{"@type":"ImageObject","inLanguage":"es","@id":"https:\/\/stomamedical.es\/es#\/schema\/logo\/image\/","url":"https:\/\/stomamedical.es\/wp-content\/uploads\/2023\/07\/logo-stoma-medical.png","contentUrl":"https:\/\/stomamedical.es\/wp-content\/uploads\/2023\/07\/logo-stoma-medical.png","width":300,"height":91,"caption":"DR. STOMA MEDICAL CENTER"},"image":{"@id":"https:\/\/stomamedical.es\/es#\/schema\/logo\/image\/"}}]}},"_links":{"self":[{"href":"https:\/\/stomamedical.es\/es\/wp-json\/wp\/v2\/pages\/2600","targetHints":{"allow":["GET"]}}],"collection":[{"href":"https:\/\/stomamedical.es\/es\/wp-json\/wp\/v2\/pages"}],"about":[{"href":"https:\/\/stomamedical.es\/es\/wp-json\/wp\/v2\/types\/page"}],"author":[{"embeddable":true,"href":"https:\/\/stomamedical.es\/es\/wp-json\/wp\/v2\/users\/1"}],"replies":[{"embeddable":true,"href":"https:\/\/stomamedical.es\/es\/wp-json\/wp\/v2\/comments?post=2600"}],"version-history":[{"count":12,"href":"https:\/\/stomamedical.es\/es\/wp-json\/wp\/v2\/pages\/2600\/revisions"}],"predecessor-version":[{"id":3398,"href":"https:\/\/stomamedical.es\/es\/wp-json\/wp\/v2\/pages\/2600\/revisions\/3398"}],"wp:featuredmedia":[{"embeddable":true,"href":"https:\/\/stomamedical.es\/es\/wp-json\/wp\/v2\/media\/2384"}],"wp:attachment":[{"href":"https:\/\/stomamedical.es\/es\/wp-json\/wp\/v2\/media?parent=2600"}],"curies":[{"name":"wp","href":"https:\/\/api.w.org\/{rel}","templated":true}]}}