{"id":2597,"date":"2015-09-23T14:27:42","date_gmt":"2015-09-23T12:27:42","guid":{"rendered":"https:\/\/stomamedical.es\/medicina-preventiva-y-familiar"},"modified":"2025-10-05T11:55:39","modified_gmt":"2025-10-05T09:55:39","slug":"medicina-preventiva-y-familiar","status":"publish","type":"page","link":"https:\/\/stomamedical.es\/es\/medicina-preventiva-y-familiar","title":{"rendered":"Medicina preventiva y familiar"},"content":{"rendered":"\r\n<p>A trav\u00e9s de la Medicina Preventiva nos enfocamos en mantener y promover el bienestar, previniendo enfermedades, discapacidad y muerte prematura. Adem\u00e1s del tratamiento de enfermedades, la promoci\u00f3n de la <u>Educaci\u00f3n para la Salud<\/u> y la implementaci\u00f3n de la Medicina Preventiva son los dos principales objetivos del centro. Desde la perspectiva de la medicina funcional intentamos encontrar la causa del problema y no s\u00f3lo tratar el s\u00edntoma.<\/p>\r\n<p>\u00bbLa atenci\u00f3n sanitaria preventiva consiste en medidas adoptadas para la prevenci\u00f3n de enfermedades. La enfermedad y la discapacidad se ven afectadas por factores ambientales, la predisposici\u00f3n gen\u00e9tica, los agentes causantes de enfermedades y las elecciones de estilo de vida. Se trata de procesos din\u00e1micos que suelen comenzar antes de que los pacientes se den cuenta de que est\u00e1n afectados. La prevenci\u00f3n de enfermedades se basa en acciones de anticipaci\u00f3n, educaci\u00f3n de los pacientes y la educaci\u00f3n constante de los profesionales involucrados en la actividad.<\/p>\r\n<p>Tambi\u00e9n practicamos la medicina familiar, atendiendo a todas las edades: reci\u00e9n nacidos, ni\u00f1os, adultos y personas mayores.<\/p>\r\n<p>Podemos brindarle atenci\u00f3n continua a usted y a su familia durante toda su vida. Tambi\u00e9n atendemos enfermedades cr\u00f3nicas, atenci\u00f3n de emergencias, atenci\u00f3n de salud de la mujer y servicios de educaci\u00f3n para la salud.<\/p>\r\n<p><img loading=\"lazy\" decoding=\"async\" title=\"medicina general 2\" src=\"https:\/\/stomamedical.es\/wp-content\/uploads\/medicina-general-2.png\" alt=\"medicina general 2\" width=\"750\" height=\"750\" \/><\/p>\r\n<h3><img loading=\"lazy\" decoding=\"async\" src=\"https:\/\/stomamedical.es\/wp-content\/uploads\/\/20240716_203118-300x192.jpg\" alt=\"\" width=\"300\" height=\"192\" \/>Apuntes sobre prevenci\u00f3n de enfermedades y promoci\u00f3n de una longevidad de calidad.<\/h3>\r\n<p>Uno de nuestros objetivos es educar a nuestros pacientes para que participen activamente en el mantenimiento y promoci\u00f3n de su salud. Probablemente el sistema m\u00e1s importante que podemos utilizar para lograr esto en la mayor\u00eda de los casos son los ajustes en el estilo de vida.<\/p>\r\n<p>Cuando queremos hacer cambios en nuestra vida lo mejor suele ser hacerlo paso a paso para que los cambios que se est\u00e1n implementando no sean abrumadores y por tanto desalentadores.<\/p>\r\n<p>C\u00c1NCER DE INTESTINO o C\u00c1NCER COLORRECTAL.<\/p>\r\n<p>El c\u00e1ncer colorrectal, tambi\u00e9n conocido como c\u00e1ncer de intestino y c\u00e1ncer de colon, es el desarrollo de c\u00e1ncer en el colon o el recto.<br \/>Es muy tratable y se puede curar en un 90% si se detecta a tiempo.<br \/>Es el c\u00e1ncer m\u00e1s com\u00fan entre hombres y mujeres.<br \/>El coste econ\u00f3mico del c\u00e1ncer colorrectal en Espa\u00f1a se estima en 1.200 millones de euros al a\u00f1o. Si todo el pa\u00eds se hiciera la prueba, el coste ser\u00eda de aproximadamente 70 millones de euros al a\u00f1o.<br \/>El 90% de los nuevos casos se diagnostican en personas mayores de 50 a\u00f1os pero poco a poco empieza a aparecer en personas m\u00e1s j\u00f3venes.<br \/>El diagn\u00f3stico temprano y la prevenci\u00f3n son claramente rentables.<\/p>\r\n<h4>Factores de riesgo:<\/h4>\r\n<p>Los factores de riesgo se pueden dividir en dos grupos: Variables e invariables.<\/p>\r\n<p><strong>Invariables:<\/strong><\/p>\r\n<ul>\r\n<li>Tener m\u00e1s de 50 a\u00f1os. Recuerde que poco a poco se est\u00e1 extendiendo a los grupos de edad m\u00e1s j\u00f3venes.<\/li>\r\n<li>Tener antecedentes personales de p\u00f3lipos en el colon o recto.<\/li>\r\n<li>Tener antecedentes familiares de c\u00e1ncer colorrectal o ciertos tipos de p\u00f3lipos.<\/li>\r\n<li>Algunas enfermedades hereditarias como la poliposis adenomatosa familiar (PAF), el s\u00edndrome de Lynch.<\/li>\r\n<li>Tener una enfermedad inflamatoria intestinal, tambi\u00e9n conocida como Enfermedad Inflamatoria Intestinal (EII), como la Colitis Ulcerosa o la Enfermedad de Crohn.<\/li>\r\n<\/ul>\r\n<p><strong>Variables:<\/strong><\/p>\r\n<ul>\r\n<li>Una dieta rica en carnes rojas y carnes procesadas.<\/li>\r\n<li>Una dieta rica en grasas y baja en fibra.<\/li>\r\n<li>Fumar y beber demasiado alcohol.<\/li>\r\n<li>Tener sobrepeso.<\/li>\r\n<li>La inactividad f\u00edsica.<\/li>\r\n<li>Tener diabetes tipo 2 (generalmente no insulinodependiente).<\/li>\r\n<li>Una dieta baja en frutas y verduras.<\/li>\r\n<li>Hay estudios que sugieren que la deficiencia de vitamina D aumenta la incidencia de c\u00e1ncer de colon y que tambi\u00e9n podr\u00eda tener un impacto negativo en la supervivencia de los pacientes con c\u00e1ncer de colon.<\/li>\r\n<\/ul>\r\n<h2><b>CENTRO M\u00c9DICO DR. STOMA<\/b><\/h2>\r\n<p>Centro m\u00e9dico hol\u00edstico centrado en la prevenci\u00f3n y promoci\u00f3n de la salud.<\/p>\r\n<h3>C\u00c1NCER DE PIEL<\/h3>\r\n<h4>CONCEPTOS B\u00c1SICOS<\/h4>\r\n<ul>\r\n<li>El c\u00e1ncer m\u00e1s frecuente.<\/li>\r\n<li>Entre los m\u00e1s f\u00e1ciles de diagnosticar.<\/li>\r\n<li>Entre los c\u00e1nceres m\u00e1s curables.<\/li>\r\n<li>Con excelente pron\u00f3stico si se detecta a tiempo.<\/li>\r\n<\/ul>\r\n<h4>QUIEN<\/h4>\r\n<ul>\r\n<li>Personas de piel clara.<\/li>\r\n<li>Personas que han tenido y tienen mucha exposici\u00f3n al sol.<\/li>\r\n<li>Personas con antecedentes familiares de c\u00e1ncer de piel.<\/li>\r\n<li>Personas que tuvieron quemaduras solares cuando era ni\u00f1o\/a.<\/li>\r\n<li>Personas con 50 lunares o m\u00e1s.<\/li>\r\n<li>Exposici\u00f3n excesiva a los rayos ultravioleta.<\/li>\r\n<\/ul>\r\n<p><img decoding=\"async\" title=\"skin cancer\" src=\"https:\/\/stomamedical.es\/wp-content\/uploads\/\/skin-cancer-1-448x448.png\" alt=\"skin cancer\" \/> <img loading=\"lazy\" decoding=\"async\" title=\"medicina general\" src=\"https:\/\/stomamedical.es\/wp-content\/uploads\/medicina-general.png\" alt=\"medicina general\" width=\"800\" height=\"626\" \/><\/p>\r\n<h3>SE\u00d1ALES PARA ACTUAR: \u00abABCDEFGHI\u00bb.<\/h3>\r\n<p>Si tienes un lunar que:<\/p>\r\n<p>Es asim\u00e9trico<br \/>Tienes bordes irregulares<br \/>Tiene diferentes colores<br \/>Su di\u00e1metro es mayor de 6mm Est\u00e1 evolucionado<br \/>Siente picaz\u00f3n<br \/>Crece en una cicatriz<br \/>Ha aparecido recientemente<br \/>Sangra intermitentemente<\/p>\r\n<p>entonces haz que lo revisen. Ante la duda consultar siempre.<\/p>\r\n<p>Realice controles corporales totales con regularidad<\/p>\r\n<h2><strong>C\u00c1NCER<\/strong><\/h2>\r\n<p>Cosas que podemos hacer para reducir la incidencia del c\u00e1ncer.<\/p>\r\n<p><strong>1) EVITANDO O LIMITANDO CIERTOS ALIMENTOS:<\/strong><\/p>\r\n<ul>\r\n<li>\r\n<ul>\r\n<li>Carnes procesadas.<\/li>\r\n<li>Carne roja.<\/li>\r\n<li>Comida r\u00e1pida.<\/li>\r\n<li>Alimentos procesados \u200b\u200bricos en grasas de todo tipo.<\/li>\r\n<li>Az\u00facares. Casi todos los alimentos procesados \u200b\u200ben f\u00e1brica contienen az\u00facar.<\/li>\r\n<li>Almidones.<\/li>\r\n<li>Bebidas dulces.<\/li>\r\n<li>Consumo de alcohol.<\/li>\r\n<\/ul>\r\n<\/li>\r\n<\/ul>\r\n<p><strong>2) CONTROLAR EL PESO.<\/strong><br \/>El sobrepeso est\u00e1 relacionado con al menos 12 tipos diferentes de c\u00e1ncer: c\u00e1ncer de ovario, pr\u00f3stata, est\u00f3mago, garganta y boca, recto y colon, c\u00e1ncer de mama en mujeres posmenop\u00e1usicas, ves\u00edcula biliar, ri\u00f1\u00f3n, c\u00e1ncer de es\u00f3fago, p\u00e1ncreas y \u00fatero. <strong>3) ESTAR F\u00cdSICAMENTE ACTIVO.<\/strong><br \/>No se puede subestimar la importancia de la actividad f\u00edsica regular. <strong>4) DIETA ADECUADA.<\/strong><br \/>Trate de consumir una dieta rica en verduras, frutas, cereales integrales y frijoles. Loa alimentos ricos en fibra son tan importantes como los alimentos frescos. Pruebe y obtenga sus nutrientes. <strong>5) AMAMANTAMIENTO<\/strong><br \/>La OMS recomienda que los beb\u00e9s sean amamantados exclusivamente durante los primeros seis meses de vida y luego contin\u00faen hasta los dos a\u00f1os o m\u00e1s, junto con alimentos complementarios adecuados. <strong>6) EVITE EL TABACO.<\/strong><br \/>Fumar puede causar c\u00e1ncer en casi cualquier parte del cuerpo, incluido:<\/p>\r\n<ul>\r\n<li>Sangre (leucemia mieloide aguda)<\/li>\r\n<li>Vejiga<\/li>\r\n<li>Cuello uterino<\/li>\r\n<li>Colon y recto<\/li>\r\n<li>Es\u00f3fago<\/li>\r\n<li>Ri\u00f1\u00f3n y pelvis renal<\/li>\r\n<li>Laringe<\/li>\r\n<li>H\u00edgado<\/li>\r\n<li>Pulmones<\/li>\r\n<li>Boca y garganta<\/li>\r\n<li>Pancreas<\/li>\r\n<li>Est\u00f3mago<\/li>\r\n<li>Tr\u00e1quea, pulm\u00f3n y bronquios.<\/li>\r\n<\/ul>\r\n<p><strong>7) EVITE LA EXPOSICI\u00d3N EXCESIVA AL SOL.<\/strong><\/p>\r\n<h3>CHEQUEOS<\/h3>\r\n<p>Un chequeo no es s\u00f3lo una serie de pruebas y ex\u00e1menes en busca de enfermedades ignoradas, sino que es un buen momento para revisar el estilo de vida de los pacientes, pudiendo as\u00ed detectar a tiempo errores y malos h\u00e1bitos. Su principal objetivo es la prevenci\u00f3n, el diagn\u00f3stico precoz y el mantenimiento.<\/p>\r\n<p>Recomendamos que los controles anuales se inicien a los 13-14 a\u00f1os y el motivo es que queremos detectar precozmente enfermedades, malas tendencias o h\u00e1bitos de vida poco saludables que puedan influir en la calidad y duraci\u00f3n de vida del joven paciente. Al mismo tiempo, queremos educar a los j\u00f3venes para que tengan una buena y abierta relaci\u00f3n con los profesionales de la salud. Deber\u00e1n desarrollar una actitud responsable hacia su salud, para luego educar a sus futuras familias en el uso adecuado de los conocimientos que existen en referencia a la salud y su mantenimiento.<\/p>\r\n<p>Por favor consulte con nuestro personal sobre la organizaci\u00f3n de su chequeo anual.<\/p>\r\n<p>&nbsp;<\/p>\r\n<h3>CAMPA\u00d1A DE DETECCI\u00d3N DE C\u00c1NCER DE INTESTINO<\/h3>\r\n<p>Estamos iniciando una campa\u00f1a de cribado del c\u00e1ncer colorrectal ya que el diagn\u00f3stico precoz es el principal condicionante de los resultados. En Mallorca se diagnostican aproximadamente 850 casos cada a\u00f1o y aquellos diagnosticados tempranamente tendr\u00e1n mejores resultados.<br \/>El 90% de los nuevos casos se diagnostican en personas mayores de 50 a\u00f1os pero poco a poco empieza a aparecer en personas m\u00e1s j\u00f3venes.<\/p>\r\n<h3>FACTORES DE RIESGO:<\/h3>\r\n<p>Tener m\u00e1s de 50 a\u00f1os. Recuerde que se est\u00e1 extendiendo a grupos de edad m\u00e1s j\u00f3venes.<br \/>Tener antecedentes de p\u00f3lipos en el colon o el recto.<br \/>Tener antecedentes familiares de c\u00e1ncer colorrectal o ciertos tipos de p\u00f3lipos.<br \/>Algunas enfermedades hereditarias como la poliposis adenomatosa familiar (PAF), el s\u00edndrome de Lynch.<br \/>Tener una enfermedad inflamatoria intestinal, tambi\u00e9n conocida como Enfermedad Inflamatoria Intestinal (EII), como la Colitis Ulcerosa o la Enfermedad de Crohn.<br \/>Tener sangre en las heces, cambios en los h\u00e1bitos intestinales y en las heces, malestar o dolor abdominal y\/o p\u00e9rdida de peso.<\/p>\r\n","protected":false},"excerpt":{"rendered":"<div class=\"entry-summary\">\n<div class=\"entry-summary\">\nThis text is placed into the page excerpt field. To set the page icon, just add a \u00abcustom_icon\u00bb <a href=\"https:\/\/codex.wordpress.org\/Custom_Fields#Usage\" target=\"_blank\" rel=\"noopener\">custom field<\/a> and set it to desired icon class.\n<\/div>\n<div class=\"link-more\"><a href=\"https:\/\/stomamedical.es\/es\/medicina-preventiva-y-familiar\" class=\"more-link\">Continue reading<span class=\"screen-reader-text\"> &ldquo;Medicina preventiva y familiar&rdquo;<\/span>&hellip;<\/a><\/div>\n<\/div>\n<div class=\"link-more\"><a href=\"https:\/\/stomamedical.es\/es\/medicina-preventiva-y-familiar\" class=\"more-link\">Continue reading<span class=\"screen-reader-text\"> &ldquo;Medicina preventiva y familiar&rdquo;<\/span>&hellip;<\/a><\/div>\n","protected":false},"author":1,"featured_media":2502,"parent":0,"menu_order":4,"comment_status":"closed","ping_status":"closed","template":"","meta":{"footnotes":""},"class_list":["post-2597","page","type-page","status-publish","has-post-thumbnail","hentry","entry"],"yoast_head":"<!-- This site is optimized with the Yoast SEO plugin v24.7 - https:\/\/yoast.com\/wordpress\/plugins\/seo\/ -->\n<title>Medicina preventiva y familiar - DR. STOMA MEDICAL CENTER<\/title>\n<meta name=\"robots\" content=\"index, follow, max-snippet:-1, max-image-preview:large, max-video-preview:-1\" \/>\n<link rel=\"canonical\" href=\"https:\/\/stomamedical.es\/es\/medicina-preventiva-y-familiar\" \/>\n<meta property=\"og:locale\" content=\"es_ES\" \/>\n<meta property=\"og:type\" content=\"article\" \/>\n<meta property=\"og:title\" content=\"Medicina preventiva y familiar - DR. STOMA MEDICAL CENTER\" \/>\n<meta property=\"og:description\" content=\"This text is placed into the page excerpt field. To set the page icon, just add a &quot;custom_icon&quot; custom field and set it to desired icon class. Continue reading &ldquo;Medicina preventiva y familiar&rdquo;&hellip;\" \/>\n<meta property=\"og:url\" content=\"https:\/\/stomamedical.es\/es\/medicina-preventiva-y-familiar\" \/>\n<meta property=\"og:site_name\" content=\"DR. STOMA MEDICAL CENTER\" \/>\n<meta property=\"article:modified_time\" content=\"2025-10-05T09:55:39+00:00\" \/>\n<meta property=\"og:image\" content=\"https:\/\/stomamedical.es\/wp-content\/uploads\/preventive-medicine-1024x436.png\" \/>\n\t<meta property=\"og:image:width\" content=\"1024\" \/>\n\t<meta property=\"og:image:height\" content=\"436\" \/>\n\t<meta property=\"og:image:type\" content=\"image\/png\" \/>\n<meta name=\"twitter:card\" content=\"summary_large_image\" \/>\n<meta name=\"twitter:label1\" content=\"Tiempo de lectura\" \/>\n\t<meta name=\"twitter:data1\" content=\"7 minutos\" \/>\n<script type=\"application\/ld+json\" class=\"yoast-schema-graph\">{\"@context\":\"https:\/\/schema.org\",\"@graph\":[{\"@type\":\"WebPage\",\"@id\":\"https:\/\/stomamedical.es\/es\/medicina-preventiva-y-familiar\",\"url\":\"https:\/\/stomamedical.es\/es\/medicina-preventiva-y-familiar\",\"name\":\"Medicina preventiva y familiar - DR. STOMA MEDICAL CENTER\",\"isPartOf\":{\"@id\":\"https:\/\/stomamedical.es\/es#website\"},\"primaryImageOfPage\":{\"@id\":\"https:\/\/stomamedical.es\/es\/medicina-preventiva-y-familiar#primaryimage\"},\"image\":{\"@id\":\"https:\/\/stomamedical.es\/es\/medicina-preventiva-y-familiar#primaryimage\"},\"thumbnailUrl\":\"https:\/\/stomamedical.es\/wp-content\/uploads\/preventive-medicine.png\",\"datePublished\":\"2015-09-23T12:27:42+00:00\",\"dateModified\":\"2025-10-05T09:55:39+00:00\",\"breadcrumb\":{\"@id\":\"https:\/\/stomamedical.es\/es\/medicina-preventiva-y-familiar#breadcrumb\"},\"inLanguage\":\"es\",\"potentialAction\":[{\"@type\":\"ReadAction\",\"target\":[\"https:\/\/stomamedical.es\/es\/medicina-preventiva-y-familiar\"]}]},{\"@type\":\"ImageObject\",\"inLanguage\":\"es\",\"@id\":\"https:\/\/stomamedical.es\/es\/medicina-preventiva-y-familiar#primaryimage\",\"url\":\"https:\/\/stomamedical.es\/wp-content\/uploads\/preventive-medicine.png\",\"contentUrl\":\"https:\/\/stomamedical.es\/wp-content\/uploads\/preventive-medicine.png\",\"width\":3024,\"height\":1288},{\"@type\":\"BreadcrumbList\",\"@id\":\"https:\/\/stomamedical.es\/es\/medicina-preventiva-y-familiar#breadcrumb\",\"itemListElement\":[{\"@type\":\"ListItem\",\"position\":1,\"name\":\"Home\",\"item\":\"https:\/\/stomamedical.es\/es\"},{\"@type\":\"ListItem\",\"position\":2,\"name\":\"Medicina preventiva y familiar\"}]},{\"@type\":\"WebSite\",\"@id\":\"https:\/\/stomamedical.es\/es#website\",\"url\":\"https:\/\/stomamedical.es\/es\",\"name\":\"DR. STOMA MEDICAL CENTER\",\"description\":\"INTERNATIONAL MEDICAL CENTER SPECIALIZED IN PREVENTIVE MEDICINE\",\"publisher\":{\"@id\":\"https:\/\/stomamedical.es\/es#organization\"},\"potentialAction\":[{\"@type\":\"SearchAction\",\"target\":{\"@type\":\"EntryPoint\",\"urlTemplate\":\"https:\/\/stomamedical.es\/es?s={search_term_string}\"},\"query-input\":{\"@type\":\"PropertyValueSpecification\",\"valueRequired\":true,\"valueName\":\"search_term_string\"}}],\"inLanguage\":\"es\"},{\"@type\":\"Organization\",\"@id\":\"https:\/\/stomamedical.es\/es#organization\",\"name\":\"DR. STOMA MEDICAL CENTER\",\"url\":\"https:\/\/stomamedical.es\/es\",\"logo\":{\"@type\":\"ImageObject\",\"inLanguage\":\"es\",\"@id\":\"https:\/\/stomamedical.es\/es#\/schema\/logo\/image\/\",\"url\":\"https:\/\/stomamedical.es\/wp-content\/uploads\/2023\/07\/logo-stoma-medical.png\",\"contentUrl\":\"https:\/\/stomamedical.es\/wp-content\/uploads\/2023\/07\/logo-stoma-medical.png\",\"width\":300,\"height\":91,\"caption\":\"DR. STOMA MEDICAL CENTER\"},\"image\":{\"@id\":\"https:\/\/stomamedical.es\/es#\/schema\/logo\/image\/\"}}]}<\/script>\n<!-- \/ Yoast SEO plugin. -->","yoast_head_json":{"title":"Medicina preventiva y familiar - DR. STOMA MEDICAL CENTER","robots":{"index":"index","follow":"follow","max-snippet":"max-snippet:-1","max-image-preview":"max-image-preview:large","max-video-preview":"max-video-preview:-1"},"canonical":"https:\/\/stomamedical.es\/es\/medicina-preventiva-y-familiar","og_locale":"es_ES","og_type":"article","og_title":"Medicina preventiva y familiar - DR. STOMA MEDICAL CENTER","og_description":"This text is placed into the page excerpt field. To set the page icon, just add a \"custom_icon\" custom field and set it to desired icon class. Continue reading &ldquo;Medicina preventiva y familiar&rdquo;&hellip;","og_url":"https:\/\/stomamedical.es\/es\/medicina-preventiva-y-familiar","og_site_name":"DR. STOMA MEDICAL CENTER","article_modified_time":"2025-10-05T09:55:39+00:00","og_image":[{"width":1024,"height":436,"url":"https:\/\/stomamedical.es\/wp-content\/uploads\/preventive-medicine-1024x436.png","type":"image\/png"}],"twitter_card":"summary_large_image","twitter_misc":{"Tiempo de lectura":"7 minutos"},"schema":{"@context":"https:\/\/schema.org","@graph":[{"@type":"WebPage","@id":"https:\/\/stomamedical.es\/es\/medicina-preventiva-y-familiar","url":"https:\/\/stomamedical.es\/es\/medicina-preventiva-y-familiar","name":"Medicina preventiva y familiar - DR. STOMA MEDICAL CENTER","isPartOf":{"@id":"https:\/\/stomamedical.es\/es#website"},"primaryImageOfPage":{"@id":"https:\/\/stomamedical.es\/es\/medicina-preventiva-y-familiar#primaryimage"},"image":{"@id":"https:\/\/stomamedical.es\/es\/medicina-preventiva-y-familiar#primaryimage"},"thumbnailUrl":"https:\/\/stomamedical.es\/wp-content\/uploads\/preventive-medicine.png","datePublished":"2015-09-23T12:27:42+00:00","dateModified":"2025-10-05T09:55:39+00:00","breadcrumb":{"@id":"https:\/\/stomamedical.es\/es\/medicina-preventiva-y-familiar#breadcrumb"},"inLanguage":"es","potentialAction":[{"@type":"ReadAction","target":["https:\/\/stomamedical.es\/es\/medicina-preventiva-y-familiar"]}]},{"@type":"ImageObject","inLanguage":"es","@id":"https:\/\/stomamedical.es\/es\/medicina-preventiva-y-familiar#primaryimage","url":"https:\/\/stomamedical.es\/wp-content\/uploads\/preventive-medicine.png","contentUrl":"https:\/\/stomamedical.es\/wp-content\/uploads\/preventive-medicine.png","width":3024,"height":1288},{"@type":"BreadcrumbList","@id":"https:\/\/stomamedical.es\/es\/medicina-preventiva-y-familiar#breadcrumb","itemListElement":[{"@type":"ListItem","position":1,"name":"Home","item":"https:\/\/stomamedical.es\/es"},{"@type":"ListItem","position":2,"name":"Medicina preventiva y familiar"}]},{"@type":"WebSite","@id":"https:\/\/stomamedical.es\/es#website","url":"https:\/\/stomamedical.es\/es","name":"DR. STOMA MEDICAL CENTER","description":"INTERNATIONAL MEDICAL CENTER SPECIALIZED IN PREVENTIVE MEDICINE","publisher":{"@id":"https:\/\/stomamedical.es\/es#organization"},"potentialAction":[{"@type":"SearchAction","target":{"@type":"EntryPoint","urlTemplate":"https:\/\/stomamedical.es\/es?s={search_term_string}"},"query-input":{"@type":"PropertyValueSpecification","valueRequired":true,"valueName":"search_term_string"}}],"inLanguage":"es"},{"@type":"Organization","@id":"https:\/\/stomamedical.es\/es#organization","name":"DR. STOMA MEDICAL CENTER","url":"https:\/\/stomamedical.es\/es","logo":{"@type":"ImageObject","inLanguage":"es","@id":"https:\/\/stomamedical.es\/es#\/schema\/logo\/image\/","url":"https:\/\/stomamedical.es\/wp-content\/uploads\/2023\/07\/logo-stoma-medical.png","contentUrl":"https:\/\/stomamedical.es\/wp-content\/uploads\/2023\/07\/logo-stoma-medical.png","width":300,"height":91,"caption":"DR. STOMA MEDICAL CENTER"},"image":{"@id":"https:\/\/stomamedical.es\/es#\/schema\/logo\/image\/"}}]}},"_links":{"self":[{"href":"https:\/\/stomamedical.es\/es\/wp-json\/wp\/v2\/pages\/2597","targetHints":{"allow":["GET"]}}],"collection":[{"href":"https:\/\/stomamedical.es\/es\/wp-json\/wp\/v2\/pages"}],"about":[{"href":"https:\/\/stomamedical.es\/es\/wp-json\/wp\/v2\/types\/page"}],"author":[{"embeddable":true,"href":"https:\/\/stomamedical.es\/es\/wp-json\/wp\/v2\/users\/1"}],"replies":[{"embeddable":true,"href":"https:\/\/stomamedical.es\/es\/wp-json\/wp\/v2\/comments?post=2597"}],"version-history":[{"count":9,"href":"https:\/\/stomamedical.es\/es\/wp-json\/wp\/v2\/pages\/2597\/revisions"}],"predecessor-version":[{"id":3272,"href":"https:\/\/stomamedical.es\/es\/wp-json\/wp\/v2\/pages\/2597\/revisions\/3272"}],"wp:featuredmedia":[{"embeddable":true,"href":"https:\/\/stomamedical.es\/es\/wp-json\/wp\/v2\/media\/2502"}],"wp:attachment":[{"href":"https:\/\/stomamedical.es\/es\/wp-json\/wp\/v2\/media?parent=2597"}],"curies":[{"name":"wp","href":"https:\/\/api.w.org\/{rel}","templated":true}]}}