{"id":2589,"date":"2023-07-06T18:19:43","date_gmt":"2023-07-06T16:19:43","guid":{"rendered":"https:\/\/stomamedical.es\/nuestros-chequeos-preventivos-completos"},"modified":"2025-10-05T12:09:29","modified_gmt":"2025-10-05T10:09:29","slug":"nuestros-chequeos-preventivos-completos","status":"publish","type":"page","link":"https:\/\/stomamedical.es\/es\/nuestros-chequeos-preventivos-completos","title":{"rendered":"Nuestros chequeos preventivos completos"},"content":{"rendered":"\n\n\t<h4>Sobre los chequeos m\u00e9dicos:<\/h4>\n<h1><b>Protocolo de chequeo anual.<\/b><\/h1>\n<p>Para crear un programa integral de medicina\u00a0 preventiva para cada paciente, generalmente incluimos recomendaciones basadas en la evidencia, adaptadas a la edad, el sexo, antecedentes patologicos, la gen\u00e9tica y m\u00faltiples factores de riesgo.\u00a0Seguimos\u00a0 la ciencia para ofrecer pruebas actualizadas.<\/p>\n\n<h2><b>Pruebas:<\/b><\/h2>\n<p><strong>Presi\u00f3n arterial:<\/strong> Dos veces al a\u00f1o en adultos mayores de 18 a\u00f1os y con mayor frecuencia si el paciente es hipertenso o de alto riesgo.<\/p>\n<p><strong>Evaluaci\u00f3n del \u00edndice de masa corporal<\/strong>: m\u00ednimo una vez al a\u00f1o.<\/p>\n<p><strong>Examen f\u00edsico.<\/strong><\/p>\n<p><strong>An\u00e1lisis de sangre completo:<\/strong> Incluye: marcadores inflamatorios, recuento de gl\u00f3bulos rojos y blancos, evaluaci\u00f3n metab\u00f3lica, funci\u00f3n renal, pruebas hep\u00e1ticas, perfil lip\u00eddico completo, detecci\u00f3n de anemia, evaluaci\u00f3n hormonal y marcadores tumorales (si est\u00e1n indicados).<\/p>\n<p><strong>An\u00e1lisis de orina.<\/strong><\/p>\n<p><strong>Detecci\u00f3n de c\u00e1ncer de colon:<\/strong> Comenzamos a los 24 a\u00f1os con la prueba monoclonal de sangre oculta en heces, que repetimos tres veces para reducir la probabilidad de falsos negativos.<\/p>\n<p>A los 45 a\u00f1os realizamos una primera colonoscopia. El an\u00e1lisis monoclonal de heces se realiza a todos nuestros pacientes durante los a\u00f1os en que no se realiza una colonoscopia.<\/p>\n<p><strong>Revisi\u00f3n cardiol\u00f3gica.<\/strong> Se debe considerar cada 2 a\u00f1os a partir de los 40 a\u00f1os, y anualmente a partir de los 50 si existen factores de riesgo cardiovascular.<\/p>\n<p><strong>Revisi\u00f3n ginecol\u00f3gica.<\/strong><\/p>\n<p><strong>Detecci\u00f3n de c\u00e1ncer de mama.<\/strong> Mamograf\u00eda cada 1-2 a\u00f1os entre los 40 y los 74 a\u00f1os, o antes si existe un alto riesgo.<\/p>\n<p><strong>Detecci\u00f3n de c\u00e1ncer de pulm\u00f3n:<\/strong> Tomograf\u00eda computarizada anual de baja dosis para adultos de 50 a 80 a\u00f1os con antecedentes de tabaquismo de m\u00e1s de 20 paquetes\/a\u00f1o, fumadores actuales o que hayan dejado de fumar en los \u00faltimos 15 a\u00f1os.<\/p>\n<p><strong>Osteoporosis:<\/strong> Mujeres mayores de 65 a\u00f1os, antes si est\u00e1 indicado (por ejemplo, factores de riesgo o posmenop\u00e1usica).<\/p>\n<p><strong>Aneurisma a\u00f3rtico abdominal:<\/strong> Ecograf\u00eda \u00fanica para hombres de 65 a 75 a\u00f1os con antecedentes de tabaquismo.<\/p>\n<p><strong>Visi\u00f3n y audici\u00f3n:<\/strong> Peri\u00f3dicamente, con mayor frecuencia con la edad o la aparici\u00f3n de s\u00edntomas.<\/p>\n\n<h2><strong>Observaciones:<\/strong><\/h2>\n<p>Dado que los problemas relacionados con el colesterol (l\u00edpidos) pueden afectar la salud y la esperanza de vida de una persona desde el nacimiento, cuanto antes se eval\u00faen sus factores de riesgo, mejores ser\u00e1n los resultados. Un infarto no es una enfermedad, sino un evento que suele ocurrir al final de una enfermedad de larga evolucion.<a href=\"https:\/\/stomamedical.es\/es\/lipidologia\">Lipidolog\u00eda<\/a><\/p>\n<p>Adem\u00e1s de las pruebas est\u00e1ndar, ofrecemos una amplia gama de pruebas a nuestros pacientes. Solicite a nuestro personal un listado actualizado. <a href=\"https:\/\/stomamedical.es\/es?module=laboratorio\">Laboratorio<\/a><\/p>\n<p>Una vez realizado el chequeo es posible que el m\u00e9dico les indique que tienen que ser visitados por un especialista o que tiene que hacer una o varias pruebas m\u00e1s<\/p>\n<p>La funci\u00f3n del chequeo es buscar, riesgo, anormalidades o enfermedad en una persona que se encuentra sana o ya conoce las enfermedades activas que tiene y quiere hacer un screening para detectar posibles problemas que ignora y as\u00ed poder actuar temprano sobre ellos.<\/p>\n<strong>Nuestros chequeos se adaptan al paciente, teniendo diferentes modalidades y perfiles, como:<\/strong>\nChequeos de adolescentes y ni\u00f1os<br \/>\nChequeos ajustados seg\u00fan antecedentes familiares y personales<br \/>\nRevisiones especiales para mujeres mayores y menores de 45 a\u00f1os<br \/>\nRevisiones especiales para hombres mayores y menores de 45 a\u00f1os<br \/>\nChequeos especiales para mayores de 75 a\u00f1os<br \/>\nChequeos especiales para veganos y vegetarianos.<br \/>\nRevisiones especiales para problemas digestivos.\n<strong>\u200bPara que los chequeos sean m\u00e1s\u00a0\u00fatiles\u00a0y preventivos conviene realizarlos regularmente. Con m\u00e1s\u00a0joven empecemos, mejores resultados tendremos\u00a0a largo plazo.<\/strong>\n\u00abEl conocimiento no es s\u00f3lo poder, tambi\u00e9n es salud.\u00bb\n<img loading=\"lazy\" decoding=\"async\" src=\"https:\/\/stomamedical.es\/wp-content\/uploads\/\/20250519_141231-225x300.jpg\" alt=\"\" width=\"225\" height=\"300\" \/>\n\t<h3><strong>Nuestros chequeos<\/strong><\/h3>\n<p>Nuestros chequeos se adaptan al paciente, teniendo diferentes modalidades y perfiles.<\/p>\n<p>&nbsp;<\/p>\n<p><img loading=\"lazy\" decoding=\"async\" src=\"https:\/\/stomamedical.es\/wp-content\/uploads\/2023\/06\/medical-center-300x200.jpg\" alt=\"\" width=\"300\" height=\"200\"\/><\/p>\n\t<h2><b>CENTRO M\u00c9DICO DR. STOMA<\/b><\/h2>\n\t<p>Centro m\u00e9dico hol\u00edstico centrado en la prevenci\u00f3n y promoci\u00f3n de la salud.<\/p>\n\n","protected":false},"excerpt":{"rendered":"<div class=\"entry-summary\">\n<div class=\"entry-summary\">\nThis text is placed into the page excerpt field. To set the page icon, just add a \u00abcustom_icon\u00bb <a href=\"https:\/\/codex.wordpress.org\/Custom_Fields#Usage\" target=\"_blank\" rel=\"noopener\">custom field<\/a> and set it to desired icon class.\n<\/div>\n<div class=\"link-more\"><a href=\"https:\/\/stomamedical.es\/es\/nuestros-chequeos-preventivos-completos\" class=\"more-link\">Continue reading<span class=\"screen-reader-text\"> &ldquo;Nuestros chequeos preventivos completos&rdquo;<\/span>&hellip;<\/a><\/div>\n<\/div>\n<div class=\"link-more\"><a href=\"https:\/\/stomamedical.es\/es\/nuestros-chequeos-preventivos-completos\" class=\"more-link\">Continue reading<span class=\"screen-reader-text\"> &ldquo;Nuestros chequeos preventivos completos&rdquo;<\/span>&hellip;<\/a><\/div>\n","protected":false},"author":2,"featured_media":2391,"parent":0,"menu_order":4,"comment_status":"closed","ping_status":"closed","template":"","meta":{"footnotes":""},"class_list":["post-2589","page","type-page","status-publish","has-post-thumbnail","hentry","entry"],"yoast_head":"<!-- This site is optimized with the Yoast SEO plugin v24.7 - https:\/\/yoast.com\/wordpress\/plugins\/seo\/ -->\n<title>Nuestros chequeos preventivos completos - DR. STOMA MEDICAL CENTER<\/title>\n<meta name=\"robots\" content=\"index, follow, max-snippet:-1, max-image-preview:large, max-video-preview:-1\" \/>\n<link rel=\"canonical\" href=\"https:\/\/stomamedical.es\/es\/nuestros-chequeos-preventivos-completos\" \/>\n<meta property=\"og:locale\" content=\"es_ES\" \/>\n<meta property=\"og:type\" content=\"article\" \/>\n<meta property=\"og:title\" content=\"Nuestros chequeos preventivos completos - DR. STOMA MEDICAL CENTER\" \/>\n<meta property=\"og:description\" content=\"This text is placed into the page excerpt field. To set the page icon, just add a &quot;custom_icon&quot; custom field and set it to desired icon class. Continue reading &ldquo;Nuestros chequeos preventivos completos&rdquo;&hellip;\" \/>\n<meta property=\"og:url\" content=\"https:\/\/stomamedical.es\/es\/nuestros-chequeos-preventivos-completos\" \/>\n<meta property=\"og:site_name\" content=\"DR. STOMA MEDICAL CENTER\" \/>\n<meta property=\"article:modified_time\" content=\"2025-10-05T10:09:29+00:00\" \/>\n<meta property=\"og:image\" content=\"https:\/\/stomamedical.es\/wp-content\/uploads\/2023\/06\/medical-center.jpg\" \/>\n\t<meta property=\"og:image:width\" content=\"2268\" \/>\n\t<meta property=\"og:image:height\" content=\"1510\" \/>\n\t<meta property=\"og:image:type\" content=\"image\/jpeg\" \/>\n<meta name=\"twitter:card\" content=\"summary_large_image\" \/>\n<meta name=\"twitter:label1\" content=\"Tiempo de lectura\" \/>\n\t<meta name=\"twitter:data1\" content=\"2 minutos\" \/>\n<script type=\"application\/ld+json\" class=\"yoast-schema-graph\">{\"@context\":\"https:\/\/schema.org\",\"@graph\":[{\"@type\":\"WebPage\",\"@id\":\"https:\/\/stomamedical.es\/es\/nuestros-chequeos-preventivos-completos\",\"url\":\"https:\/\/stomamedical.es\/es\/nuestros-chequeos-preventivos-completos\",\"name\":\"Nuestros chequeos preventivos completos - DR. STOMA MEDICAL CENTER\",\"isPartOf\":{\"@id\":\"https:\/\/stomamedical.es\/es#website\"},\"primaryImageOfPage\":{\"@id\":\"https:\/\/stomamedical.es\/es\/nuestros-chequeos-preventivos-completos#primaryimage\"},\"image\":{\"@id\":\"https:\/\/stomamedical.es\/es\/nuestros-chequeos-preventivos-completos#primaryimage\"},\"thumbnailUrl\":\"https:\/\/stomamedical.es\/wp-content\/uploads\/2023\/06\/medical-center.jpg\",\"datePublished\":\"2023-07-06T16:19:43+00:00\",\"dateModified\":\"2025-10-05T10:09:29+00:00\",\"breadcrumb\":{\"@id\":\"https:\/\/stomamedical.es\/es\/nuestros-chequeos-preventivos-completos#breadcrumb\"},\"inLanguage\":\"es\",\"potentialAction\":[{\"@type\":\"ReadAction\",\"target\":[\"https:\/\/stomamedical.es\/es\/nuestros-chequeos-preventivos-completos\"]}]},{\"@type\":\"ImageObject\",\"inLanguage\":\"es\",\"@id\":\"https:\/\/stomamedical.es\/es\/nuestros-chequeos-preventivos-completos#primaryimage\",\"url\":\"https:\/\/stomamedical.es\/wp-content\/uploads\/2023\/06\/medical-center.jpg\",\"contentUrl\":\"https:\/\/stomamedical.es\/wp-content\/uploads\/2023\/06\/medical-center.jpg\",\"width\":2268,\"height\":1510},{\"@type\":\"BreadcrumbList\",\"@id\":\"https:\/\/stomamedical.es\/es\/nuestros-chequeos-preventivos-completos#breadcrumb\",\"itemListElement\":[{\"@type\":\"ListItem\",\"position\":1,\"name\":\"Home\",\"item\":\"https:\/\/stomamedical.es\/es\"},{\"@type\":\"ListItem\",\"position\":2,\"name\":\"Nuestros chequeos preventivos completos\"}]},{\"@type\":\"WebSite\",\"@id\":\"https:\/\/stomamedical.es\/es#website\",\"url\":\"https:\/\/stomamedical.es\/es\",\"name\":\"DR. STOMA MEDICAL CENTER\",\"description\":\"INTERNATIONAL MEDICAL CENTER SPECIALIZED IN PREVENTIVE MEDICINE\",\"publisher\":{\"@id\":\"https:\/\/stomamedical.es\/es#organization\"},\"potentialAction\":[{\"@type\":\"SearchAction\",\"target\":{\"@type\":\"EntryPoint\",\"urlTemplate\":\"https:\/\/stomamedical.es\/es?s={search_term_string}\"},\"query-input\":{\"@type\":\"PropertyValueSpecification\",\"valueRequired\":true,\"valueName\":\"search_term_string\"}}],\"inLanguage\":\"es\"},{\"@type\":\"Organization\",\"@id\":\"https:\/\/stomamedical.es\/es#organization\",\"name\":\"DR. STOMA MEDICAL CENTER\",\"url\":\"https:\/\/stomamedical.es\/es\",\"logo\":{\"@type\":\"ImageObject\",\"inLanguage\":\"es\",\"@id\":\"https:\/\/stomamedical.es\/es#\/schema\/logo\/image\/\",\"url\":\"https:\/\/stomamedical.es\/wp-content\/uploads\/2023\/07\/logo-stoma-medical.png\",\"contentUrl\":\"https:\/\/stomamedical.es\/wp-content\/uploads\/2023\/07\/logo-stoma-medical.png\",\"width\":300,\"height\":91,\"caption\":\"DR. STOMA MEDICAL CENTER\"},\"image\":{\"@id\":\"https:\/\/stomamedical.es\/es#\/schema\/logo\/image\/\"}}]}<\/script>\n<!-- \/ Yoast SEO plugin. -->","yoast_head_json":{"title":"Nuestros chequeos preventivos completos - DR. STOMA MEDICAL CENTER","robots":{"index":"index","follow":"follow","max-snippet":"max-snippet:-1","max-image-preview":"max-image-preview:large","max-video-preview":"max-video-preview:-1"},"canonical":"https:\/\/stomamedical.es\/es\/nuestros-chequeos-preventivos-completos","og_locale":"es_ES","og_type":"article","og_title":"Nuestros chequeos preventivos completos - DR. STOMA MEDICAL CENTER","og_description":"This text is placed into the page excerpt field. To set the page icon, just add a \"custom_icon\" custom field and set it to desired icon class. Continue reading &ldquo;Nuestros chequeos preventivos completos&rdquo;&hellip;","og_url":"https:\/\/stomamedical.es\/es\/nuestros-chequeos-preventivos-completos","og_site_name":"DR. STOMA MEDICAL CENTER","article_modified_time":"2025-10-05T10:09:29+00:00","og_image":[{"width":2268,"height":1510,"url":"https:\/\/stomamedical.es\/wp-content\/uploads\/2023\/06\/medical-center.jpg","type":"image\/jpeg"}],"twitter_card":"summary_large_image","twitter_misc":{"Tiempo de lectura":"2 minutos"},"schema":{"@context":"https:\/\/schema.org","@graph":[{"@type":"WebPage","@id":"https:\/\/stomamedical.es\/es\/nuestros-chequeos-preventivos-completos","url":"https:\/\/stomamedical.es\/es\/nuestros-chequeos-preventivos-completos","name":"Nuestros chequeos preventivos completos - DR. STOMA MEDICAL CENTER","isPartOf":{"@id":"https:\/\/stomamedical.es\/es#website"},"primaryImageOfPage":{"@id":"https:\/\/stomamedical.es\/es\/nuestros-chequeos-preventivos-completos#primaryimage"},"image":{"@id":"https:\/\/stomamedical.es\/es\/nuestros-chequeos-preventivos-completos#primaryimage"},"thumbnailUrl":"https:\/\/stomamedical.es\/wp-content\/uploads\/2023\/06\/medical-center.jpg","datePublished":"2023-07-06T16:19:43+00:00","dateModified":"2025-10-05T10:09:29+00:00","breadcrumb":{"@id":"https:\/\/stomamedical.es\/es\/nuestros-chequeos-preventivos-completos#breadcrumb"},"inLanguage":"es","potentialAction":[{"@type":"ReadAction","target":["https:\/\/stomamedical.es\/es\/nuestros-chequeos-preventivos-completos"]}]},{"@type":"ImageObject","inLanguage":"es","@id":"https:\/\/stomamedical.es\/es\/nuestros-chequeos-preventivos-completos#primaryimage","url":"https:\/\/stomamedical.es\/wp-content\/uploads\/2023\/06\/medical-center.jpg","contentUrl":"https:\/\/stomamedical.es\/wp-content\/uploads\/2023\/06\/medical-center.jpg","width":2268,"height":1510},{"@type":"BreadcrumbList","@id":"https:\/\/stomamedical.es\/es\/nuestros-chequeos-preventivos-completos#breadcrumb","itemListElement":[{"@type":"ListItem","position":1,"name":"Home","item":"https:\/\/stomamedical.es\/es"},{"@type":"ListItem","position":2,"name":"Nuestros chequeos preventivos completos"}]},{"@type":"WebSite","@id":"https:\/\/stomamedical.es\/es#website","url":"https:\/\/stomamedical.es\/es","name":"DR. STOMA MEDICAL CENTER","description":"INTERNATIONAL MEDICAL CENTER SPECIALIZED IN PREVENTIVE MEDICINE","publisher":{"@id":"https:\/\/stomamedical.es\/es#organization"},"potentialAction":[{"@type":"SearchAction","target":{"@type":"EntryPoint","urlTemplate":"https:\/\/stomamedical.es\/es?s={search_term_string}"},"query-input":{"@type":"PropertyValueSpecification","valueRequired":true,"valueName":"search_term_string"}}],"inLanguage":"es"},{"@type":"Organization","@id":"https:\/\/stomamedical.es\/es#organization","name":"DR. STOMA MEDICAL CENTER","url":"https:\/\/stomamedical.es\/es","logo":{"@type":"ImageObject","inLanguage":"es","@id":"https:\/\/stomamedical.es\/es#\/schema\/logo\/image\/","url":"https:\/\/stomamedical.es\/wp-content\/uploads\/2023\/07\/logo-stoma-medical.png","contentUrl":"https:\/\/stomamedical.es\/wp-content\/uploads\/2023\/07\/logo-stoma-medical.png","width":300,"height":91,"caption":"DR. STOMA MEDICAL CENTER"},"image":{"@id":"https:\/\/stomamedical.es\/es#\/schema\/logo\/image\/"}}]}},"_links":{"self":[{"href":"https:\/\/stomamedical.es\/es\/wp-json\/wp\/v2\/pages\/2589","targetHints":{"allow":["GET"]}}],"collection":[{"href":"https:\/\/stomamedical.es\/es\/wp-json\/wp\/v2\/pages"}],"about":[{"href":"https:\/\/stomamedical.es\/es\/wp-json\/wp\/v2\/types\/page"}],"author":[{"embeddable":true,"href":"https:\/\/stomamedical.es\/es\/wp-json\/wp\/v2\/users\/2"}],"replies":[{"embeddable":true,"href":"https:\/\/stomamedical.es\/es\/wp-json\/wp\/v2\/comments?post=2589"}],"version-history":[{"count":13,"href":"https:\/\/stomamedical.es\/es\/wp-json\/wp\/v2\/pages\/2589\/revisions"}],"predecessor-version":[{"id":3409,"href":"https:\/\/stomamedical.es\/es\/wp-json\/wp\/v2\/pages\/2589\/revisions\/3409"}],"wp:featuredmedia":[{"embeddable":true,"href":"https:\/\/stomamedical.es\/es\/wp-json\/wp\/v2\/media\/2391"}],"wp:attachment":[{"href":"https:\/\/stomamedical.es\/es\/wp-json\/wp\/v2\/media?parent=2589"}],"curies":[{"name":"wp","href":"https:\/\/api.w.org\/{rel}","templated":true}]}}